{"id":1570,"date":"2025-05-02T13:50:52","date_gmt":"2025-05-02T17:50:52","guid":{"rendered":"https:\/\/gombergdalfen.ca\/?page_id=1570"},"modified":"2026-03-18T15:26:49","modified_gmt":"2026-03-18T19:26:49","slug":"kiana-soria-dadson","status":"publish","type":"page","link":"https:\/\/gombergdalfen.ca\/es\/abogados\/kiana-soria-dadson\/","title":{"rendered":"Kiana Soria-Dadson\u00a0"},"content":{"rendered":"\t\t<div data-elementor-type=\"wp-page\" data-elementor-id=\"1570\" class=\"elementor elementor-1570\">\n\t\t\t\t\t\t<section class=\"elementor-section elementor-top-section elementor-element elementor-element-a720b7e elementor-section-stretched elementor-section-full_width elementor-section-height-min-height elementor-section-content-middle elementor-section-height-default elementor-section-items-middle\" data-id=\"a720b7e\" data-element_type=\"section\" data-settings=\"{&quot;stretch_section&quot;:&quot;section-stretched&quot;,&quot;background_background&quot;:&quot;classic&quot;}\">\n\t\t\t\t\t\t<div class=\"elementor-container elementor-column-gap-default\">\n\t\t\t\t\t<div class=\"elementor-column elementor-col-100 elementor-top-column elementor-element elementor-element-080bb71\" data-id=\"080bb71\" data-element_type=\"column\" data-settings=\"{&quot;background_background&quot;:&quot;classic&quot;}\">\n\t\t\t<div class=\"elementor-widget-wrap elementor-element-populated\">\n\t\t\t\t\t\t<div class=\"elementor-element elementor-element-2d20e8f elementor-widget elementor-widget-heading\" data-id=\"2d20e8f\" data-element_type=\"widget\" data-widget_type=\"heading.default\">\n\t\t\t\t<div class=\"elementor-widget-container\">\n\t\t\t\t\t<h1 class=\"elementor-heading-title elementor-size-default\">Nuestros abogados<\/h1>\t\t\t\t<\/div>\n\t\t\t\t<\/div>\n\t\t\t\t<section class=\"elementor-section elementor-inner-section elementor-element elementor-element-bab4811 elementor-section-boxed elementor-section-height-default elementor-section-height-default\" data-id=\"bab4811\" data-element_type=\"section\">\n\t\t\t\t\t\t<div class=\"elementor-container elementor-column-gap-default\">\n\t\t\t\t\t<div class=\"elementor-column elementor-col-100 elementor-inner-column elementor-element elementor-element-2f2fec3\" data-id=\"2f2fec3\" data-element_type=\"column\">\n\t\t\t<div class=\"elementor-widget-wrap elementor-element-populated\">\n\t\t\t\t\t\t<div class=\"elementor-element elementor-element-1fcbb5e elementor-widget elementor-widget-text-editor\" data-id=\"1fcbb5e\" data-element_type=\"widget\" data-widget_type=\"text-editor.default\">\n\t\t\t\t<div class=\"elementor-widget-container\">\n\t\t\t\t\t\t\t\t\t<p style=\"text-align: center;\">\u00c9xito a trav\u00e9s de la dedicaci\u00f3n, el compromiso y el conocimiento.<\/p>\t\t\t\t\t\t\t\t<\/div>\n\t\t\t\t<\/div>\n\t\t\t\t\t<\/div>\n\t\t<\/div>\n\t\t\t\t\t<\/div>\n\t\t<\/section>\n\t\t\t\t\t<\/div>\n\t\t<\/div>\n\t\t\t\t\t<\/div>\n\t\t<\/section>\n\t\t\t\t<section class=\"elementor-section elementor-top-section elementor-element elementor-element-43fdb79 elementor-section-boxed elementor-section-height-default elementor-section-height-default\" data-id=\"43fdb79\" data-element_type=\"section\">\n\t\t\t\t\t\t<div class=\"elementor-container elementor-column-gap-wider\">\n\t\t\t\t\t<div class=\"elementor-column elementor-col-50 elementor-top-column elementor-element elementor-element-0bbddec\" data-id=\"0bbddec\" data-element_type=\"column\">\n\t\t\t<div class=\"elementor-widget-wrap elementor-element-populated\">\n\t\t\t\t\t\t<div class=\"elementor-element elementor-element-974296a elementor-widget elementor-widget-heading\" data-id=\"974296a\" data-element_type=\"widget\" data-widget_type=\"heading.default\">\n\t\t\t\t<div class=\"elementor-widget-container\">\n\t\t\t\t\t<h1 class=\"elementor-heading-title elementor-size-default\">Kiana Soria-Dadson <\/h1>\t\t\t\t<\/div>\n\t\t\t\t<\/div>\n\t\t\t\t<div class=\"elementor-element elementor-element-3944ec9 elementor-widget-divider--view-line elementor-widget elementor-widget-divider\" data-id=\"3944ec9\" data-element_type=\"widget\" data-widget_type=\"divider.default\">\n\t\t\t\t<div class=\"elementor-widget-container\">\n\t\t\t\t\t\t\t<div class=\"elementor-divider\">\n\t\t\t<span class=\"elementor-divider-separator\">\n\t\t\t\t\t\t<\/span>\n\t\t<\/div>\n\t\t\t\t\t\t<\/div>\n\t\t\t\t<\/div>\n\t\t\t\t<div class=\"elementor-element elementor-element-afcc978 elementor-widget elementor-widget-image\" data-id=\"afcc978\" data-element_type=\"widget\" data-widget_type=\"image.default\">\n\t\t\t\t<div class=\"elementor-widget-container\">\n\t\t\t\t\t\t\t\t\t\t\t\t\t\t\t<img decoding=\"async\" src=\"https:\/\/gombergdalfen.ca\/wp-content\/uploads\/elementor\/thumbs\/kiana-soria-dadson-r587m2yzsbi1gg027ti3o5sn5fwtcphc3lb8lssgps.jpg\" title=\"kiana-soria-dadson\" alt=\"kiana-soria-dadson\" loading=\"lazy\" \/>\t\t\t\t\t\t\t\t\t\t\t\t\t\t\t<\/div>\n\t\t\t\t<\/div>\n\t\t\t\t<div class=\"elementor-element elementor-element-552b250 elementor-widget elementor-widget-text-editor\" data-id=\"552b250\" data-element_type=\"widget\" data-widget_type=\"text-editor.default\">\n\t\t\t\t<div class=\"elementor-widget-container\">\n\t\t\t\t\t\t\t\t\t<p><strong>L\u00ednea directa:<br \/><\/strong>(514) 845-0991 ext. 231<\/p><p><strong>Correo electr\u00f3nico:<\/strong><br \/><a href=\"mailto:ksoria-dadson@gombergdalfen.ca\">ksoria-dadson@gombergdalfen.ca<\/a><\/p><p><strong>Fax:<\/strong><br \/>(514) 845-1559<\/p>\t\t\t\t\t\t\t\t<\/div>\n\t\t\t\t<\/div>\n\t\t\t\t\t<\/div>\n\t\t<\/div>\n\t\t\t\t<div class=\"elementor-column elementor-col-50 elementor-top-column elementor-element elementor-element-96d6750\" data-id=\"96d6750\" data-element_type=\"column\">\n\t\t\t<div class=\"elementor-widget-wrap elementor-element-populated\">\n\t\t\t\t\t\t<div class=\"elementor-element elementor-element-e5fa0d2 elementor-widget elementor-widget-heading\" data-id=\"e5fa0d2\" data-element_type=\"widget\" data-widget_type=\"heading.default\">\n\t\t\t\t<div class=\"elementor-widget-container\">\n\t\t\t\t\t<h1 class=\"elementor-heading-title elementor-size-default\">Biograf\u00eda<\/h1>\t\t\t\t<\/div>\n\t\t\t\t<\/div>\n\t\t\t\t<div class=\"elementor-element elementor-element-fe41311 elementor-widget-divider--view-line elementor-widget elementor-widget-divider\" data-id=\"fe41311\" data-element_type=\"widget\" data-widget_type=\"divider.default\">\n\t\t\t\t<div class=\"elementor-widget-container\">\n\t\t\t\t\t\t\t<div class=\"elementor-divider\">\n\t\t\t<span class=\"elementor-divider-separator\">\n\t\t\t\t\t\t<\/span>\n\t\t<\/div>\n\t\t\t\t\t\t<\/div>\n\t\t\t\t<\/div>\n\t\t\t\t<div class=\"elementor-element elementor-element-ae6ce36 elementor-widget elementor-widget-text-editor\" data-id=\"ae6ce36\" data-element_type=\"widget\" data-widget_type=\"text-editor.default\">\n\t\t\t\t<div class=\"elementor-widget-container\">\n\t\t\t\t\t\t\t\t\t<p>Kiana Soria-Dadson se incorpor\u00f3 a Gomberg Dalfen en marzo de 2026 tras completar ahi su pasant\u00eda del Colegio de Abogados de Quebec.<\/p><p>Kiana tiene una licenciatura con honores (Literatura Inglesa, con una especializaci\u00f3n secundaria en Derecho y Sociedad), de la Universidad de Concordia. Durante sus estudios, form\u00f3 parte de la Junta Judicial del Sindicato de Estudiantes de Concordia. Kiana obtuvo su licenciatura en Derecho (LL.B.) en la Universidad de Montreal en 2024.<\/p><p>A lo largo de su carrera acad\u00e9mica, Kiana adquiri\u00f3 experiencia pr\u00e1ctica en derecho de inmigraci\u00f3n como estudiante en pr\u00e1cticas y asistente de investigaci\u00f3n durante sus estudios de Derecho.<\/p><p>La atenci\u00f3n, la capacidad para conectar con los clientes y la actitud positiva de Kiana siguen marcando cada interacci\u00f3n.<\/p><p>Kiana habla ingl\u00e9s y franc\u00e9s con fluidez.<\/p><p><strong>A\u00d1O DE CONVOCATORIA<br \/><\/strong>Colegio de Abogados de Quebec, 2026<\/p><p><strong>ESTUDIOS DE DERECHO<br \/><\/strong>LL.B., Universidad de Montreal, 2024<\/p><div><p><strong><span lang=\"es-419\">EDUCACI\u00d3N<br \/><\/span><\/strong>B. A. (Honores), Universidad Concordia, 2020<\/p><\/div><p><strong>MEMBRES\u00cdAS Y ACTIVIDADES<\/strong><\/p><ul><li>Asociaci\u00f3n Canadiense de Abogados, Secci\u00f3n de Derecho de Inmigraci\u00f3n y de Ciudadan\u00eda<\/li><li>Asociaci\u00f3n Canadiense de Abogados en Inmigraci\u00f3n<\/li><li>Asociaci\u00f3n de Abogados y Abogadas en Inmigraci\u00f3n de Quebec<\/li><\/ul>\t\t\t\t\t\t\t\t<\/div>\n\t\t\t\t<\/div>\n\t\t\t\t\t<\/div>\n\t\t<\/div>\n\t\t\t\t\t<\/div>\n\t\t<\/section>\n\t\t\t\t<\/div>\n\t\t","protected":false},"excerpt":{"rendered":"<p>Nuestros abogados \u00c9xito a trav\u00e9s de la dedicaci\u00f3n, el compromiso y el conocimiento. Kiana Soria-Dadson L\u00ednea directa:(514) 845-0991 ext. 231 Correo electr\u00f3nico:ksoria-dadson@gombergdalfen.ca Fax:(514) 845-1559 Biograf\u00eda Kiana Soria-Dadson se incorpor\u00f3 a Gomberg Dalfen en marzo de 2026 tras completar ahi su pasant\u00eda del Colegio de Abogados de Quebec. Kiana tiene una licenciatura con honores (Literatura Inglesa, [&hellip;]<\/p>\n","protected":false},"author":3,"featured_media":0,"parent":330,"menu_order":0,"comment_status":"closed","ping_status":"closed","template":"","meta":{"_acf_changed":false,"footnotes":""},"class_list":["post-1570","page","type-page","status-publish","hentry"],"acf":[],"yoast_head":"<!-- This site is optimized with the Yoast SEO plugin v27.3 - https:\/\/yoast.com\/product\/yoast-seo-wordpress\/ -->\n<title>Kiana Soria-Dadson<\/title>\n<meta name=\"description\" content=\"Kiana Soria-Dadson se unir\u00e1 a Gomberg Dalfen como pasante en el verano de 2025.\" \/>\n<meta name=\"robots\" content=\"index, follow, max-snippet:-1, max-image-preview:large, max-video-preview:-1\" \/>\n<link rel=\"canonical\" href=\"https:\/\/gombergdalfen.ca\/lawyers\/kiana-soria-dadson\/\" \/>\n<meta property=\"og:locale\" content=\"es_ES\" \/>\n<meta property=\"og:type\" content=\"article\" \/>\n<meta property=\"og:title\" content=\"Kiana Soria-Dadson\" \/>\n<meta property=\"og:description\" content=\"Kiana Soria-Dadson se unir\u00e1 a Gomberg Dalfen como pasante en el verano de 2025.\" \/>\n<meta property=\"og:url\" content=\"https:\/\/gombergdalfen.ca\/lawyers\/kiana-soria-dadson\/\" \/>\n<meta property=\"og:site_name\" content=\"Gomberg Dalfen S.E.N.C.\" \/>\n<meta property=\"article:modified_time\" content=\"2026-03-18T19:26:49+00:00\" \/>\n<meta property=\"og:image\" content=\"https:\/\/gombergdalfen.ca\/wp-content\/uploads\/elementor\/thumbs\/kiana-soria-dadson-r587m2yzsbi1gg027ti3o5sn5fwtcphc3lb8lssgps.jpg\" \/>\n<meta name=\"twitter:card\" content=\"summary_large_image\" \/>\n<meta name=\"twitter:label1\" content=\"Tiempo de lectura\" \/>\n\t<meta name=\"twitter:data1\" content=\"1 minuto\" \/>\n<script type=\"application\/ld+json\" class=\"yoast-schema-graph\">{\"@context\":\"https:\\\/\\\/schema.org\",\"@graph\":[{\"@type\":\"WebPage\",\"@id\":\"https:\\\/\\\/gombergdalfen.ca\\\/lawyers\\\/kiana-soria-dadson\\\/\",\"url\":\"https:\\\/\\\/gombergdalfen.ca\\\/lawyers\\\/kiana-soria-dadson\\\/\",\"name\":\"Kiana Soria-Dadson\",\"isPartOf\":{\"@id\":\"https:\\\/\\\/gombergdalfen.ca\\\/#website\"},\"primaryImageOfPage\":{\"@id\":\"https:\\\/\\\/gombergdalfen.ca\\\/lawyers\\\/kiana-soria-dadson\\\/#primaryimage\"},\"image\":{\"@id\":\"https:\\\/\\\/gombergdalfen.ca\\\/lawyers\\\/kiana-soria-dadson\\\/#primaryimage\"},\"thumbnailUrl\":\"https:\\\/\\\/gombergdalfen.ca\\\/wp-content\\\/uploads\\\/elementor\\\/thumbs\\\/kiana-soria-dadson-r587m2yzsbi1gg027ti3o5sn5fwtcphc3lb8lssgps.jpg\",\"datePublished\":\"2025-05-02T17:50:52+00:00\",\"dateModified\":\"2026-03-18T19:26:49+00:00\",\"description\":\"Kiana Soria-Dadson se unir\u00e1 a Gomberg Dalfen como pasante en el verano de 2025.\",\"breadcrumb\":{\"@id\":\"https:\\\/\\\/gombergdalfen.ca\\\/lawyers\\\/kiana-soria-dadson\\\/#breadcrumb\"},\"inLanguage\":\"es\",\"potentialAction\":[{\"@type\":\"ReadAction\",\"target\":[\"https:\\\/\\\/gombergdalfen.ca\\\/lawyers\\\/kiana-soria-dadson\\\/\"]}]},{\"@type\":\"ImageObject\",\"inLanguage\":\"es\",\"@id\":\"https:\\\/\\\/gombergdalfen.ca\\\/lawyers\\\/kiana-soria-dadson\\\/#primaryimage\",\"url\":\"https:\\\/\\\/gombergdalfen.ca\\\/wp-content\\\/uploads\\\/elementor\\\/thumbs\\\/kiana-soria-dadson-r587m2yzsbi1gg027ti3o5sn5fwtcphc3lb8lssgps.jpg\",\"contentUrl\":\"https:\\\/\\\/gombergdalfen.ca\\\/wp-content\\\/uploads\\\/elementor\\\/thumbs\\\/kiana-soria-dadson-r587m2yzsbi1gg027ti3o5sn5fwtcphc3lb8lssgps.jpg\"},{\"@type\":\"BreadcrumbList\",\"@id\":\"https:\\\/\\\/gombergdalfen.ca\\\/lawyers\\\/kiana-soria-dadson\\\/#breadcrumb\",\"itemListElement\":[{\"@type\":\"ListItem\",\"position\":1,\"name\":\"Home\",\"item\":\"https:\\\/\\\/gombergdalfen.ca\\\/es\\\/\"},{\"@type\":\"ListItem\",\"position\":2,\"name\":\"Abogados\",\"item\":\"https:\\\/\\\/gombergdalfen.ca\\\/es\\\/abogados\\\/\"},{\"@type\":\"ListItem\",\"position\":3,\"name\":\"Kiana Soria-Dadson\u00a0\"}]},{\"@type\":\"WebSite\",\"@id\":\"https:\\\/\\\/gombergdalfen.ca\\\/#website\",\"url\":\"https:\\\/\\\/gombergdalfen.ca\\\/\",\"name\":\"Gomberg Dalfen S.E.N.C.\",\"description\":\"Ley de inmigracion\",\"publisher\":{\"@id\":\"https:\\\/\\\/gombergdalfen.ca\\\/#organization\"},\"potentialAction\":[{\"@type\":\"SearchAction\",\"target\":{\"@type\":\"EntryPoint\",\"urlTemplate\":\"https:\\\/\\\/gombergdalfen.ca\\\/?s={search_term_string}\"},\"query-input\":{\"@type\":\"PropertyValueSpecification\",\"valueRequired\":true,\"valueName\":\"search_term_string\"}}],\"inLanguage\":\"es\"},{\"@type\":\"Organization\",\"@id\":\"https:\\\/\\\/gombergdalfen.ca\\\/#organization\",\"name\":\"Gomberg Dalfen, S.E.N.C.\",\"url\":\"https:\\\/\\\/gombergdalfen.ca\\\/\",\"logo\":{\"@type\":\"ImageObject\",\"inLanguage\":\"es\",\"@id\":\"https:\\\/\\\/gombergdalfen.ca\\\/#\\\/schema\\\/logo\\\/image\\\/\",\"url\":\"https:\\\/\\\/gombergdalfen.ca\\\/wp-content\\\/uploads\\\/2019\\\/08\\\/logo.png\",\"contentUrl\":\"https:\\\/\\\/gombergdalfen.ca\\\/wp-content\\\/uploads\\\/2019\\\/08\\\/logo.png\",\"width\":750,\"height\":203,\"caption\":\"Gomberg Dalfen, S.E.N.C.\"},\"image\":{\"@id\":\"https:\\\/\\\/gombergdalfen.ca\\\/#\\\/schema\\\/logo\\\/image\\\/\"}}]}<\/script>\n<!-- \/ Yoast SEO plugin. -->","yoast_head_json":{"title":"Kiana Soria-Dadson","description":"Kiana Soria-Dadson se unir\u00e1 a Gomberg Dalfen como pasante en el verano de 2025.","robots":{"index":"index","follow":"follow","max-snippet":"max-snippet:-1","max-image-preview":"max-image-preview:large","max-video-preview":"max-video-preview:-1"},"canonical":"https:\/\/gombergdalfen.ca\/lawyers\/kiana-soria-dadson\/","og_locale":"es_ES","og_type":"article","og_title":"Kiana Soria-Dadson","og_description":"Kiana Soria-Dadson se unir\u00e1 a Gomberg Dalfen como pasante en el verano de 2025.","og_url":"https:\/\/gombergdalfen.ca\/lawyers\/kiana-soria-dadson\/","og_site_name":"Gomberg Dalfen S.E.N.C.","article_modified_time":"2026-03-18T19:26:49+00:00","og_image":[{"url":"https:\/\/gombergdalfen.ca\/wp-content\/uploads\/elementor\/thumbs\/kiana-soria-dadson-r587m2yzsbi1gg027ti3o5sn5fwtcphc3lb8lssgps.jpg","type":"","width":"","height":""}],"twitter_card":"summary_large_image","twitter_misc":{"Tiempo de lectura":"1 minuto"},"schema":{"@context":"https:\/\/schema.org","@graph":[{"@type":"WebPage","@id":"https:\/\/gombergdalfen.ca\/lawyers\/kiana-soria-dadson\/","url":"https:\/\/gombergdalfen.ca\/lawyers\/kiana-soria-dadson\/","name":"Kiana Soria-Dadson","isPartOf":{"@id":"https:\/\/gombergdalfen.ca\/#website"},"primaryImageOfPage":{"@id":"https:\/\/gombergdalfen.ca\/lawyers\/kiana-soria-dadson\/#primaryimage"},"image":{"@id":"https:\/\/gombergdalfen.ca\/lawyers\/kiana-soria-dadson\/#primaryimage"},"thumbnailUrl":"https:\/\/gombergdalfen.ca\/wp-content\/uploads\/elementor\/thumbs\/kiana-soria-dadson-r587m2yzsbi1gg027ti3o5sn5fwtcphc3lb8lssgps.jpg","datePublished":"2025-05-02T17:50:52+00:00","dateModified":"2026-03-18T19:26:49+00:00","description":"Kiana Soria-Dadson se unir\u00e1 a Gomberg Dalfen como pasante en el verano de 2025.","breadcrumb":{"@id":"https:\/\/gombergdalfen.ca\/lawyers\/kiana-soria-dadson\/#breadcrumb"},"inLanguage":"es","potentialAction":[{"@type":"ReadAction","target":["https:\/\/gombergdalfen.ca\/lawyers\/kiana-soria-dadson\/"]}]},{"@type":"ImageObject","inLanguage":"es","@id":"https:\/\/gombergdalfen.ca\/lawyers\/kiana-soria-dadson\/#primaryimage","url":"https:\/\/gombergdalfen.ca\/wp-content\/uploads\/elementor\/thumbs\/kiana-soria-dadson-r587m2yzsbi1gg027ti3o5sn5fwtcphc3lb8lssgps.jpg","contentUrl":"https:\/\/gombergdalfen.ca\/wp-content\/uploads\/elementor\/thumbs\/kiana-soria-dadson-r587m2yzsbi1gg027ti3o5sn5fwtcphc3lb8lssgps.jpg"},{"@type":"BreadcrumbList","@id":"https:\/\/gombergdalfen.ca\/lawyers\/kiana-soria-dadson\/#breadcrumb","itemListElement":[{"@type":"ListItem","position":1,"name":"Home","item":"https:\/\/gombergdalfen.ca\/es\/"},{"@type":"ListItem","position":2,"name":"Abogados","item":"https:\/\/gombergdalfen.ca\/es\/abogados\/"},{"@type":"ListItem","position":3,"name":"Kiana Soria-Dadson\u00a0"}]},{"@type":"WebSite","@id":"https:\/\/gombergdalfen.ca\/#website","url":"https:\/\/gombergdalfen.ca\/","name":"Gomberg Dalfen S.E.N.C.","description":"Ley de inmigracion","publisher":{"@id":"https:\/\/gombergdalfen.ca\/#organization"},"potentialAction":[{"@type":"SearchAction","target":{"@type":"EntryPoint","urlTemplate":"https:\/\/gombergdalfen.ca\/?s={search_term_string}"},"query-input":{"@type":"PropertyValueSpecification","valueRequired":true,"valueName":"search_term_string"}}],"inLanguage":"es"},{"@type":"Organization","@id":"https:\/\/gombergdalfen.ca\/#organization","name":"Gomberg Dalfen, S.E.N.C.","url":"https:\/\/gombergdalfen.ca\/","logo":{"@type":"ImageObject","inLanguage":"es","@id":"https:\/\/gombergdalfen.ca\/#\/schema\/logo\/image\/","url":"https:\/\/gombergdalfen.ca\/wp-content\/uploads\/2019\/08\/logo.png","contentUrl":"https:\/\/gombergdalfen.ca\/wp-content\/uploads\/2019\/08\/logo.png","width":750,"height":203,"caption":"Gomberg Dalfen, S.E.N.C."},"image":{"@id":"https:\/\/gombergdalfen.ca\/#\/schema\/logo\/image\/"}}]}},"_links":{"self":[{"href":"https:\/\/gombergdalfen.ca\/es\/wp-json\/wp\/v2\/pages\/1570","targetHints":{"allow":["GET"]}}],"collection":[{"href":"https:\/\/gombergdalfen.ca\/es\/wp-json\/wp\/v2\/pages"}],"about":[{"href":"https:\/\/gombergdalfen.ca\/es\/wp-json\/wp\/v2\/types\/page"}],"author":[{"embeddable":true,"href":"https:\/\/gombergdalfen.ca\/es\/wp-json\/wp\/v2\/users\/3"}],"replies":[{"embeddable":true,"href":"https:\/\/gombergdalfen.ca\/es\/wp-json\/wp\/v2\/comments?post=1570"}],"version-history":[{"count":7,"href":"https:\/\/gombergdalfen.ca\/es\/wp-json\/wp\/v2\/pages\/1570\/revisions"}],"predecessor-version":[{"id":1896,"href":"https:\/\/gombergdalfen.ca\/es\/wp-json\/wp\/v2\/pages\/1570\/revisions\/1896"}],"up":[{"embeddable":true,"href":"https:\/\/gombergdalfen.ca\/es\/wp-json\/wp\/v2\/pages\/330"}],"wp:attachment":[{"href":"https:\/\/gombergdalfen.ca\/es\/wp-json\/wp\/v2\/media?parent=1570"}],"curies":[{"name":"wp","href":"https:\/\/api.w.org\/{rel}","templated":true}]}}