{"id":332,"date":"2020-02-18T13:08:35","date_gmt":"2020-02-18T18:08:35","guid":{"rendered":"https:\/\/gombergdalfen.ca\/wordpress\/?page_id=332"},"modified":"2024-01-16T10:03:49","modified_gmt":"2024-01-16T15:03:49","slug":"avi-gomberg","status":"publish","type":"page","link":"https:\/\/gombergdalfen.ca\/es\/abogados\/avi-gomberg\/","title":{"rendered":"Avi Gomberg"},"content":{"rendered":"\t\t<div data-elementor-type=\"wp-page\" data-elementor-id=\"332\" class=\"elementor elementor-332\">\n\t\t\t\t\t\t<section class=\"elementor-section elementor-top-section elementor-element elementor-element-a720b7e elementor-section-stretched elementor-section-full_width elementor-section-height-min-height elementor-section-content-middle elementor-section-height-default elementor-section-items-middle\" data-id=\"a720b7e\" data-element_type=\"section\" data-settings=\"{&quot;stretch_section&quot;:&quot;section-stretched&quot;,&quot;background_background&quot;:&quot;classic&quot;}\">\n\t\t\t\t\t\t<div class=\"elementor-container elementor-column-gap-default\">\n\t\t\t\t\t<div class=\"elementor-column elementor-col-100 elementor-top-column elementor-element elementor-element-080bb71\" data-id=\"080bb71\" data-element_type=\"column\" data-settings=\"{&quot;background_background&quot;:&quot;classic&quot;}\">\n\t\t\t<div class=\"elementor-widget-wrap elementor-element-populated\">\n\t\t\t\t\t\t<div class=\"elementor-element elementor-element-2d20e8f elementor-widget elementor-widget-heading\" data-id=\"2d20e8f\" data-element_type=\"widget\" data-widget_type=\"heading.default\">\n\t\t\t\t<div class=\"elementor-widget-container\">\n\t\t\t\t\t<h1 class=\"elementor-heading-title elementor-size-default\">Nuestros abogados<\/h1>\t\t\t\t<\/div>\n\t\t\t\t<\/div>\n\t\t\t\t<section class=\"elementor-section elementor-inner-section elementor-element elementor-element-bab4811 elementor-section-boxed elementor-section-height-default elementor-section-height-default\" data-id=\"bab4811\" data-element_type=\"section\">\n\t\t\t\t\t\t<div class=\"elementor-container elementor-column-gap-default\">\n\t\t\t\t\t<div class=\"elementor-column elementor-col-100 elementor-inner-column elementor-element elementor-element-2f2fec3\" data-id=\"2f2fec3\" data-element_type=\"column\">\n\t\t\t<div class=\"elementor-widget-wrap elementor-element-populated\">\n\t\t\t\t\t\t<div class=\"elementor-element elementor-element-1fcbb5e elementor-widget elementor-widget-text-editor\" data-id=\"1fcbb5e\" data-element_type=\"widget\" data-widget_type=\"text-editor.default\">\n\t\t\t\t<div class=\"elementor-widget-container\">\n\t\t\t\t\t\t\t\t\t<p style=\"text-align: center;\">\u00c9xito a trav\u00e9s de la dedicaci\u00f3n, el compromiso y el conocimiento.<\/p>\t\t\t\t\t\t\t\t<\/div>\n\t\t\t\t<\/div>\n\t\t\t\t\t<\/div>\n\t\t<\/div>\n\t\t\t\t\t<\/div>\n\t\t<\/section>\n\t\t\t\t\t<\/div>\n\t\t<\/div>\n\t\t\t\t\t<\/div>\n\t\t<\/section>\n\t\t\t\t<section class=\"elementor-section elementor-top-section elementor-element elementor-element-43fdb79 elementor-section-boxed elementor-section-height-default elementor-section-height-default\" data-id=\"43fdb79\" data-element_type=\"section\">\n\t\t\t\t\t\t<div class=\"elementor-container elementor-column-gap-wider\">\n\t\t\t\t\t<div class=\"elementor-column elementor-col-50 elementor-top-column elementor-element elementor-element-0bbddec\" data-id=\"0bbddec\" data-element_type=\"column\">\n\t\t\t<div class=\"elementor-widget-wrap elementor-element-populated\">\n\t\t\t\t\t\t<div class=\"elementor-element elementor-element-974296a elementor-widget elementor-widget-heading\" data-id=\"974296a\" data-element_type=\"widget\" data-widget_type=\"heading.default\">\n\t\t\t\t<div class=\"elementor-widget-container\">\n\t\t\t\t\t<h1 class=\"elementor-heading-title elementor-size-default\">Avi Gomberg<\/h1>\t\t\t\t<\/div>\n\t\t\t\t<\/div>\n\t\t\t\t<div class=\"elementor-element elementor-element-3944ec9 elementor-widget-divider--view-line elementor-widget elementor-widget-divider\" data-id=\"3944ec9\" data-element_type=\"widget\" data-widget_type=\"divider.default\">\n\t\t\t\t<div class=\"elementor-widget-container\">\n\t\t\t\t\t\t\t<div class=\"elementor-divider\">\n\t\t\t<span class=\"elementor-divider-separator\">\n\t\t\t\t\t\t<\/span>\n\t\t<\/div>\n\t\t\t\t\t\t<\/div>\n\t\t\t\t<\/div>\n\t\t\t\t<div class=\"elementor-element elementor-element-afcc978 elementor-widget elementor-widget-image\" data-id=\"afcc978\" data-element_type=\"widget\" data-widget_type=\"image.default\">\n\t\t\t\t<div class=\"elementor-widget-container\">\n\t\t\t\t\t\t\t\t\t\t\t\t\t\t\t<img decoding=\"async\" src=\"https:\/\/gombergdalfen.ca\/wp-content\/uploads\/elementor\/thumbs\/avi-gomberg-odyltdarss0zcwbkru7c0za14h37m7g21zm3e8xk0w.jpg\" title=\"avi-gomberg\" alt=\"avi-gomberg\" loading=\"lazy\" \/>\t\t\t\t\t\t\t\t\t\t\t\t\t\t\t<\/div>\n\t\t\t\t<\/div>\n\t\t\t\t<div class=\"elementor-element elementor-element-552b250 elementor-widget elementor-widget-text-editor\" data-id=\"552b250\" data-element_type=\"widget\" data-widget_type=\"text-editor.default\">\n\t\t\t\t<div class=\"elementor-widget-container\">\n\t\t\t\t\t\t\t\t\t<p><strong>L\u00ednea directa:<\/strong><br \/>(514) 845-0993<\/p><p><strong>Correo electr\u00f3nico:<\/strong><br \/><a href=\"mailto:agomberg@gombergdalfen.ca\">agomberg@gombergdalfen.ca<\/a><\/p><p><strong>Fax:<\/strong><br \/>(514) 845-1559<\/p>\t\t\t\t\t\t\t\t<\/div>\n\t\t\t\t<\/div>\n\t\t\t\t\t<\/div>\n\t\t<\/div>\n\t\t\t\t<div class=\"elementor-column elementor-col-50 elementor-top-column elementor-element elementor-element-96d6750\" data-id=\"96d6750\" data-element_type=\"column\">\n\t\t\t<div class=\"elementor-widget-wrap elementor-element-populated\">\n\t\t\t\t\t\t<div class=\"elementor-element elementor-element-e5fa0d2 elementor-widget elementor-widget-heading\" data-id=\"e5fa0d2\" data-element_type=\"widget\" data-widget_type=\"heading.default\">\n\t\t\t\t<div class=\"elementor-widget-container\">\n\t\t\t\t\t<h1 class=\"elementor-heading-title elementor-size-default\">Biograf\u00eda<\/h1>\t\t\t\t<\/div>\n\t\t\t\t<\/div>\n\t\t\t\t<div class=\"elementor-element elementor-element-fe41311 elementor-widget-divider--view-line elementor-widget elementor-widget-divider\" data-id=\"fe41311\" data-element_type=\"widget\" data-widget_type=\"divider.default\">\n\t\t\t\t<div class=\"elementor-widget-container\">\n\t\t\t\t\t\t\t<div class=\"elementor-divider\">\n\t\t\t<span class=\"elementor-divider-separator\">\n\t\t\t\t\t\t<\/span>\n\t\t<\/div>\n\t\t\t\t\t\t<\/div>\n\t\t\t\t<\/div>\n\t\t\t\t<div class=\"elementor-element elementor-element-ae6ce36 elementor-widget elementor-widget-text-editor\" data-id=\"ae6ce36\" data-element_type=\"widget\" data-widget_type=\"text-editor.default\">\n\t\t\t\t<div class=\"elementor-widget-container\">\n\t\t\t\t\t\t\t\t\t<p>Avi Gomberg es socio del despacho Gomberg Dalfen. Habiendo establecido su propio despacho de abogados especializado en asuntos de inmigraci\u00f3n en 1992, form\u00f3 la sociedad con Seth Dalfen en el a\u00f1o 2000. El despacho y Avi se concentran exclusivamente en asuntos y clientes relacionados con la inmigraci\u00f3n, incluyendo extranjeros y empleadores canadienses. Ofrece asistencia en el traslado a Canad\u00e1 de ejecutivos, personas dedicadas a los negocios y profesionales especializados.<\/p><p>Sus treinta a\u00f1os de experiencia y su pasi\u00f3n por el dominio de las leyes de inmigraci\u00f3n, han convertido a Avi en un abogado exitoso, apasionado y compasivo a favor de sus clientes, incluyendo varias corporaciones multinacionales y extranjeros calificados.<\/p><p>Avi es autor de varios art\u00edculos, disert\u00f3 en conferencias y ofici\u00f3 de moderador en mesas redondas sobre varios temas de inmigraci\u00f3n (incluyendo permisos de trabajo temporales para Canad\u00e1, retos surgidos a ra\u00edz de solicitantes con problemas m\u00e9dicos o penales y los programas de inmigraci\u00f3n para residencia permanente de Canad\u00e1 y Quebec).\u00a0<\/p><p>LEXPERT ha distinguido una y otra vez a Avi Gomberg como un l\u00edder profesional en las leyes de inmigraci\u00f3n. Avi ha recibido la clasificaci\u00f3n de evaluaci\u00f3n por colegas de Martindale Hubbell de A-V, la clasificaci\u00f3n m\u00e1s alta que se otorga, acreditando de esta manera su capacidad legal y \u00e9tica profesional.<\/p><p>Avi domina el idioma ingl\u00e9s y franc\u00e9s con fluidez.<\/p><p><strong>A\u00d1O DE CONVOCATORIA<\/strong><\/p><p>Colegio de Abogados de Quebec, 1988\u00a0<br \/>Colegio de Abogados de Ontario, 1995<\/p><p><strong>ESTUDIOS DE DERECHO<\/strong><\/p><p>Licenciatura en Derecho (LL.B.) Facultad de Derecho Osgoode Hall de York University, 1986\u00a0<br \/>Licenciatura en Derecho (LL.M.), Laval University, 1987<\/p><p><strong>EDUCACI\u00d3N<\/strong><\/p><p>Licenciatura en Comercio (con Distinci\u00f3n), McGill University, 1983<\/p><p><strong>RESUMEN DE SERVICIOS OFRECIDOS A CLIENTES<\/strong><\/p><p>Obtenci\u00f3n de autorizaciones de inmigraci\u00f3n para permisos de trabajo para numerosas corporaciones multinacionales y de tecnolog\u00eda de la informaci\u00f3n, las cuales necesitan empleados a nivel ejecutivo, gerencial y con conocimientos especializados.<\/p><p>Obtenci\u00f3n exitosa de permisos de residencia temporal y rehabilitaci\u00f3n para individuos generalmente no aceptados en Canad\u00e1, debido a transgresiones legales pasadas.<\/p><p>Estrategia y obtenci\u00f3n expeditiva de estatus de residencia permanente en Canad\u00e1 para extranjeros, a trav\u00e9s del programa de inmigraci\u00f3n de Quebec y el programa de inmigraci\u00f3n de Canad\u00e1.<\/p><p><strong>CONFERENCIAS<\/strong><\/p><p>Presentaciones a la comunidad legal en conferencias profesionales, organizadas por la Asociaci\u00f3n Canadiense de Abogados, la Asociaci\u00f3n de Abogados de Ontario, la Asociaci\u00f3n de Abogados de Boston y la Asociaci\u00f3n Estadounidense de Abogados en Inmigraci\u00f3n.<\/p><p>Ha disertado sobre varios temas de inmigraci\u00f3n, incluyendo permisos de trabajo, inmigraci\u00f3n a Canad\u00e1 y Quebec bajo las categor\u00edas de trabajador calificado, clase familiar e inversor.<\/p><p><strong>MEMBRES\u00cdAS Y ACTIVIDADES<\/strong><\/p><ul><li>Asociaci\u00f3n Canadiense de Abogados, Secci\u00f3n de Derecho de Inmigraci\u00f3n y de Ciudadan\u00eda<\/li><li>Miembro ejecutivo de la Asociaci\u00f3n Canadiense de Abogados, Divisi\u00f3n de Quebec, Secci\u00f3n de Derecho de Ciudadan\u00eda y de Inmigraci\u00f3n (1995-2004).<\/li><li>Alianza de Abogados de Inmigraci\u00f3n Empresarial<\/li><li>Asociaci\u00f3n Canadiense de Abogados de Inmigraci\u00f3n<\/li><li>Asociaci\u00f3n de Abogados y Abogadas en Inmigraci\u00f3n de Quebec<\/li><li>Asociaci\u00f3n de Abogados de Ontario, Secci\u00f3n de Derecho de Ciudadan\u00eda y de Inmigraci\u00f3n<\/li><li>Asociaci\u00f3n Estadounidense de Abogados en Inmigraci\u00f3n<\/li><li>Asociaci\u00f3n de Derecho Lord Reading<\/li><\/ul>\t\t\t\t\t\t\t\t<\/div>\n\t\t\t\t<\/div>\n\t\t\t\t\t<\/div>\n\t\t<\/div>\n\t\t\t\t\t<\/div>\n\t\t<\/section>\n\t\t\t\t<\/div>\n\t\t","protected":false},"excerpt":{"rendered":"<p>Nuestros abogados \u00c9xito a trav\u00e9s de la dedicaci\u00f3n, el compromiso y el conocimiento. Avi Gomberg L\u00ednea directa:(514) 845-0993 Correo electr\u00f3nico:agomberg@gombergdalfen.ca Fax:(514) 845-1559 Biograf\u00eda Avi Gomberg es socio del despacho Gomberg Dalfen. Habiendo establecido su propio despacho de abogados especializado en asuntos de inmigraci\u00f3n en 1992, form\u00f3 la sociedad con Seth Dalfen en el a\u00f1o 2000. [&hellip;]<\/p>\n","protected":false},"author":2,"featured_media":0,"parent":330,"menu_order":0,"comment_status":"closed","ping_status":"open","template":"","meta":{"_acf_changed":false,"footnotes":""},"class_list":["post-332","page","type-page","status-publish","hentry"],"acf":[],"yoast_head":"<!-- This site is optimized with the Yoast SEO plugin v27.3 - https:\/\/yoast.com\/product\/yoast-seo-wordpress\/ -->\n<title>Avi Gomberg<\/title>\n<meta name=\"description\" content=\"Avi Gomberg es socio del despacho Gomberg Dalfen. Habiendo establecido su propio despacho de abogados especializado en asuntos de inmigraci\u00f3n en 1992, form\u00f3 la sociedad con Seth Dalfen en el a\u00f1o 2000.\" \/>\n<meta name=\"robots\" content=\"index, follow, max-snippet:-1, max-image-preview:large, max-video-preview:-1\" \/>\n<link rel=\"canonical\" href=\"https:\/\/gombergdalfen.ca\/es\/abogados\/avi-gomberg\/\" \/>\n<meta property=\"og:locale\" content=\"es_ES\" \/>\n<meta property=\"og:type\" content=\"article\" \/>\n<meta property=\"og:title\" content=\"Avi Gomberg\" \/>\n<meta property=\"og:description\" content=\"Avi Gomberg es socio del despacho Gomberg Dalfen. Habiendo establecido su propio despacho de abogados especializado en asuntos de inmigraci\u00f3n en 1992, form\u00f3 la sociedad con Seth Dalfen en el a\u00f1o 2000.\" \/>\n<meta property=\"og:url\" content=\"https:\/\/gombergdalfen.ca\/es\/abogados\/avi-gomberg\/\" \/>\n<meta property=\"og:site_name\" content=\"Gomberg Dalfen S.E.N.C.\" \/>\n<meta property=\"article:modified_time\" content=\"2024-01-16T15:03:49+00:00\" \/>\n<meta property=\"og:image\" content=\"https:\/\/gombergdalfen.ca\/wp-content\/uploads\/elementor\/thumbs\/avi-gomberg-odyltdarss0zcwbkru7c0za14h37m7g21zm3e8xk0w.jpg\" \/>\n<meta name=\"twitter:card\" content=\"summary_large_image\" \/>\n<meta name=\"twitter:label1\" content=\"Tiempo de lectura\" \/>\n\t<meta name=\"twitter:data1\" content=\"3 minutos\" \/>\n<script type=\"application\/ld+json\" class=\"yoast-schema-graph\">{\"@context\":\"https:\\\/\\\/schema.org\",\"@graph\":[{\"@type\":\"WebPage\",\"@id\":\"https:\\\/\\\/gombergdalfen.ca\\\/es\\\/abogados\\\/avi-gomberg\\\/\",\"url\":\"https:\\\/\\\/gombergdalfen.ca\\\/es\\\/abogados\\\/avi-gomberg\\\/\",\"name\":\"Avi Gomberg\",\"isPartOf\":{\"@id\":\"https:\\\/\\\/gombergdalfen.ca\\\/#website\"},\"primaryImageOfPage\":{\"@id\":\"https:\\\/\\\/gombergdalfen.ca\\\/es\\\/abogados\\\/avi-gomberg\\\/#primaryimage\"},\"image\":{\"@id\":\"https:\\\/\\\/gombergdalfen.ca\\\/es\\\/abogados\\\/avi-gomberg\\\/#primaryimage\"},\"thumbnailUrl\":\"https:\\\/\\\/gombergdalfen.ca\\\/wp-content\\\/uploads\\\/elementor\\\/thumbs\\\/avi-gomberg-odyltdarss0zcwbkru7c0za14h37m7g21zm3e8xk0w.jpg\",\"datePublished\":\"2020-02-18T18:08:35+00:00\",\"dateModified\":\"2024-01-16T15:03:49+00:00\",\"description\":\"Avi Gomberg es socio del despacho Gomberg Dalfen. Habiendo establecido su propio despacho de abogados especializado en asuntos de inmigraci\u00f3n en 1992, form\u00f3 la sociedad con Seth Dalfen en el a\u00f1o 2000.\",\"breadcrumb\":{\"@id\":\"https:\\\/\\\/gombergdalfen.ca\\\/es\\\/abogados\\\/avi-gomberg\\\/#breadcrumb\"},\"inLanguage\":\"es\",\"potentialAction\":[{\"@type\":\"ReadAction\",\"target\":[\"https:\\\/\\\/gombergdalfen.ca\\\/es\\\/abogados\\\/avi-gomberg\\\/\"]}]},{\"@type\":\"ImageObject\",\"inLanguage\":\"es\",\"@id\":\"https:\\\/\\\/gombergdalfen.ca\\\/es\\\/abogados\\\/avi-gomberg\\\/#primaryimage\",\"url\":\"https:\\\/\\\/gombergdalfen.ca\\\/wp-content\\\/uploads\\\/elementor\\\/thumbs\\\/avi-gomberg-odyltdarss0zcwbkru7c0za14h37m7g21zm3e8xk0w.jpg\",\"contentUrl\":\"https:\\\/\\\/gombergdalfen.ca\\\/wp-content\\\/uploads\\\/elementor\\\/thumbs\\\/avi-gomberg-odyltdarss0zcwbkru7c0za14h37m7g21zm3e8xk0w.jpg\"},{\"@type\":\"BreadcrumbList\",\"@id\":\"https:\\\/\\\/gombergdalfen.ca\\\/es\\\/abogados\\\/avi-gomberg\\\/#breadcrumb\",\"itemListElement\":[{\"@type\":\"ListItem\",\"position\":1,\"name\":\"Home\",\"item\":\"https:\\\/\\\/gombergdalfen.ca\\\/es\\\/\"},{\"@type\":\"ListItem\",\"position\":2,\"name\":\"Abogados\",\"item\":\"https:\\\/\\\/gombergdalfen.ca\\\/es\\\/abogados\\\/\"},{\"@type\":\"ListItem\",\"position\":3,\"name\":\"Avi Gomberg\"}]},{\"@type\":\"WebSite\",\"@id\":\"https:\\\/\\\/gombergdalfen.ca\\\/#website\",\"url\":\"https:\\\/\\\/gombergdalfen.ca\\\/\",\"name\":\"Gomberg Dalfen S.E.N.C.\",\"description\":\"Ley de inmigracion\",\"publisher\":{\"@id\":\"https:\\\/\\\/gombergdalfen.ca\\\/#organization\"},\"potentialAction\":[{\"@type\":\"SearchAction\",\"target\":{\"@type\":\"EntryPoint\",\"urlTemplate\":\"https:\\\/\\\/gombergdalfen.ca\\\/?s={search_term_string}\"},\"query-input\":{\"@type\":\"PropertyValueSpecification\",\"valueRequired\":true,\"valueName\":\"search_term_string\"}}],\"inLanguage\":\"es\"},{\"@type\":\"Organization\",\"@id\":\"https:\\\/\\\/gombergdalfen.ca\\\/#organization\",\"name\":\"Gomberg Dalfen, S.E.N.C.\",\"url\":\"https:\\\/\\\/gombergdalfen.ca\\\/\",\"logo\":{\"@type\":\"ImageObject\",\"inLanguage\":\"es\",\"@id\":\"https:\\\/\\\/gombergdalfen.ca\\\/#\\\/schema\\\/logo\\\/image\\\/\",\"url\":\"https:\\\/\\\/gombergdalfen.ca\\\/wp-content\\\/uploads\\\/2019\\\/08\\\/logo.png\",\"contentUrl\":\"https:\\\/\\\/gombergdalfen.ca\\\/wp-content\\\/uploads\\\/2019\\\/08\\\/logo.png\",\"width\":750,\"height\":203,\"caption\":\"Gomberg Dalfen, S.E.N.C.\"},\"image\":{\"@id\":\"https:\\\/\\\/gombergdalfen.ca\\\/#\\\/schema\\\/logo\\\/image\\\/\"}}]}<\/script>\n<!-- \/ Yoast SEO plugin. -->","yoast_head_json":{"title":"Avi Gomberg","description":"Avi Gomberg es socio del despacho Gomberg Dalfen. Habiendo establecido su propio despacho de abogados especializado en asuntos de inmigraci\u00f3n en 1992, form\u00f3 la sociedad con Seth Dalfen en el a\u00f1o 2000.","robots":{"index":"index","follow":"follow","max-snippet":"max-snippet:-1","max-image-preview":"max-image-preview:large","max-video-preview":"max-video-preview:-1"},"canonical":"https:\/\/gombergdalfen.ca\/es\/abogados\/avi-gomberg\/","og_locale":"es_ES","og_type":"article","og_title":"Avi Gomberg","og_description":"Avi Gomberg es socio del despacho Gomberg Dalfen. Habiendo establecido su propio despacho de abogados especializado en asuntos de inmigraci\u00f3n en 1992, form\u00f3 la sociedad con Seth Dalfen en el a\u00f1o 2000.","og_url":"https:\/\/gombergdalfen.ca\/es\/abogados\/avi-gomberg\/","og_site_name":"Gomberg Dalfen S.E.N.C.","article_modified_time":"2024-01-16T15:03:49+00:00","og_image":[{"url":"https:\/\/gombergdalfen.ca\/wp-content\/uploads\/elementor\/thumbs\/avi-gomberg-odyltdarss0zcwbkru7c0za14h37m7g21zm3e8xk0w.jpg","type":"","width":"","height":""}],"twitter_card":"summary_large_image","twitter_misc":{"Tiempo de lectura":"3 minutos"},"schema":{"@context":"https:\/\/schema.org","@graph":[{"@type":"WebPage","@id":"https:\/\/gombergdalfen.ca\/es\/abogados\/avi-gomberg\/","url":"https:\/\/gombergdalfen.ca\/es\/abogados\/avi-gomberg\/","name":"Avi Gomberg","isPartOf":{"@id":"https:\/\/gombergdalfen.ca\/#website"},"primaryImageOfPage":{"@id":"https:\/\/gombergdalfen.ca\/es\/abogados\/avi-gomberg\/#primaryimage"},"image":{"@id":"https:\/\/gombergdalfen.ca\/es\/abogados\/avi-gomberg\/#primaryimage"},"thumbnailUrl":"https:\/\/gombergdalfen.ca\/wp-content\/uploads\/elementor\/thumbs\/avi-gomberg-odyltdarss0zcwbkru7c0za14h37m7g21zm3e8xk0w.jpg","datePublished":"2020-02-18T18:08:35+00:00","dateModified":"2024-01-16T15:03:49+00:00","description":"Avi Gomberg es socio del despacho Gomberg Dalfen. Habiendo establecido su propio despacho de abogados especializado en asuntos de inmigraci\u00f3n en 1992, form\u00f3 la sociedad con Seth Dalfen en el a\u00f1o 2000.","breadcrumb":{"@id":"https:\/\/gombergdalfen.ca\/es\/abogados\/avi-gomberg\/#breadcrumb"},"inLanguage":"es","potentialAction":[{"@type":"ReadAction","target":["https:\/\/gombergdalfen.ca\/es\/abogados\/avi-gomberg\/"]}]},{"@type":"ImageObject","inLanguage":"es","@id":"https:\/\/gombergdalfen.ca\/es\/abogados\/avi-gomberg\/#primaryimage","url":"https:\/\/gombergdalfen.ca\/wp-content\/uploads\/elementor\/thumbs\/avi-gomberg-odyltdarss0zcwbkru7c0za14h37m7g21zm3e8xk0w.jpg","contentUrl":"https:\/\/gombergdalfen.ca\/wp-content\/uploads\/elementor\/thumbs\/avi-gomberg-odyltdarss0zcwbkru7c0za14h37m7g21zm3e8xk0w.jpg"},{"@type":"BreadcrumbList","@id":"https:\/\/gombergdalfen.ca\/es\/abogados\/avi-gomberg\/#breadcrumb","itemListElement":[{"@type":"ListItem","position":1,"name":"Home","item":"https:\/\/gombergdalfen.ca\/es\/"},{"@type":"ListItem","position":2,"name":"Abogados","item":"https:\/\/gombergdalfen.ca\/es\/abogados\/"},{"@type":"ListItem","position":3,"name":"Avi Gomberg"}]},{"@type":"WebSite","@id":"https:\/\/gombergdalfen.ca\/#website","url":"https:\/\/gombergdalfen.ca\/","name":"Gomberg Dalfen S.E.N.C.","description":"Ley de inmigracion","publisher":{"@id":"https:\/\/gombergdalfen.ca\/#organization"},"potentialAction":[{"@type":"SearchAction","target":{"@type":"EntryPoint","urlTemplate":"https:\/\/gombergdalfen.ca\/?s={search_term_string}"},"query-input":{"@type":"PropertyValueSpecification","valueRequired":true,"valueName":"search_term_string"}}],"inLanguage":"es"},{"@type":"Organization","@id":"https:\/\/gombergdalfen.ca\/#organization","name":"Gomberg Dalfen, S.E.N.C.","url":"https:\/\/gombergdalfen.ca\/","logo":{"@type":"ImageObject","inLanguage":"es","@id":"https:\/\/gombergdalfen.ca\/#\/schema\/logo\/image\/","url":"https:\/\/gombergdalfen.ca\/wp-content\/uploads\/2019\/08\/logo.png","contentUrl":"https:\/\/gombergdalfen.ca\/wp-content\/uploads\/2019\/08\/logo.png","width":750,"height":203,"caption":"Gomberg Dalfen, S.E.N.C."},"image":{"@id":"https:\/\/gombergdalfen.ca\/#\/schema\/logo\/image\/"}}]}},"_links":{"self":[{"href":"https:\/\/gombergdalfen.ca\/es\/wp-json\/wp\/v2\/pages\/332","targetHints":{"allow":["GET"]}}],"collection":[{"href":"https:\/\/gombergdalfen.ca\/es\/wp-json\/wp\/v2\/pages"}],"about":[{"href":"https:\/\/gombergdalfen.ca\/es\/wp-json\/wp\/v2\/types\/page"}],"author":[{"embeddable":true,"href":"https:\/\/gombergdalfen.ca\/es\/wp-json\/wp\/v2\/users\/2"}],"replies":[{"embeddable":true,"href":"https:\/\/gombergdalfen.ca\/es\/wp-json\/wp\/v2\/comments?post=332"}],"version-history":[{"count":7,"href":"https:\/\/gombergdalfen.ca\/es\/wp-json\/wp\/v2\/pages\/332\/revisions"}],"predecessor-version":[{"id":1452,"href":"https:\/\/gombergdalfen.ca\/es\/wp-json\/wp\/v2\/pages\/332\/revisions\/1452"}],"up":[{"embeddable":true,"href":"https:\/\/gombergdalfen.ca\/es\/wp-json\/wp\/v2\/pages\/330"}],"wp:attachment":[{"href":"https:\/\/gombergdalfen.ca\/es\/wp-json\/wp\/v2\/media?parent=332"}],"curies":[{"name":"wp","href":"https:\/\/api.w.org\/{rel}","templated":true}]}}