{"id":337,"date":"2020-02-18T13:08:48","date_gmt":"2020-02-18T18:08:48","guid":{"rendered":"https:\/\/gombergdalfen.ca\/wordpress\/?page_id=337"},"modified":"2024-01-16T10:15:14","modified_gmt":"2024-01-16T15:15:14","slug":"seth-dalfen","status":"publish","type":"page","link":"https:\/\/gombergdalfen.ca\/es\/abogados\/seth-dalfen\/","title":{"rendered":"Seth Dalfen"},"content":{"rendered":"\t\t<div data-elementor-type=\"wp-page\" data-elementor-id=\"337\" class=\"elementor elementor-337\">\n\t\t\t\t\t\t<section class=\"elementor-section elementor-top-section elementor-element elementor-element-a720b7e elementor-section-stretched elementor-section-full_width elementor-section-height-min-height elementor-section-content-middle elementor-section-height-default elementor-section-items-middle\" data-id=\"a720b7e\" data-element_type=\"section\" data-settings=\"{&quot;stretch_section&quot;:&quot;section-stretched&quot;,&quot;background_background&quot;:&quot;classic&quot;}\">\n\t\t\t\t\t\t<div class=\"elementor-container elementor-column-gap-default\">\n\t\t\t\t\t<div class=\"elementor-column elementor-col-100 elementor-top-column elementor-element elementor-element-080bb71\" data-id=\"080bb71\" data-element_type=\"column\" data-settings=\"{&quot;background_background&quot;:&quot;classic&quot;}\">\n\t\t\t<div class=\"elementor-widget-wrap elementor-element-populated\">\n\t\t\t\t\t\t<div class=\"elementor-element elementor-element-2d20e8f elementor-widget elementor-widget-heading\" data-id=\"2d20e8f\" data-element_type=\"widget\" data-widget_type=\"heading.default\">\n\t\t\t\t<div class=\"elementor-widget-container\">\n\t\t\t\t\t<h1 class=\"elementor-heading-title elementor-size-default\">Nuestros abogados<\/h1>\t\t\t\t<\/div>\n\t\t\t\t<\/div>\n\t\t\t\t<section class=\"elementor-section elementor-inner-section elementor-element elementor-element-bab4811 elementor-section-boxed elementor-section-height-default elementor-section-height-default\" data-id=\"bab4811\" data-element_type=\"section\">\n\t\t\t\t\t\t<div class=\"elementor-container elementor-column-gap-default\">\n\t\t\t\t\t<div class=\"elementor-column elementor-col-100 elementor-inner-column elementor-element elementor-element-2f2fec3\" data-id=\"2f2fec3\" data-element_type=\"column\">\n\t\t\t<div class=\"elementor-widget-wrap elementor-element-populated\">\n\t\t\t\t\t\t<div class=\"elementor-element elementor-element-1fcbb5e elementor-widget elementor-widget-text-editor\" data-id=\"1fcbb5e\" data-element_type=\"widget\" data-widget_type=\"text-editor.default\">\n\t\t\t\t<div class=\"elementor-widget-container\">\n\t\t\t\t\t\t\t\t\t<p style=\"text-align: center;\">\u00c9xito a trav\u00e9s de la dedicaci\u00f3n, el compromiso y el conocimiento.<\/p>\t\t\t\t\t\t\t\t<\/div>\n\t\t\t\t<\/div>\n\t\t\t\t\t<\/div>\n\t\t<\/div>\n\t\t\t\t\t<\/div>\n\t\t<\/section>\n\t\t\t\t\t<\/div>\n\t\t<\/div>\n\t\t\t\t\t<\/div>\n\t\t<\/section>\n\t\t\t\t<section class=\"elementor-section elementor-top-section elementor-element elementor-element-43fdb79 elementor-section-boxed elementor-section-height-default elementor-section-height-default\" data-id=\"43fdb79\" data-element_type=\"section\">\n\t\t\t\t\t\t<div class=\"elementor-container elementor-column-gap-wider\">\n\t\t\t\t\t<div class=\"elementor-column elementor-col-50 elementor-top-column elementor-element elementor-element-0bbddec\" data-id=\"0bbddec\" data-element_type=\"column\">\n\t\t\t<div class=\"elementor-widget-wrap elementor-element-populated\">\n\t\t\t\t\t\t<div class=\"elementor-element elementor-element-974296a elementor-widget elementor-widget-heading\" data-id=\"974296a\" data-element_type=\"widget\" data-widget_type=\"heading.default\">\n\t\t\t\t<div class=\"elementor-widget-container\">\n\t\t\t\t\t<h1 class=\"elementor-heading-title elementor-size-default\">Seth Dalfen<\/h1>\t\t\t\t<\/div>\n\t\t\t\t<\/div>\n\t\t\t\t<div class=\"elementor-element elementor-element-3944ec9 elementor-widget-divider--view-line elementor-widget elementor-widget-divider\" data-id=\"3944ec9\" data-element_type=\"widget\" data-widget_type=\"divider.default\">\n\t\t\t\t<div class=\"elementor-widget-container\">\n\t\t\t\t\t\t\t<div class=\"elementor-divider\">\n\t\t\t<span class=\"elementor-divider-separator\">\n\t\t\t\t\t\t<\/span>\n\t\t<\/div>\n\t\t\t\t\t\t<\/div>\n\t\t\t\t<\/div>\n\t\t\t\t<div class=\"elementor-element elementor-element-afcc978 elementor-widget elementor-widget-image\" data-id=\"afcc978\" data-element_type=\"widget\" data-widget_type=\"image.default\">\n\t\t\t\t<div class=\"elementor-widget-container\">\n\t\t\t\t\t\t\t\t\t\t\t\t\t\t\t<img decoding=\"async\" src=\"https:\/\/gombergdalfen.ca\/wp-content\/uploads\/elementor\/thumbs\/seth-dalfen-odyltkthbgb9xs0njxgckxdpvk25bs9wr0tz8gmen4.jpg\" title=\"seth-dalfen\" alt=\"seth-dalfen\" loading=\"lazy\" \/>\t\t\t\t\t\t\t\t\t\t\t\t\t\t\t<\/div>\n\t\t\t\t<\/div>\n\t\t\t\t<div class=\"elementor-element elementor-element-552b250 elementor-widget elementor-widget-text-editor\" data-id=\"552b250\" data-element_type=\"widget\" data-widget_type=\"text-editor.default\">\n\t\t\t\t<div class=\"elementor-widget-container\">\n\t\t\t\t\t\t\t\t\t<p><strong>L\u00ednea directa:<br \/><\/strong>(514) 845-0903<\/p><p><strong>Correo electr\u00f3nico:<\/strong><br \/><a href=\"mailto:sdalfen@gombergdalfen.ca\">sdalfen@gombergdalfen.ca<\/a><\/p><p><strong>Fax:<\/strong><br \/>(514) 845-1559<\/p>\t\t\t\t\t\t\t\t<\/div>\n\t\t\t\t<\/div>\n\t\t\t\t\t<\/div>\n\t\t<\/div>\n\t\t\t\t<div class=\"elementor-column elementor-col-50 elementor-top-column elementor-element elementor-element-96d6750\" data-id=\"96d6750\" data-element_type=\"column\">\n\t\t\t<div class=\"elementor-widget-wrap elementor-element-populated\">\n\t\t\t\t\t\t<div class=\"elementor-element elementor-element-e5fa0d2 elementor-widget elementor-widget-heading\" data-id=\"e5fa0d2\" data-element_type=\"widget\" data-widget_type=\"heading.default\">\n\t\t\t\t<div class=\"elementor-widget-container\">\n\t\t\t\t\t<h1 class=\"elementor-heading-title elementor-size-default\">Biograf\u00eda<\/h1>\t\t\t\t<\/div>\n\t\t\t\t<\/div>\n\t\t\t\t<div class=\"elementor-element elementor-element-fe41311 elementor-widget-divider--view-line elementor-widget elementor-widget-divider\" data-id=\"fe41311\" data-element_type=\"widget\" data-widget_type=\"divider.default\">\n\t\t\t\t<div class=\"elementor-widget-container\">\n\t\t\t\t\t\t\t<div class=\"elementor-divider\">\n\t\t\t<span class=\"elementor-divider-separator\">\n\t\t\t\t\t\t<\/span>\n\t\t<\/div>\n\t\t\t\t\t\t<\/div>\n\t\t\t\t<\/div>\n\t\t\t\t<div class=\"elementor-element elementor-element-ae6ce36 elementor-widget elementor-widget-text-editor\" data-id=\"ae6ce36\" data-element_type=\"widget\" data-widget_type=\"text-editor.default\">\n\t\t\t\t<div class=\"elementor-widget-container\">\n\t\t\t\t\t\t\t\t\t<p>Socio fundador del despacho, Seth Dalfen asiste en asuntos de leyes de inmigraci\u00f3n, especializ\u00e1ndose en el traslado a Canad\u00e1 de ejecutivos, personas dedicadas a los negocios y profesionales especializados. Seth representa a empresas, individuos y organizaciones comunitarias en varias cuestiones relacionadas con la inmigraci\u00f3n, incluyendo la autorizaci\u00f3n para empleo temporal, solicitudes de residencia permanente, reunificaci\u00f3n familiar, superar la inadmisibilidad a Canad\u00e1 y situaciones humanitarias y compasivas.\u00a0<\/p><p>Seth domina el idioma ingl\u00e9s y franc\u00e9s con fluidez.<\/p><p><strong>A\u00d1O DE CONVOCATORIA<\/strong><\/p><p>Colegio de Abogados de Quebec, 1993<\/p><p><strong>ESTUDIOS DE DERECHO<\/strong><\/p><p>Licenciatura en Derecho Civil (B.C.L.) y Licenciatura en Derecho (LLB), McGill University, 1991.<\/p><p><strong>CONFERENCIAS<\/strong><\/p><p>Presentaciones a la comunidad legal en conferencias profesionales, organizadas por la Asociaci\u00f3n Canadiense de Abogados, la Asociaci\u00f3n de Abogados de Ontario, la Asociaci\u00f3n de Abogados de Boston y la Asociaci\u00f3n Estadounidense de Abogados en Inmigraci\u00f3n.<\/p><p>Ha disertado sobre varios temas relacionados con la inmigraci\u00f3n en la Universidad McGill y varias organizaciones comunitarias y de caridad.<\/p><p><strong>MEMBRES\u00cdAS Y ACTIVIDADES<\/strong><\/p><ul><li>Asociaci\u00f3n Canadiense de Abogados, Secci\u00f3n de Derecho de Inmigraci\u00f3n y de Ciudadan\u00eda<\/li><li>Asociaci\u00f3n Estadounidense de Abogados en Inmigraci\u00f3n<\/li><li>Miembro ejecutivo (ex presidente) de la Asociaci\u00f3n Canadiense de Abogados, Divisi\u00f3n de Quebec, Secci\u00f3n de Derecho de Ciudadan\u00eda y de Inmigraci\u00f3n<\/li><li>Miembro de la junta directiva de varias organizaciones comunitarias y ben\u00e9ficas<\/li><li>Asociaci\u00f3n Canadiense de Abogados de Inmigraci\u00f3n<\/li><li>Asociaci\u00f3n de Derecho Lord Reading<\/li><\/ul>\t\t\t\t\t\t\t\t<\/div>\n\t\t\t\t<\/div>\n\t\t\t\t\t<\/div>\n\t\t<\/div>\n\t\t\t\t\t<\/div>\n\t\t<\/section>\n\t\t\t\t<\/div>\n\t\t","protected":false},"excerpt":{"rendered":"<p>Nuestros abogados \u00c9xito a trav\u00e9s de la dedicaci\u00f3n, el compromiso y el conocimiento. Seth Dalfen L\u00ednea directa:(514) 845-0903 Correo electr\u00f3nico:sdalfen@gombergdalfen.ca Fax:(514) 845-1559 Biograf\u00eda Socio fundador del despacho, Seth Dalfen asiste en asuntos de leyes de inmigraci\u00f3n, especializ\u00e1ndose en el traslado a Canad\u00e1 de ejecutivos, personas dedicadas a los negocios y profesionales especializados. Seth representa a [&hellip;]<\/p>\n","protected":false},"author":2,"featured_media":0,"parent":330,"menu_order":0,"comment_status":"closed","ping_status":"open","template":"","meta":{"_acf_changed":false,"footnotes":""},"class_list":["post-337","page","type-page","status-publish","hentry"],"acf":[],"yoast_head":"<!-- This site is optimized with the Yoast SEO plugin v27.3 - https:\/\/yoast.com\/product\/yoast-seo-wordpress\/ -->\n<title>Seth Dalfen<\/title>\n<meta name=\"description\" content=\"Socio fundador del despacho, Seth Dalfen asiste en asuntos de leyes de inmigraci\u00f3n, especializ\u00e1ndose en el traslado a Canad\u00e1 de ejecutivos, personas dedicadas a los negocios y profesionales especializados.\" \/>\n<meta name=\"robots\" content=\"index, follow, max-snippet:-1, max-image-preview:large, max-video-preview:-1\" \/>\n<link rel=\"canonical\" href=\"https:\/\/gombergdalfen.ca\/es\/abogados\/seth-dalfen\/\" \/>\n<meta property=\"og:locale\" content=\"es_ES\" \/>\n<meta property=\"og:type\" content=\"article\" \/>\n<meta property=\"og:title\" content=\"Seth Dalfen\" \/>\n<meta property=\"og:description\" content=\"Socio fundador del despacho, Seth Dalfen asiste en asuntos de leyes de inmigraci\u00f3n, especializ\u00e1ndose en el traslado a Canad\u00e1 de ejecutivos, personas dedicadas a los negocios y profesionales especializados.\" \/>\n<meta property=\"og:url\" content=\"https:\/\/gombergdalfen.ca\/es\/abogados\/seth-dalfen\/\" \/>\n<meta property=\"og:site_name\" content=\"Gomberg Dalfen S.E.N.C.\" \/>\n<meta property=\"article:modified_time\" content=\"2024-01-16T15:15:14+00:00\" \/>\n<meta property=\"og:image\" content=\"https:\/\/gombergdalfen.ca\/wp-content\/uploads\/elementor\/thumbs\/seth-dalfen-odyltkthbgb9xs0njxgckxdpvk25bs9wr0tz8gmen4.jpg\" \/>\n<meta name=\"twitter:card\" content=\"summary_large_image\" \/>\n<meta name=\"twitter:label1\" content=\"Tiempo de lectura\" \/>\n\t<meta name=\"twitter:data1\" content=\"1 minuto\" \/>\n<script type=\"application\/ld+json\" class=\"yoast-schema-graph\">{\"@context\":\"https:\\\/\\\/schema.org\",\"@graph\":[{\"@type\":\"WebPage\",\"@id\":\"https:\\\/\\\/gombergdalfen.ca\\\/es\\\/abogados\\\/seth-dalfen\\\/\",\"url\":\"https:\\\/\\\/gombergdalfen.ca\\\/es\\\/abogados\\\/seth-dalfen\\\/\",\"name\":\"Seth Dalfen\",\"isPartOf\":{\"@id\":\"https:\\\/\\\/gombergdalfen.ca\\\/#website\"},\"primaryImageOfPage\":{\"@id\":\"https:\\\/\\\/gombergdalfen.ca\\\/es\\\/abogados\\\/seth-dalfen\\\/#primaryimage\"},\"image\":{\"@id\":\"https:\\\/\\\/gombergdalfen.ca\\\/es\\\/abogados\\\/seth-dalfen\\\/#primaryimage\"},\"thumbnailUrl\":\"https:\\\/\\\/gombergdalfen.ca\\\/wp-content\\\/uploads\\\/elementor\\\/thumbs\\\/seth-dalfen-odyltkthbgb9xs0njxgckxdpvk25bs9wr0tz8gmen4.jpg\",\"datePublished\":\"2020-02-18T18:08:48+00:00\",\"dateModified\":\"2024-01-16T15:15:14+00:00\",\"description\":\"Socio fundador del despacho, Seth Dalfen asiste en asuntos de leyes de inmigraci\u00f3n, especializ\u00e1ndose en el traslado a Canad\u00e1 de ejecutivos, personas dedicadas a los negocios y profesionales especializados.\",\"breadcrumb\":{\"@id\":\"https:\\\/\\\/gombergdalfen.ca\\\/es\\\/abogados\\\/seth-dalfen\\\/#breadcrumb\"},\"inLanguage\":\"es\",\"potentialAction\":[{\"@type\":\"ReadAction\",\"target\":[\"https:\\\/\\\/gombergdalfen.ca\\\/es\\\/abogados\\\/seth-dalfen\\\/\"]}]},{\"@type\":\"ImageObject\",\"inLanguage\":\"es\",\"@id\":\"https:\\\/\\\/gombergdalfen.ca\\\/es\\\/abogados\\\/seth-dalfen\\\/#primaryimage\",\"url\":\"https:\\\/\\\/gombergdalfen.ca\\\/wp-content\\\/uploads\\\/elementor\\\/thumbs\\\/seth-dalfen-odyltkthbgb9xs0njxgckxdpvk25bs9wr0tz8gmen4.jpg\",\"contentUrl\":\"https:\\\/\\\/gombergdalfen.ca\\\/wp-content\\\/uploads\\\/elementor\\\/thumbs\\\/seth-dalfen-odyltkthbgb9xs0njxgckxdpvk25bs9wr0tz8gmen4.jpg\"},{\"@type\":\"BreadcrumbList\",\"@id\":\"https:\\\/\\\/gombergdalfen.ca\\\/es\\\/abogados\\\/seth-dalfen\\\/#breadcrumb\",\"itemListElement\":[{\"@type\":\"ListItem\",\"position\":1,\"name\":\"Home\",\"item\":\"https:\\\/\\\/gombergdalfen.ca\\\/es\\\/\"},{\"@type\":\"ListItem\",\"position\":2,\"name\":\"Abogados\",\"item\":\"https:\\\/\\\/gombergdalfen.ca\\\/es\\\/abogados\\\/\"},{\"@type\":\"ListItem\",\"position\":3,\"name\":\"Seth Dalfen\"}]},{\"@type\":\"WebSite\",\"@id\":\"https:\\\/\\\/gombergdalfen.ca\\\/#website\",\"url\":\"https:\\\/\\\/gombergdalfen.ca\\\/\",\"name\":\"Gomberg Dalfen S.E.N.C.\",\"description\":\"Ley de inmigracion\",\"publisher\":{\"@id\":\"https:\\\/\\\/gombergdalfen.ca\\\/#organization\"},\"potentialAction\":[{\"@type\":\"SearchAction\",\"target\":{\"@type\":\"EntryPoint\",\"urlTemplate\":\"https:\\\/\\\/gombergdalfen.ca\\\/?s={search_term_string}\"},\"query-input\":{\"@type\":\"PropertyValueSpecification\",\"valueRequired\":true,\"valueName\":\"search_term_string\"}}],\"inLanguage\":\"es\"},{\"@type\":\"Organization\",\"@id\":\"https:\\\/\\\/gombergdalfen.ca\\\/#organization\",\"name\":\"Gomberg Dalfen, S.E.N.C.\",\"url\":\"https:\\\/\\\/gombergdalfen.ca\\\/\",\"logo\":{\"@type\":\"ImageObject\",\"inLanguage\":\"es\",\"@id\":\"https:\\\/\\\/gombergdalfen.ca\\\/#\\\/schema\\\/logo\\\/image\\\/\",\"url\":\"https:\\\/\\\/gombergdalfen.ca\\\/wp-content\\\/uploads\\\/2019\\\/08\\\/logo.png\",\"contentUrl\":\"https:\\\/\\\/gombergdalfen.ca\\\/wp-content\\\/uploads\\\/2019\\\/08\\\/logo.png\",\"width\":750,\"height\":203,\"caption\":\"Gomberg Dalfen, S.E.N.C.\"},\"image\":{\"@id\":\"https:\\\/\\\/gombergdalfen.ca\\\/#\\\/schema\\\/logo\\\/image\\\/\"}}]}<\/script>\n<!-- \/ Yoast SEO plugin. -->","yoast_head_json":{"title":"Seth Dalfen","description":"Socio fundador del despacho, Seth Dalfen asiste en asuntos de leyes de inmigraci\u00f3n, especializ\u00e1ndose en el traslado a Canad\u00e1 de ejecutivos, personas dedicadas a los negocios y profesionales especializados.","robots":{"index":"index","follow":"follow","max-snippet":"max-snippet:-1","max-image-preview":"max-image-preview:large","max-video-preview":"max-video-preview:-1"},"canonical":"https:\/\/gombergdalfen.ca\/es\/abogados\/seth-dalfen\/","og_locale":"es_ES","og_type":"article","og_title":"Seth Dalfen","og_description":"Socio fundador del despacho, Seth Dalfen asiste en asuntos de leyes de inmigraci\u00f3n, especializ\u00e1ndose en el traslado a Canad\u00e1 de ejecutivos, personas dedicadas a los negocios y profesionales especializados.","og_url":"https:\/\/gombergdalfen.ca\/es\/abogados\/seth-dalfen\/","og_site_name":"Gomberg Dalfen S.E.N.C.","article_modified_time":"2024-01-16T15:15:14+00:00","og_image":[{"url":"https:\/\/gombergdalfen.ca\/wp-content\/uploads\/elementor\/thumbs\/seth-dalfen-odyltkthbgb9xs0njxgckxdpvk25bs9wr0tz8gmen4.jpg","type":"","width":"","height":""}],"twitter_card":"summary_large_image","twitter_misc":{"Tiempo de lectura":"1 minuto"},"schema":{"@context":"https:\/\/schema.org","@graph":[{"@type":"WebPage","@id":"https:\/\/gombergdalfen.ca\/es\/abogados\/seth-dalfen\/","url":"https:\/\/gombergdalfen.ca\/es\/abogados\/seth-dalfen\/","name":"Seth Dalfen","isPartOf":{"@id":"https:\/\/gombergdalfen.ca\/#website"},"primaryImageOfPage":{"@id":"https:\/\/gombergdalfen.ca\/es\/abogados\/seth-dalfen\/#primaryimage"},"image":{"@id":"https:\/\/gombergdalfen.ca\/es\/abogados\/seth-dalfen\/#primaryimage"},"thumbnailUrl":"https:\/\/gombergdalfen.ca\/wp-content\/uploads\/elementor\/thumbs\/seth-dalfen-odyltkthbgb9xs0njxgckxdpvk25bs9wr0tz8gmen4.jpg","datePublished":"2020-02-18T18:08:48+00:00","dateModified":"2024-01-16T15:15:14+00:00","description":"Socio fundador del despacho, Seth Dalfen asiste en asuntos de leyes de inmigraci\u00f3n, especializ\u00e1ndose en el traslado a Canad\u00e1 de ejecutivos, personas dedicadas a los negocios y profesionales especializados.","breadcrumb":{"@id":"https:\/\/gombergdalfen.ca\/es\/abogados\/seth-dalfen\/#breadcrumb"},"inLanguage":"es","potentialAction":[{"@type":"ReadAction","target":["https:\/\/gombergdalfen.ca\/es\/abogados\/seth-dalfen\/"]}]},{"@type":"ImageObject","inLanguage":"es","@id":"https:\/\/gombergdalfen.ca\/es\/abogados\/seth-dalfen\/#primaryimage","url":"https:\/\/gombergdalfen.ca\/wp-content\/uploads\/elementor\/thumbs\/seth-dalfen-odyltkthbgb9xs0njxgckxdpvk25bs9wr0tz8gmen4.jpg","contentUrl":"https:\/\/gombergdalfen.ca\/wp-content\/uploads\/elementor\/thumbs\/seth-dalfen-odyltkthbgb9xs0njxgckxdpvk25bs9wr0tz8gmen4.jpg"},{"@type":"BreadcrumbList","@id":"https:\/\/gombergdalfen.ca\/es\/abogados\/seth-dalfen\/#breadcrumb","itemListElement":[{"@type":"ListItem","position":1,"name":"Home","item":"https:\/\/gombergdalfen.ca\/es\/"},{"@type":"ListItem","position":2,"name":"Abogados","item":"https:\/\/gombergdalfen.ca\/es\/abogados\/"},{"@type":"ListItem","position":3,"name":"Seth Dalfen"}]},{"@type":"WebSite","@id":"https:\/\/gombergdalfen.ca\/#website","url":"https:\/\/gombergdalfen.ca\/","name":"Gomberg Dalfen S.E.N.C.","description":"Ley de inmigracion","publisher":{"@id":"https:\/\/gombergdalfen.ca\/#organization"},"potentialAction":[{"@type":"SearchAction","target":{"@type":"EntryPoint","urlTemplate":"https:\/\/gombergdalfen.ca\/?s={search_term_string}"},"query-input":{"@type":"PropertyValueSpecification","valueRequired":true,"valueName":"search_term_string"}}],"inLanguage":"es"},{"@type":"Organization","@id":"https:\/\/gombergdalfen.ca\/#organization","name":"Gomberg Dalfen, S.E.N.C.","url":"https:\/\/gombergdalfen.ca\/","logo":{"@type":"ImageObject","inLanguage":"es","@id":"https:\/\/gombergdalfen.ca\/#\/schema\/logo\/image\/","url":"https:\/\/gombergdalfen.ca\/wp-content\/uploads\/2019\/08\/logo.png","contentUrl":"https:\/\/gombergdalfen.ca\/wp-content\/uploads\/2019\/08\/logo.png","width":750,"height":203,"caption":"Gomberg Dalfen, S.E.N.C."},"image":{"@id":"https:\/\/gombergdalfen.ca\/#\/schema\/logo\/image\/"}}]}},"_links":{"self":[{"href":"https:\/\/gombergdalfen.ca\/es\/wp-json\/wp\/v2\/pages\/337","targetHints":{"allow":["GET"]}}],"collection":[{"href":"https:\/\/gombergdalfen.ca\/es\/wp-json\/wp\/v2\/pages"}],"about":[{"href":"https:\/\/gombergdalfen.ca\/es\/wp-json\/wp\/v2\/types\/page"}],"author":[{"embeddable":true,"href":"https:\/\/gombergdalfen.ca\/es\/wp-json\/wp\/v2\/users\/2"}],"replies":[{"embeddable":true,"href":"https:\/\/gombergdalfen.ca\/es\/wp-json\/wp\/v2\/comments?post=337"}],"version-history":[{"count":7,"href":"https:\/\/gombergdalfen.ca\/es\/wp-json\/wp\/v2\/pages\/337\/revisions"}],"predecessor-version":[{"id":1462,"href":"https:\/\/gombergdalfen.ca\/es\/wp-json\/wp\/v2\/pages\/337\/revisions\/1462"}],"up":[{"embeddable":true,"href":"https:\/\/gombergdalfen.ca\/es\/wp-json\/wp\/v2\/pages\/330"}],"wp:attachment":[{"href":"https:\/\/gombergdalfen.ca\/es\/wp-json\/wp\/v2\/media?parent=337"}],"curies":[{"name":"wp","href":"https:\/\/api.w.org\/{rel}","templated":true}]}}