{"id":338,"date":"2020-02-18T13:08:57","date_gmt":"2020-02-18T18:08:57","guid":{"rendered":"https:\/\/gombergdalfen.ca\/wordpress\/?page_id=338"},"modified":"2020-04-16T09:31:45","modified_gmt":"2020-04-16T13:31:45","slug":"mision","status":"publish","type":"page","link":"https:\/\/gombergdalfen.ca\/es\/mision\/","title":{"rendered":"Misi\u00f3n"},"content":{"rendered":"\t\t<div data-elementor-type=\"wp-page\" data-elementor-id=\"338\" class=\"elementor elementor-338\">\n\t\t\t\t\t\t<section class=\"elementor-section elementor-top-section elementor-element elementor-element-a720b7e elementor-section-stretched elementor-section-full_width elementor-section-height-min-height elementor-section-content-middle elementor-section-height-default elementor-section-items-middle\" data-id=\"a720b7e\" data-element_type=\"section\" data-settings=\"{&quot;stretch_section&quot;:&quot;section-stretched&quot;,&quot;background_background&quot;:&quot;classic&quot;}\">\n\t\t\t\t\t\t<div class=\"elementor-container elementor-column-gap-default\">\n\t\t\t\t\t<div class=\"elementor-column elementor-col-100 elementor-top-column elementor-element elementor-element-080bb71\" data-id=\"080bb71\" data-element_type=\"column\" data-settings=\"{&quot;background_background&quot;:&quot;classic&quot;}\">\n\t\t\t<div class=\"elementor-widget-wrap elementor-element-populated\">\n\t\t\t\t\t\t<div class=\"elementor-element elementor-element-2d20e8f elementor-widget elementor-widget-heading\" data-id=\"2d20e8f\" data-element_type=\"widget\" data-widget_type=\"heading.default\">\n\t\t\t\t<div class=\"elementor-widget-container\">\n\t\t\t\t\t<h1 class=\"elementor-heading-title elementor-size-default\">Nuestra misi\u00f3n<\/h1>\t\t\t\t<\/div>\n\t\t\t\t<\/div>\n\t\t\t\t<section class=\"elementor-section elementor-inner-section elementor-element elementor-element-bab4811 elementor-section-boxed elementor-section-height-default elementor-section-height-default\" data-id=\"bab4811\" data-element_type=\"section\">\n\t\t\t\t\t\t<div class=\"elementor-container elementor-column-gap-default\">\n\t\t\t\t\t<div class=\"elementor-column elementor-col-100 elementor-inner-column elementor-element elementor-element-2f2fec3\" data-id=\"2f2fec3\" data-element_type=\"column\">\n\t\t\t<div class=\"elementor-widget-wrap elementor-element-populated\">\n\t\t\t\t\t\t<div class=\"elementor-element elementor-element-1fcbb5e elementor-widget elementor-widget-text-editor\" data-id=\"1fcbb5e\" data-element_type=\"widget\" data-widget_type=\"text-editor.default\">\n\t\t\t\t<div class=\"elementor-widget-container\">\n\t\t\t\t\t\t\t\t\t<p>En Gomberg Dalfen, nuestro \u00e9xito es el \u00e9xito de nuestros clientes<\/p>\t\t\t\t\t\t\t\t<\/div>\n\t\t\t\t<\/div>\n\t\t\t\t\t<\/div>\n\t\t<\/div>\n\t\t\t\t\t<\/div>\n\t\t<\/section>\n\t\t\t\t\t<\/div>\n\t\t<\/div>\n\t\t\t\t\t<\/div>\n\t\t<\/section>\n\t\t\t\t<section class=\"elementor-section elementor-top-section elementor-element elementor-element-43fdb79 elementor-section-boxed elementor-section-height-default elementor-section-height-default\" data-id=\"43fdb79\" data-element_type=\"section\">\n\t\t\t\t\t\t<div class=\"elementor-container elementor-column-gap-wider\">\n\t\t\t\t\t<div class=\"elementor-column elementor-col-100 elementor-top-column elementor-element elementor-element-0bbddec\" data-id=\"0bbddec\" data-element_type=\"column\">\n\t\t\t<div class=\"elementor-widget-wrap elementor-element-populated\">\n\t\t\t\t\t\t<div class=\"elementor-element elementor-element-974296a elementor-widget elementor-widget-heading\" data-id=\"974296a\" data-element_type=\"widget\" data-widget_type=\"heading.default\">\n\t\t\t\t<div class=\"elementor-widget-container\">\n\t\t\t\t\t<h1 class=\"elementor-heading-title elementor-size-default\">Nuestra misi\u00f3n<\/h1>\t\t\t\t<\/div>\n\t\t\t\t<\/div>\n\t\t\t\t<div class=\"elementor-element elementor-element-3944ec9 elementor-widget-divider--view-line elementor-widget elementor-widget-divider\" data-id=\"3944ec9\" data-element_type=\"widget\" data-widget_type=\"divider.default\">\n\t\t\t\t<div class=\"elementor-widget-container\">\n\t\t\t\t\t\t\t<div class=\"elementor-divider\">\n\t\t\t<span class=\"elementor-divider-separator\">\n\t\t\t\t\t\t<\/span>\n\t\t<\/div>\n\t\t\t\t\t\t<\/div>\n\t\t\t\t<\/div>\n\t\t\t\t<div class=\"elementor-element elementor-element-552b250 elementor-widget elementor-widget-text-editor\" data-id=\"552b250\" data-element_type=\"widget\" data-widget_type=\"text-editor.default\">\n\t\t\t\t<div class=\"elementor-widget-container\">\n\t\t\t\t\t\t\t\t\t<p><strong>Gomberg Dalfen<\/strong>&nbsp;ayuda a sus clientes con todos los aspectos del proceso de inmigraci\u00f3n, proporcionando informaci\u00f3n completa y actualizada sobre pol\u00edticas, reglamentos y leyes, y facilitando los tr\u00e1mites inmigratorios.<\/p>\n<p>Facilitamos el proceso de inmigraci\u00f3n a clientes que traen a Canad\u00e1 el talento necesario para hacer crecer sus negocios.&nbsp;Somos expertos en nuestro campo y velamos por nuestros clientes.<\/p>\n<p>Tratamos el expediente de cada cliente como si fuera el nuestro. Entendemos las necesidades y las inquietudes de nuestros clientes, y la naturaleza del cambio de vida que puede representar el inmigrar. Nos mantenemos actualizados de los cambios introducidos a las leyes, a los reglamentos y a los procesos de inmigraci\u00f3n. Nuestro constante aprendizaje y contacto con colegas en el pa\u00eds y en el exterior nos mantiene actualizados y eficaces.<\/p>\n<p>Presentamos, en forma clara y transparente, la naturaleza y los requisitos de todos los aspectos del proceso de inmigraci\u00f3n, y nos aseguramos de que todos los documentos necesarios sean completados correctamente y presentados dentro de los plazos requeridos.<\/p>\t\t\t\t\t\t\t\t<\/div>\n\t\t\t\t<\/div>\n\t\t\t\t\t<\/div>\n\t\t<\/div>\n\t\t\t\t\t<\/div>\n\t\t<\/section>\n\t\t\t\t<\/div>\n\t\t","protected":false},"excerpt":{"rendered":"<p>Nuestra misi\u00f3n En Gomberg Dalfen, nuestro \u00e9xito es el \u00e9xito de nuestros clientes Nuestra misi\u00f3n Gomberg Dalfen&nbsp;ayuda a sus clientes con todos los aspectos del proceso de inmigraci\u00f3n, proporcionando informaci\u00f3n completa y actualizada sobre pol\u00edticas, reglamentos y leyes, y facilitando los tr\u00e1mites inmigratorios. Facilitamos el proceso de inmigraci\u00f3n a clientes que traen a Canad\u00e1 el [&hellip;]<\/p>\n","protected":false},"author":2,"featured_media":0,"parent":0,"menu_order":0,"comment_status":"closed","ping_status":"open","template":"","meta":{"_acf_changed":false,"footnotes":""},"class_list":["post-338","page","type-page","status-publish","hentry"],"acf":[],"yoast_head":"<!-- This site is optimized with the Yoast SEO plugin v27.3 - https:\/\/yoast.com\/product\/yoast-seo-wordpress\/ -->\n<title>Misi\u00f3n<\/title>\n<meta name=\"description\" content=\"Gomberg Dalfen ayuda a sus clientes con todos los aspectos del proceso de inmigraci\u00f3n, proporcionando informaci\u00f3n completa y actualizada sobre pol\u00edticas, reglamentos y leyes, y facilitando los tr\u00e1mites inmigratorios.\" \/>\n<meta name=\"robots\" content=\"index, follow, max-snippet:-1, max-image-preview:large, max-video-preview:-1\" \/>\n<link rel=\"canonical\" href=\"https:\/\/gombergdalfen.ca\/es\/mision\/\" \/>\n<meta property=\"og:locale\" content=\"es_ES\" \/>\n<meta property=\"og:type\" content=\"article\" \/>\n<meta property=\"og:title\" content=\"Misi\u00f3n\" \/>\n<meta property=\"og:description\" content=\"Gomberg Dalfen ayuda a sus clientes con todos los aspectos del proceso de inmigraci\u00f3n, proporcionando informaci\u00f3n completa y actualizada sobre pol\u00edticas, reglamentos y leyes, y facilitando los tr\u00e1mites inmigratorios.\" \/>\n<meta property=\"og:url\" content=\"https:\/\/gombergdalfen.ca\/es\/mision\/\" \/>\n<meta property=\"og:site_name\" content=\"Gomberg Dalfen S.E.N.C.\" \/>\n<meta property=\"article:modified_time\" content=\"2020-04-16T13:31:45+00:00\" \/>\n<meta property=\"og:image\" content=\"https:\/\/gombergdalfen.ca\/wp-content\/uploads\/2020\/02\/website-thumbnail.jpg\" \/>\n\t<meta property=\"og:image:width\" content=\"925\" \/>\n\t<meta property=\"og:image:height\" content=\"768\" \/>\n\t<meta property=\"og:image:type\" content=\"image\/jpeg\" \/>\n<meta name=\"twitter:card\" content=\"summary_large_image\" \/>\n<meta name=\"twitter:label1\" content=\"Tiempo de lectura\" \/>\n\t<meta name=\"twitter:data1\" content=\"1 minuto\" \/>\n<script type=\"application\/ld+json\" class=\"yoast-schema-graph\">{\"@context\":\"https:\\\/\\\/schema.org\",\"@graph\":[{\"@type\":\"WebPage\",\"@id\":\"https:\\\/\\\/gombergdalfen.ca\\\/es\\\/mision\\\/\",\"url\":\"https:\\\/\\\/gombergdalfen.ca\\\/es\\\/mision\\\/\",\"name\":\"Misi\u00f3n\",\"isPartOf\":{\"@id\":\"https:\\\/\\\/gombergdalfen.ca\\\/#website\"},\"datePublished\":\"2020-02-18T18:08:57+00:00\",\"dateModified\":\"2020-04-16T13:31:45+00:00\",\"description\":\"Gomberg Dalfen ayuda a sus clientes con todos los aspectos del proceso de inmigraci\u00f3n, proporcionando informaci\u00f3n completa y actualizada sobre pol\u00edticas, reglamentos y leyes, y facilitando los tr\u00e1mites inmigratorios.\",\"breadcrumb\":{\"@id\":\"https:\\\/\\\/gombergdalfen.ca\\\/es\\\/mision\\\/#breadcrumb\"},\"inLanguage\":\"es\",\"potentialAction\":[{\"@type\":\"ReadAction\",\"target\":[\"https:\\\/\\\/gombergdalfen.ca\\\/es\\\/mision\\\/\"]}]},{\"@type\":\"BreadcrumbList\",\"@id\":\"https:\\\/\\\/gombergdalfen.ca\\\/es\\\/mision\\\/#breadcrumb\",\"itemListElement\":[{\"@type\":\"ListItem\",\"position\":1,\"name\":\"Home\",\"item\":\"https:\\\/\\\/gombergdalfen.ca\\\/es\\\/\"},{\"@type\":\"ListItem\",\"position\":2,\"name\":\"Misi\u00f3n\"}]},{\"@type\":\"WebSite\",\"@id\":\"https:\\\/\\\/gombergdalfen.ca\\\/#website\",\"url\":\"https:\\\/\\\/gombergdalfen.ca\\\/\",\"name\":\"Gomberg Dalfen S.E.N.C.\",\"description\":\"Ley de inmigracion\",\"publisher\":{\"@id\":\"https:\\\/\\\/gombergdalfen.ca\\\/#organization\"},\"potentialAction\":[{\"@type\":\"SearchAction\",\"target\":{\"@type\":\"EntryPoint\",\"urlTemplate\":\"https:\\\/\\\/gombergdalfen.ca\\\/?s={search_term_string}\"},\"query-input\":{\"@type\":\"PropertyValueSpecification\",\"valueRequired\":true,\"valueName\":\"search_term_string\"}}],\"inLanguage\":\"es\"},{\"@type\":\"Organization\",\"@id\":\"https:\\\/\\\/gombergdalfen.ca\\\/#organization\",\"name\":\"Gomberg Dalfen, S.E.N.C.\",\"url\":\"https:\\\/\\\/gombergdalfen.ca\\\/\",\"logo\":{\"@type\":\"ImageObject\",\"inLanguage\":\"es\",\"@id\":\"https:\\\/\\\/gombergdalfen.ca\\\/#\\\/schema\\\/logo\\\/image\\\/\",\"url\":\"https:\\\/\\\/gombergdalfen.ca\\\/wp-content\\\/uploads\\\/2019\\\/08\\\/logo.png\",\"contentUrl\":\"https:\\\/\\\/gombergdalfen.ca\\\/wp-content\\\/uploads\\\/2019\\\/08\\\/logo.png\",\"width\":750,\"height\":203,\"caption\":\"Gomberg Dalfen, S.E.N.C.\"},\"image\":{\"@id\":\"https:\\\/\\\/gombergdalfen.ca\\\/#\\\/schema\\\/logo\\\/image\\\/\"}}]}<\/script>\n<!-- \/ Yoast SEO plugin. -->","yoast_head_json":{"title":"Misi\u00f3n","description":"Gomberg Dalfen ayuda a sus clientes con todos los aspectos del proceso de inmigraci\u00f3n, proporcionando informaci\u00f3n completa y actualizada sobre pol\u00edticas, reglamentos y leyes, y facilitando los tr\u00e1mites inmigratorios.","robots":{"index":"index","follow":"follow","max-snippet":"max-snippet:-1","max-image-preview":"max-image-preview:large","max-video-preview":"max-video-preview:-1"},"canonical":"https:\/\/gombergdalfen.ca\/es\/mision\/","og_locale":"es_ES","og_type":"article","og_title":"Misi\u00f3n","og_description":"Gomberg Dalfen ayuda a sus clientes con todos los aspectos del proceso de inmigraci\u00f3n, proporcionando informaci\u00f3n completa y actualizada sobre pol\u00edticas, reglamentos y leyes, y facilitando los tr\u00e1mites inmigratorios.","og_url":"https:\/\/gombergdalfen.ca\/es\/mision\/","og_site_name":"Gomberg Dalfen S.E.N.C.","article_modified_time":"2020-04-16T13:31:45+00:00","og_image":[{"width":925,"height":768,"url":"https:\/\/gombergdalfen.ca\/wp-content\/uploads\/2020\/02\/website-thumbnail.jpg","type":"image\/jpeg"}],"twitter_card":"summary_large_image","twitter_misc":{"Tiempo de lectura":"1 minuto"},"schema":{"@context":"https:\/\/schema.org","@graph":[{"@type":"WebPage","@id":"https:\/\/gombergdalfen.ca\/es\/mision\/","url":"https:\/\/gombergdalfen.ca\/es\/mision\/","name":"Misi\u00f3n","isPartOf":{"@id":"https:\/\/gombergdalfen.ca\/#website"},"datePublished":"2020-02-18T18:08:57+00:00","dateModified":"2020-04-16T13:31:45+00:00","description":"Gomberg Dalfen ayuda a sus clientes con todos los aspectos del proceso de inmigraci\u00f3n, proporcionando informaci\u00f3n completa y actualizada sobre pol\u00edticas, reglamentos y leyes, y facilitando los tr\u00e1mites inmigratorios.","breadcrumb":{"@id":"https:\/\/gombergdalfen.ca\/es\/mision\/#breadcrumb"},"inLanguage":"es","potentialAction":[{"@type":"ReadAction","target":["https:\/\/gombergdalfen.ca\/es\/mision\/"]}]},{"@type":"BreadcrumbList","@id":"https:\/\/gombergdalfen.ca\/es\/mision\/#breadcrumb","itemListElement":[{"@type":"ListItem","position":1,"name":"Home","item":"https:\/\/gombergdalfen.ca\/es\/"},{"@type":"ListItem","position":2,"name":"Misi\u00f3n"}]},{"@type":"WebSite","@id":"https:\/\/gombergdalfen.ca\/#website","url":"https:\/\/gombergdalfen.ca\/","name":"Gomberg Dalfen S.E.N.C.","description":"Ley de inmigracion","publisher":{"@id":"https:\/\/gombergdalfen.ca\/#organization"},"potentialAction":[{"@type":"SearchAction","target":{"@type":"EntryPoint","urlTemplate":"https:\/\/gombergdalfen.ca\/?s={search_term_string}"},"query-input":{"@type":"PropertyValueSpecification","valueRequired":true,"valueName":"search_term_string"}}],"inLanguage":"es"},{"@type":"Organization","@id":"https:\/\/gombergdalfen.ca\/#organization","name":"Gomberg Dalfen, S.E.N.C.","url":"https:\/\/gombergdalfen.ca\/","logo":{"@type":"ImageObject","inLanguage":"es","@id":"https:\/\/gombergdalfen.ca\/#\/schema\/logo\/image\/","url":"https:\/\/gombergdalfen.ca\/wp-content\/uploads\/2019\/08\/logo.png","contentUrl":"https:\/\/gombergdalfen.ca\/wp-content\/uploads\/2019\/08\/logo.png","width":750,"height":203,"caption":"Gomberg Dalfen, S.E.N.C."},"image":{"@id":"https:\/\/gombergdalfen.ca\/#\/schema\/logo\/image\/"}}]}},"_links":{"self":[{"href":"https:\/\/gombergdalfen.ca\/es\/wp-json\/wp\/v2\/pages\/338","targetHints":{"allow":["GET"]}}],"collection":[{"href":"https:\/\/gombergdalfen.ca\/es\/wp-json\/wp\/v2\/pages"}],"about":[{"href":"https:\/\/gombergdalfen.ca\/es\/wp-json\/wp\/v2\/types\/page"}],"author":[{"embeddable":true,"href":"https:\/\/gombergdalfen.ca\/es\/wp-json\/wp\/v2\/users\/2"}],"replies":[{"embeddable":true,"href":"https:\/\/gombergdalfen.ca\/es\/wp-json\/wp\/v2\/comments?post=338"}],"version-history":[{"count":6,"href":"https:\/\/gombergdalfen.ca\/es\/wp-json\/wp\/v2\/pages\/338\/revisions"}],"predecessor-version":[{"id":569,"href":"https:\/\/gombergdalfen.ca\/es\/wp-json\/wp\/v2\/pages\/338\/revisions\/569"}],"wp:attachment":[{"href":"https:\/\/gombergdalfen.ca\/es\/wp-json\/wp\/v2\/media?parent=338"}],"curies":[{"name":"wp","href":"https:\/\/api.w.org\/{rel}","templated":true}]}}