{"id":862,"date":"2021-07-08T16:04:05","date_gmt":"2021-07-08T20:04:05","guid":{"rendered":"https:\/\/gombergdalfen.ca\/?page_id=862"},"modified":"2025-12-02T15:37:04","modified_gmt":"2025-12-02T20:37:04","slug":"publicaciones","status":"publish","type":"page","link":"https:\/\/gombergdalfen.ca\/es\/publicaciones\/","title":{"rendered":"Publicaciones"},"content":{"rendered":"\t\t<div data-elementor-type=\"wp-page\" data-elementor-id=\"862\" class=\"elementor elementor-862\">\n\t\t\t\t\t\t<section class=\"elementor-section elementor-top-section elementor-element elementor-element-a720b7e elementor-section-stretched elementor-section-full_width elementor-section-height-min-height elementor-section-content-middle elementor-section-height-default elementor-section-items-middle\" data-id=\"a720b7e\" data-element_type=\"section\" data-settings=\"{&quot;stretch_section&quot;:&quot;section-stretched&quot;,&quot;background_background&quot;:&quot;classic&quot;}\">\n\t\t\t\t\t\t<div class=\"elementor-container elementor-column-gap-default\">\n\t\t\t\t\t<div class=\"elementor-column elementor-col-100 elementor-top-column elementor-element elementor-element-080bb71\" data-id=\"080bb71\" data-element_type=\"column\" data-settings=\"{&quot;background_background&quot;:&quot;classic&quot;}\">\n\t\t\t<div class=\"elementor-widget-wrap elementor-element-populated\">\n\t\t\t\t\t\t<div class=\"elementor-element elementor-element-2d20e8f elementor-widget elementor-widget-heading\" data-id=\"2d20e8f\" data-element_type=\"widget\" data-widget_type=\"heading.default\">\n\t\t\t\t<div class=\"elementor-widget-container\">\n\t\t\t\t\t<h1 class=\"elementor-heading-title elementor-size-default\">Publicaciones<\/h1>\t\t\t\t<\/div>\n\t\t\t\t<\/div>\n\t\t\t\t<section class=\"elementor-section elementor-inner-section elementor-element elementor-element-bab4811 elementor-section-boxed elementor-section-height-default elementor-section-height-default\" data-id=\"bab4811\" data-element_type=\"section\">\n\t\t\t\t\t\t<div class=\"elementor-container elementor-column-gap-default\">\n\t\t\t\t\t<div class=\"elementor-column elementor-col-100 elementor-inner-column elementor-element elementor-element-2f2fec3\" data-id=\"2f2fec3\" data-element_type=\"column\">\n\t\t\t<div class=\"elementor-widget-wrap elementor-element-populated\">\n\t\t\t\t\t\t<div class=\"elementor-element elementor-element-1fcbb5e elementor-widget elementor-widget-text-editor\" data-id=\"1fcbb5e\" data-element_type=\"widget\" data-widget_type=\"text-editor.default\">\n\t\t\t\t<div class=\"elementor-widget-container\">\n\t\t\t\t\t\t\t\t\t<p>\u00c9xito a trav\u00e9s de la dedicaci\u00f3n, el compromiso y el conocimiento.<\/p>\t\t\t\t\t\t\t\t<\/div>\n\t\t\t\t<\/div>\n\t\t\t\t\t<\/div>\n\t\t<\/div>\n\t\t\t\t\t<\/div>\n\t\t<\/section>\n\t\t\t\t\t<\/div>\n\t\t<\/div>\n\t\t\t\t\t<\/div>\n\t\t<\/section>\n\t\t\t\t<section class=\"elementor-section elementor-top-section elementor-element elementor-element-43fdb79 elementor-section-boxed elementor-section-height-default elementor-section-height-default\" data-id=\"43fdb79\" data-element_type=\"section\">\n\t\t\t\t\t\t<div class=\"elementor-container elementor-column-gap-wider\">\n\t\t\t\t\t<div class=\"elementor-column elementor-col-100 elementor-top-column elementor-element elementor-element-0bbddec\" data-id=\"0bbddec\" data-element_type=\"column\">\n\t\t\t<div class=\"elementor-widget-wrap elementor-element-populated\">\n\t\t\t\t\t\t<div class=\"elementor-element elementor-element-b695a11 raven-advaned-posts-equal-height-yes elementor-widget elementor-widget-raven-advanced-posts\" data-id=\"b695a11\" data-element_type=\"widget\" data-settings=\"{&quot;show_sortable&quot;:&quot;yes&quot;,&quot;query_posts_per_page&quot;:12,&quot;general_layout&quot;:&quot;grid&quot;,&quot;columns&quot;:&quot;3&quot;,&quot;columns_tablet&quot;:&quot;2&quot;,&quot;columns_mobile&quot;:&quot;1&quot;,&quot;show_all_title&quot;:&quot;yes&quot;,&quot;query_orderby&quot;:&quot;date&quot;,&quot;query_offset&quot;:0}\" data-widget_type=\"raven-advanced-posts.default\">\n\t\t\t\t<div class=\"elementor-widget-container\">\n\t\t\t\t\t\t\t<div class=\"raven-posts raven-posts-grid\">\n\t\t\t<div class=\"raven-sortable\"><div class=\"raven-sortable-items\"><a class=\"raven-sortable-item raven-sortable-active\" data-category=\"-1\" href=\"#\">TODAS<\/a><a class=\"raven-sortable-item\" data-category=\"25\" href=\"#\">Art\u00edculos<\/a><a class=\"raven-sortable-item\" data-category=\"24\" href=\"#\">Boletines legales<\/a><\/div><span class=\"raven-posts-sortable-preloader\"><\/span><\/div>\t\t\t<div class=\"advanced-posts-content content-layout-under-image raven-grid raven-grid-3 raven-grid-mobile-1 raven-grid-tablet-2  \" data-post-id=\"862\" data-archive-query=\"\">\n\t\t\t\t<div class=\"raven-posts-item raven-grid-item  \"><div class=\"raven-post-wrapper \"><div class=\"raven-post  \"><div class=\"raven-post-content-container\"><div class=\"raven-post-content\" data-id=\"1720\"><h2 class=\"raven-post-title\"><a class=\"raven-post-title-link\" href=\"https:\/\/gombergdalfen.ca\/es\/canadian-and-quebec-governments-present-immigration-plans\/\">Canadian and Quebec Governments Present Immigration Plans<\/a><\/h2><div class=\"raven-post-excerpt\">S\u00f3lo disponible en ingl\u00e9s y en franc\u00e9s.<\/div><div class=\"raven-post-read-more\"><a class=\"raven-post-button\" href=\"https:\/\/gombergdalfen.ca\/es\/canadian-and-quebec-governments-present-immigration-plans\/\"><span class=\"raven-post-button-text\">M\u00e1s informaci\u00f3n<\/span><\/a><\/div><\/div><\/div><\/div><\/div><\/div><div class=\"raven-posts-item raven-grid-item  \"><div class=\"raven-post-wrapper \"><div class=\"raven-post  \"><div class=\"raven-post-content-container\"><div class=\"raven-post-content\" data-id=\"1715\"><h2 class=\"raven-post-title\"><a class=\"raven-post-title-link\" href=\"https:\/\/gombergdalfen.ca\/es\/major-changes-to-canadian-citizenship-by-descent\/\">Major Changes to Canadian Citizenship by Descent<\/a><\/h2><div class=\"raven-post-excerpt\">S\u00f3lo disponible en ingl\u00e9s y en franc\u00e9s.\r\n<\/div><div class=\"raven-post-read-more\"><a class=\"raven-post-button\" href=\"https:\/\/gombergdalfen.ca\/es\/major-changes-to-canadian-citizenship-by-descent\/\"><span class=\"raven-post-button-text\">M\u00e1s informaci\u00f3n<\/span><\/a><\/div><\/div><\/div><\/div><\/div><\/div><div class=\"raven-posts-item raven-grid-item  \"><div class=\"raven-post-wrapper \"><div class=\"raven-post  \"><div class=\"raven-post-content-container\"><div class=\"raven-post-content\" data-id=\"1708\"><h2 class=\"raven-post-title\"><a class=\"raven-post-title-link\" href=\"https:\/\/gombergdalfen.ca\/es\/quebec-government-to-reopen-the-quebec-immigrant-investor-program\/\">Quebec Government to Reopen the Quebec Immigrant Investor Program<\/a><\/h2><div class=\"raven-post-excerpt\">S\u00f3lo disponible en ingl\u00e9s y en franc\u00e9s.<\/div><div class=\"raven-post-read-more\"><a class=\"raven-post-button\" href=\"https:\/\/gombergdalfen.ca\/es\/quebec-government-to-reopen-the-quebec-immigrant-investor-program\/\"><span class=\"raven-post-button-text\">M\u00e1s informaci\u00f3n<\/span><\/a><\/div><\/div><\/div><\/div><\/div><\/div><div class=\"raven-posts-item raven-grid-item  \"><div class=\"raven-post-wrapper \"><div class=\"raven-post  \"><div class=\"raven-post-content-container\"><div class=\"raven-post-content\" data-id=\"954\"><h2 class=\"raven-post-title\"><a class=\"raven-post-title-link\" href=\"https:\/\/gombergdalfen.ca\/es\/criminal-inadmissibility-under-canadian-immigration-law\/\">Criminal Inadmissibility under Canadian Immigration Law<\/a><\/h2><div class=\"raven-post-excerpt\">S\u00f3lo disponible en ingl\u00e9s y en franc\u00e9s.<\/div><div class=\"raven-post-read-more\"><a class=\"raven-post-button\" href=\"https:\/\/gombergdalfen.ca\/es\/criminal-inadmissibility-under-canadian-immigration-law\/\"><span class=\"raven-post-button-text\">M\u00e1s informaci\u00f3n<\/span><\/a><\/div><\/div><\/div><\/div><\/div><\/div>\t\t\t<\/div>\n\t\t\t\t\t<\/div>\n\t\t\t\t\t\t<\/div>\n\t\t\t\t<\/div>\n\t\t\t\t\t<\/div>\n\t\t<\/div>\n\t\t\t\t\t<\/div>\n\t\t<\/section>\n\t\t\t\t<section class=\"elementor-section elementor-top-section elementor-element elementor-element-b279249 elementor-section-stretched elementor-section-boxed elementor-section-height-default elementor-section-height-default\" data-id=\"b279249\" data-element_type=\"section\" data-settings=\"{&quot;stretch_section&quot;:&quot;section-stretched&quot;,&quot;background_background&quot;:&quot;classic&quot;}\">\n\t\t\t\t\t\t<div class=\"elementor-container elementor-column-gap-wider\">\n\t\t\t\t\t<div class=\"elementor-column elementor-col-100 elementor-top-column elementor-element elementor-element-94387f2\" data-id=\"94387f2\" data-element_type=\"column\">\n\t\t\t<div class=\"elementor-widget-wrap elementor-element-populated\">\n\t\t\t\t\t\t<div class=\"elementor-element elementor-element-c7257dc elementor-widget elementor-widget-text-editor\" data-id=\"c7257dc\" data-element_type=\"widget\" data-widget_type=\"text-editor.default\">\n\t\t\t\t<div class=\"elementor-widget-container\">\n\t\t\t\t\t\t\t\t\t<h4 style=\"text-align: center;\">Suscr\u00edbase a nuestro Bolet\u00edn peri\u00f3dico de Gomberg Dalfen S.E.N.C.<\/h4>\t\t\t\t\t\t\t\t<\/div>\n\t\t\t\t<\/div>\n\t\t\t\t<div class=\"elementor-element elementor-element-4705cc2 elementor-widget elementor-widget-shortcode\" data-id=\"4705cc2\" data-element_type=\"widget\" data-widget_type=\"shortcode.default\">\n\t\t\t\t<div class=\"elementor-widget-container\">\n\t\t\t\t\t\t\t<div class=\"elementor-shortcode\"><div data-form-id=\"1846\" id=\"ctct-form-wrapper-0\" class=\"ctct-form-wrapper\"><form class=\"ctct-form ctct-form-1846 comment-form  has-recaptcha ctct-default\" id=\"ctct-form-2012279068\" data-doajax=\"on\" style=\"\" action=\"\" method=\"post\"><p class=\"ctct-form-field ctct-form-field-text ctct-form-field-required\"><span class=\"ctct-label-hidden\"><label for=\"first_name___039ffb20dede6bc4ed1ae012150fe993_0_3283007258\">Nombre <span class=\"ctct-required-indicatior\" title=\"This is a required field\">*<\/span><\/label><\/span><input required aria-required=\"true\"  type=\"text\" id=\"first_name___039ffb20dede6bc4ed1ae012150fe993_0_3283007258\" name=\"first_name___039ffb20dede6bc4ed1ae012150fe993\"  value=\"\" class=\"ctct-text ctct-label-hidden first_name___039ffb20dede6bc4ed1ae012150fe993\" maxlength=\"255\" placeholder=\"\"   \/><\/p><p class=\"ctct-form-field ctct-form-field-text ctct-form-field-required\"><span class=\"ctct-label-hidden\"><label for=\"last_name___30907cc21e6f2ce19e5c97cf8ba5f424_0_742750934\">Apellido <span class=\"ctct-required-indicatior\" title=\"This is a required field\">*<\/span><\/label><\/span><input required aria-required=\"true\"  type=\"text\" id=\"last_name___30907cc21e6f2ce19e5c97cf8ba5f424_0_742750934\" name=\"last_name___30907cc21e6f2ce19e5c97cf8ba5f424\"  value=\"\" class=\"ctct-text ctct-label-hidden last_name___30907cc21e6f2ce19e5c97cf8ba5f424\" maxlength=\"255\" placeholder=\"\"   \/><\/p><p class=\"ctct-form-field ctct-form-field-email ctct-form-field-required\"><span class=\"ctct-label-hidden\"><label for=\"email___7dbb75b6bed7d343bd5ae1f132c2b5b2_0_1456730787\">Correo electr\u00f3nico* <span class=\"ctct-required-indicatior\" title=\"This is a required field\">*<\/span><\/label><\/span><input required aria-required=\"true\"  type=\"email\" id=\"email___7dbb75b6bed7d343bd5ae1f132c2b5b2_0_1456730787\" name=\"email___7dbb75b6bed7d343bd5ae1f132c2b5b2\"  value=\"\" class=\"ctct-email ctct-label-hidden email___7dbb75b6bed7d343bd5ae1f132c2b5b2\"  placeholder=\"\"   \/><\/p><div class='ctct-list-selector' style='display:none;'><div class=\"ctct-form-field ctct-form-field-checkbox ctct-form-field-required\"><fieldset><legend class=\"ctct-label-top\">Select list(s) to subscribe to<\/legend><input type=\"checkbox\" name=\"lists___ee6985a5a0815fbaf0f9b55379789cb7[]\" id=\"lists___ee6985a5a0815fbaf0f9b55379789cb7_0_0\" value=\"9e1025f4-be7c-11f0-a0f0-0242c7bc85e3\" class=\"ctct-checkbox ctct-label-right\" checked \/><span class=\"ctct-label-right\"><label for=\"lists___ee6985a5a0815fbaf0f9b55379789cb7_0_0\">GD Bulletins 2025<\/label><\/span><\/fieldset><\/div><\/div><p class=\"ctct-form-field ctct-form-field-checkbox\"><span class=\"ctct-input-container\"><input type=\"checkbox\"  name=\"ctct-opt-in\" class=\"ctct-checkbox ctct-opt-in\" value=\"1\" id=\"ctct-opt-in_0\" \/><label for=\"ctct-opt-in_0\"> &nbsp;&nbsp; S\u00ed, me gustar\u00eda recibir correos electr\u00f3nicos de Gomberg Dalfen S.E.N.C. (Puede darse de baja en cualquier momento)<\/label><\/span><\/p><div class=\"g-recaptcha\" data-sitekey=\"6Lc4MB8sAAAAAKEvJwcfLm5g0_PQMPTmO28Kk3dU\" data-callback=\"ctctEnableBtn\" data-expired-callback=\"ctctDisableBtn\" data-size=\"normal\"><\/div><p class=\"ctct-form-field ctct-form-field-submit\"><input aria-required=\"false\"  type=\"submit\" id=\"ctct-submitted_0_1920580476\" name=\"ctct-submitted\"  value=\"ENVIAR\" class=\"ctct-submit ctct-label-top ctct-submitted\"     \/><\/p><div class=\"ctct_usage\" style=\"border: 0 none; clip: rect( 0, 0, 0, 0 ); height: 1px; margin: -1px; overflow: hidden; padding: 0; position: absolute; width: 1px;\"><label for=\"ctct_usage_field\">Constant Contact Use. Please leave this field blank.<\/label><input type=\"text\" value=\"\" id=\"ctct_usage_field\" name=\"ctct_usage_field\" class=\"ctct_usage_field\" tabindex=\"-1\" \/><\/div><input type=\"hidden\" name=\"ctct-id\" value=\"1846\" \/><input type=\"hidden\" name=\"ctct-verify\" value=\"3FUF4sngblcu1dsEsQFdh0MRO\" \/><input type=\"hidden\" name=\"ctct-instance\" value=\"0\" \/><input type=\"hidden\" name=\"ctct_time\" value=\"1776945131\" \/><input type=\"hidden\" name=\"ctct_must_opt_in\" value=\"yes\" \/><\/form><div class=\"ctct-disclosure\"><hr><small>By submitting this form, you are consenting to receive marketing emails from: Gomberg Dalfen S.E.N.C.. You can revoke your consent to receive emails at any time by using the SafeUnsubscribe&reg; link, found at the bottom of every email. <a href=\"https:\/\/www.constantcontact.com\/legal\/about-constant-contact\" target=\"_blank\" rel=\"noopener noreferrer\" aria-label=\"Emails are serviced by Constant Contact, opens a new window\">Emails are serviced by Constant Contact<\/a><\/small><\/div><script type=\"text\/javascript\">var ajaxurl = \"https:\/\/gombergdalfen.ca\/wp-admin\/admin-ajax.php\";<\/script><\/div><\/div>\n\t\t\t\t\t\t<\/div>\n\t\t\t\t<\/div>\n\t\t\t\t\t<\/div>\n\t\t<\/div>\n\t\t\t\t\t<\/div>\n\t\t<\/section>\n\t\t\t\t<\/div>\n\t\t","protected":false},"excerpt":{"rendered":"<p>Publicaciones \u00c9xito a trav\u00e9s de la dedicaci\u00f3n, el compromiso y el conocimiento. TODASArt\u00edculosBoletines legales Canadian and Quebec Governments Present Immigration Plans S\u00f3lo disponible en ingl\u00e9s y en franc\u00e9s.M\u00e1s informaci\u00f3n Major Changes to Canadian Citizenship by Descent S\u00f3lo disponible en ingl\u00e9s y en franc\u00e9s. M\u00e1s informaci\u00f3n Quebec Government to Reopen the Quebec Immigrant Investor Program S\u00f3lo [&hellip;]<\/p>\n","protected":false},"author":2,"featured_media":0,"parent":0,"menu_order":0,"comment_status":"closed","ping_status":"closed","template":"","meta":{"_acf_changed":false,"footnotes":""},"class_list":["post-862","page","type-page","status-publish","hentry"],"acf":[],"yoast_head":"<!-- This site is optimized with the Yoast SEO plugin v27.3 - https:\/\/yoast.com\/product\/yoast-seo-wordpress\/ -->\n<title>Publications<\/title>\n<meta name=\"description\" content=\"Please visit the links below to download our publications.\" \/>\n<meta name=\"robots\" content=\"index, follow, max-snippet:-1, max-image-preview:large, max-video-preview:-1\" \/>\n<link rel=\"canonical\" href=\"https:\/\/gombergdalfen.ca\/es\/publicaciones\/\" \/>\n<meta property=\"og:locale\" content=\"es_ES\" \/>\n<meta property=\"og:type\" content=\"article\" \/>\n<meta property=\"og:title\" content=\"Publications\" \/>\n<meta property=\"og:description\" content=\"Please visit the links below to download our publications.\" \/>\n<meta property=\"og:url\" content=\"https:\/\/gombergdalfen.ca\/es\/publicaciones\/\" \/>\n<meta property=\"og:site_name\" content=\"Gomberg Dalfen S.E.N.C.\" \/>\n<meta property=\"article:modified_time\" content=\"2025-12-02T20:37:04+00:00\" \/>\n<meta property=\"og:image\" content=\"https:\/\/gombergdalfen.ca\/wp-content\/uploads\/2020\/02\/website-thumbnail.jpg\" \/>\n\t<meta property=\"og:image:width\" content=\"925\" \/>\n\t<meta property=\"og:image:height\" content=\"768\" \/>\n\t<meta property=\"og:image:type\" content=\"image\/jpeg\" \/>\n<meta name=\"twitter:card\" content=\"summary_large_image\" \/>\n<meta name=\"twitter:label1\" content=\"Tiempo de lectura\" \/>\n\t<meta name=\"twitter:data1\" content=\"1 minuto\" \/>\n<script type=\"application\/ld+json\" class=\"yoast-schema-graph\">{\"@context\":\"https:\\\/\\\/schema.org\",\"@graph\":[{\"@type\":\"WebPage\",\"@id\":\"https:\\\/\\\/gombergdalfen.ca\\\/es\\\/publicaciones\\\/\",\"url\":\"https:\\\/\\\/gombergdalfen.ca\\\/es\\\/publicaciones\\\/\",\"name\":\"Publications\",\"isPartOf\":{\"@id\":\"https:\\\/\\\/gombergdalfen.ca\\\/#website\"},\"datePublished\":\"2021-07-08T20:04:05+00:00\",\"dateModified\":\"2025-12-02T20:37:04+00:00\",\"description\":\"Please visit the links below to download our publications.\",\"breadcrumb\":{\"@id\":\"https:\\\/\\\/gombergdalfen.ca\\\/es\\\/publicaciones\\\/#breadcrumb\"},\"inLanguage\":\"es\",\"potentialAction\":[{\"@type\":\"ReadAction\",\"target\":[\"https:\\\/\\\/gombergdalfen.ca\\\/es\\\/publicaciones\\\/\"]}]},{\"@type\":\"BreadcrumbList\",\"@id\":\"https:\\\/\\\/gombergdalfen.ca\\\/es\\\/publicaciones\\\/#breadcrumb\",\"itemListElement\":[{\"@type\":\"ListItem\",\"position\":1,\"name\":\"Home\",\"item\":\"https:\\\/\\\/gombergdalfen.ca\\\/es\\\/\"},{\"@type\":\"ListItem\",\"position\":2,\"name\":\"Publicaciones\"}]},{\"@type\":\"WebSite\",\"@id\":\"https:\\\/\\\/gombergdalfen.ca\\\/#website\",\"url\":\"https:\\\/\\\/gombergdalfen.ca\\\/\",\"name\":\"Gomberg Dalfen S.E.N.C.\",\"description\":\"Ley de inmigracion\",\"publisher\":{\"@id\":\"https:\\\/\\\/gombergdalfen.ca\\\/#organization\"},\"potentialAction\":[{\"@type\":\"SearchAction\",\"target\":{\"@type\":\"EntryPoint\",\"urlTemplate\":\"https:\\\/\\\/gombergdalfen.ca\\\/?s={search_term_string}\"},\"query-input\":{\"@type\":\"PropertyValueSpecification\",\"valueRequired\":true,\"valueName\":\"search_term_string\"}}],\"inLanguage\":\"es\"},{\"@type\":\"Organization\",\"@id\":\"https:\\\/\\\/gombergdalfen.ca\\\/#organization\",\"name\":\"Gomberg Dalfen, S.E.N.C.\",\"url\":\"https:\\\/\\\/gombergdalfen.ca\\\/\",\"logo\":{\"@type\":\"ImageObject\",\"inLanguage\":\"es\",\"@id\":\"https:\\\/\\\/gombergdalfen.ca\\\/#\\\/schema\\\/logo\\\/image\\\/\",\"url\":\"https:\\\/\\\/gombergdalfen.ca\\\/wp-content\\\/uploads\\\/2019\\\/08\\\/logo.png\",\"contentUrl\":\"https:\\\/\\\/gombergdalfen.ca\\\/wp-content\\\/uploads\\\/2019\\\/08\\\/logo.png\",\"width\":750,\"height\":203,\"caption\":\"Gomberg Dalfen, S.E.N.C.\"},\"image\":{\"@id\":\"https:\\\/\\\/gombergdalfen.ca\\\/#\\\/schema\\\/logo\\\/image\\\/\"}}]}<\/script>\n<!-- \/ Yoast SEO plugin. -->","yoast_head_json":{"title":"Publications","description":"Please visit the links below to download our publications.","robots":{"index":"index","follow":"follow","max-snippet":"max-snippet:-1","max-image-preview":"max-image-preview:large","max-video-preview":"max-video-preview:-1"},"canonical":"https:\/\/gombergdalfen.ca\/es\/publicaciones\/","og_locale":"es_ES","og_type":"article","og_title":"Publications","og_description":"Please visit the links below to download our publications.","og_url":"https:\/\/gombergdalfen.ca\/es\/publicaciones\/","og_site_name":"Gomberg Dalfen S.E.N.C.","article_modified_time":"2025-12-02T20:37:04+00:00","og_image":[{"width":925,"height":768,"url":"https:\/\/gombergdalfen.ca\/wp-content\/uploads\/2020\/02\/website-thumbnail.jpg","type":"image\/jpeg"}],"twitter_card":"summary_large_image","twitter_misc":{"Tiempo de lectura":"1 minuto"},"schema":{"@context":"https:\/\/schema.org","@graph":[{"@type":"WebPage","@id":"https:\/\/gombergdalfen.ca\/es\/publicaciones\/","url":"https:\/\/gombergdalfen.ca\/es\/publicaciones\/","name":"Publications","isPartOf":{"@id":"https:\/\/gombergdalfen.ca\/#website"},"datePublished":"2021-07-08T20:04:05+00:00","dateModified":"2025-12-02T20:37:04+00:00","description":"Please visit the links below to download our publications.","breadcrumb":{"@id":"https:\/\/gombergdalfen.ca\/es\/publicaciones\/#breadcrumb"},"inLanguage":"es","potentialAction":[{"@type":"ReadAction","target":["https:\/\/gombergdalfen.ca\/es\/publicaciones\/"]}]},{"@type":"BreadcrumbList","@id":"https:\/\/gombergdalfen.ca\/es\/publicaciones\/#breadcrumb","itemListElement":[{"@type":"ListItem","position":1,"name":"Home","item":"https:\/\/gombergdalfen.ca\/es\/"},{"@type":"ListItem","position":2,"name":"Publicaciones"}]},{"@type":"WebSite","@id":"https:\/\/gombergdalfen.ca\/#website","url":"https:\/\/gombergdalfen.ca\/","name":"Gomberg Dalfen S.E.N.C.","description":"Ley de inmigracion","publisher":{"@id":"https:\/\/gombergdalfen.ca\/#organization"},"potentialAction":[{"@type":"SearchAction","target":{"@type":"EntryPoint","urlTemplate":"https:\/\/gombergdalfen.ca\/?s={search_term_string}"},"query-input":{"@type":"PropertyValueSpecification","valueRequired":true,"valueName":"search_term_string"}}],"inLanguage":"es"},{"@type":"Organization","@id":"https:\/\/gombergdalfen.ca\/#organization","name":"Gomberg Dalfen, S.E.N.C.","url":"https:\/\/gombergdalfen.ca\/","logo":{"@type":"ImageObject","inLanguage":"es","@id":"https:\/\/gombergdalfen.ca\/#\/schema\/logo\/image\/","url":"https:\/\/gombergdalfen.ca\/wp-content\/uploads\/2019\/08\/logo.png","contentUrl":"https:\/\/gombergdalfen.ca\/wp-content\/uploads\/2019\/08\/logo.png","width":750,"height":203,"caption":"Gomberg Dalfen, S.E.N.C."},"image":{"@id":"https:\/\/gombergdalfen.ca\/#\/schema\/logo\/image\/"}}]}},"_links":{"self":[{"href":"https:\/\/gombergdalfen.ca\/es\/wp-json\/wp\/v2\/pages\/862","targetHints":{"allow":["GET"]}}],"collection":[{"href":"https:\/\/gombergdalfen.ca\/es\/wp-json\/wp\/v2\/pages"}],"about":[{"href":"https:\/\/gombergdalfen.ca\/es\/wp-json\/wp\/v2\/types\/page"}],"author":[{"embeddable":true,"href":"https:\/\/gombergdalfen.ca\/es\/wp-json\/wp\/v2\/users\/2"}],"replies":[{"embeddable":true,"href":"https:\/\/gombergdalfen.ca\/es\/wp-json\/wp\/v2\/comments?post=862"}],"version-history":[{"count":19,"href":"https:\/\/gombergdalfen.ca\/es\/wp-json\/wp\/v2\/pages\/862\/revisions"}],"predecessor-version":[{"id":1867,"href":"https:\/\/gombergdalfen.ca\/es\/wp-json\/wp\/v2\/pages\/862\/revisions\/1867"}],"wp:attachment":[{"href":"https:\/\/gombergdalfen.ca\/es\/wp-json\/wp\/v2\/media?parent=862"}],"curies":[{"name":"wp","href":"https:\/\/api.w.org\/{rel}","templated":true}]}}