{"id":1116,"date":"2022-02-25T11:36:32","date_gmt":"2022-02-25T16:36:32","guid":{"rendered":"https:\/\/gombergdalfen.ca\/?page_id=1116"},"modified":"2024-01-16T10:24:59","modified_gmt":"2024-01-16T15:24:59","slug":"kathleen-rose-kennedy","status":"publish","type":"page","link":"https:\/\/gombergdalfen.ca\/fr\/avocats\/kathleen-rose-kennedy\/","title":{"rendered":"Kathleen-Rose Kennedy"},"content":{"rendered":"\t\t<div data-elementor-type=\"wp-page\" data-elementor-id=\"1116\" class=\"elementor elementor-1116\">\n\t\t\t\t\t\t<section class=\"elementor-section elementor-top-section elementor-element elementor-element-a720b7e elementor-section-stretched elementor-section-full_width elementor-section-height-min-height elementor-section-content-middle elementor-section-height-default elementor-section-items-middle\" data-id=\"a720b7e\" data-element_type=\"section\" data-settings=\"{&quot;stretch_section&quot;:&quot;section-stretched&quot;,&quot;background_background&quot;:&quot;classic&quot;}\">\n\t\t\t\t\t\t<div class=\"elementor-container elementor-column-gap-default\">\n\t\t\t\t\t<div class=\"elementor-column elementor-col-100 elementor-top-column elementor-element elementor-element-080bb71\" data-id=\"080bb71\" data-element_type=\"column\" data-settings=\"{&quot;background_background&quot;:&quot;classic&quot;}\">\n\t\t\t<div class=\"elementor-widget-wrap elementor-element-populated\">\n\t\t\t\t\t\t<div class=\"elementor-element elementor-element-2d20e8f elementor-widget elementor-widget-heading\" data-id=\"2d20e8f\" data-element_type=\"widget\" data-widget_type=\"heading.default\">\n\t\t\t\t<div class=\"elementor-widget-container\">\n\t\t\t\t\t<h1 class=\"elementor-heading-title elementor-size-default\">Nos avocats<\/h1>\t\t\t\t<\/div>\n\t\t\t\t<\/div>\n\t\t\t\t<section class=\"elementor-section elementor-inner-section elementor-element elementor-element-bab4811 elementor-section-boxed elementor-section-height-default elementor-section-height-default\" data-id=\"bab4811\" data-element_type=\"section\">\n\t\t\t\t\t\t<div class=\"elementor-container elementor-column-gap-default\">\n\t\t\t\t\t<div class=\"elementor-column elementor-col-100 elementor-inner-column elementor-element elementor-element-2f2fec3\" data-id=\"2f2fec3\" data-element_type=\"column\">\n\t\t\t<div class=\"elementor-widget-wrap elementor-element-populated\">\n\t\t\t\t\t\t<div class=\"elementor-element elementor-element-1fcbb5e elementor-widget elementor-widget-text-editor\" data-id=\"1fcbb5e\" data-element_type=\"widget\" data-widget_type=\"text-editor.default\">\n\t\t\t\t<div class=\"elementor-widget-container\">\n\t\t\t\t\t\t\t\t\t<p style=\"text-align: center;\">Notre succ\u00e8s passe par l&rsquo;\u00e9coute, l&rsquo;engagement et le savoir.<\/p>\t\t\t\t\t\t\t\t<\/div>\n\t\t\t\t<\/div>\n\t\t\t\t\t<\/div>\n\t\t<\/div>\n\t\t\t\t\t<\/div>\n\t\t<\/section>\n\t\t\t\t\t<\/div>\n\t\t<\/div>\n\t\t\t\t\t<\/div>\n\t\t<\/section>\n\t\t\t\t<section class=\"elementor-section elementor-top-section elementor-element elementor-element-43fdb79 elementor-section-boxed elementor-section-height-default elementor-section-height-default\" data-id=\"43fdb79\" data-element_type=\"section\">\n\t\t\t\t\t\t<div class=\"elementor-container elementor-column-gap-wider\">\n\t\t\t\t\t<div class=\"elementor-column elementor-col-50 elementor-top-column elementor-element elementor-element-0bbddec\" data-id=\"0bbddec\" data-element_type=\"column\">\n\t\t\t<div class=\"elementor-widget-wrap elementor-element-populated\">\n\t\t\t\t\t\t<div class=\"elementor-element elementor-element-974296a elementor-widget elementor-widget-heading\" data-id=\"974296a\" data-element_type=\"widget\" data-widget_type=\"heading.default\">\n\t\t\t\t<div class=\"elementor-widget-container\">\n\t\t\t\t\t<h1 class=\"elementor-heading-title elementor-size-default\">Kathleen-Rose Kennedy<\/h1>\t\t\t\t<\/div>\n\t\t\t\t<\/div>\n\t\t\t\t<div class=\"elementor-element elementor-element-3944ec9 elementor-widget-divider--view-line elementor-widget elementor-widget-divider\" data-id=\"3944ec9\" data-element_type=\"widget\" data-widget_type=\"divider.default\">\n\t\t\t\t<div class=\"elementor-widget-container\">\n\t\t\t\t\t\t\t<div class=\"elementor-divider\">\n\t\t\t<span class=\"elementor-divider-separator\">\n\t\t\t\t\t\t<\/span>\n\t\t<\/div>\n\t\t\t\t\t\t<\/div>\n\t\t\t\t<\/div>\n\t\t\t\t<div class=\"elementor-element elementor-element-afcc978 elementor-widget elementor-widget-image\" data-id=\"afcc978\" data-element_type=\"widget\" data-widget_type=\"image.default\">\n\t\t\t\t<div class=\"elementor-widget-container\">\n\t\t\t\t\t\t\t\t\t\t\t\t\t\t\t<img decoding=\"async\" src=\"https:\/\/gombergdalfen.ca\/wp-content\/uploads\/elementor\/thumbs\/Kathleen-rose-kennedy-pl1g7hu0upkba8yoqmrxm74urgrraxt06a14gqvkio.jpg\" title=\"Kathleen-rose-kennedy\" alt=\"Kathleen-rose-kennedy\" loading=\"lazy\" \/>\t\t\t\t\t\t\t\t\t\t\t\t\t\t\t<\/div>\n\t\t\t\t<\/div>\n\t\t\t\t<div class=\"elementor-element elementor-element-552b250 elementor-widget elementor-widget-text-editor\" data-id=\"552b250\" data-element_type=\"widget\" data-widget_type=\"text-editor.default\">\n\t\t\t\t<div class=\"elementor-widget-container\">\n\t\t\t\t\t\t\t\t\t<p><strong>Ligne directe :<\/strong><br \/>(514) 845-0997<\/p><p><strong>Courriel :<\/strong><br \/><a href=\"mailto:krkennedy@gombergdalfen.ca\">krkennedy@gombergdalfen.ca<\/a><\/p><p><strong>T\u00e9l\u00e9copieur :<\/strong><br \/>(514) 845-1559<\/p>\t\t\t\t\t\t\t\t<\/div>\n\t\t\t\t<\/div>\n\t\t\t\t\t<\/div>\n\t\t<\/div>\n\t\t\t\t<div class=\"elementor-column elementor-col-50 elementor-top-column elementor-element elementor-element-96d6750\" data-id=\"96d6750\" data-element_type=\"column\">\n\t\t\t<div class=\"elementor-widget-wrap elementor-element-populated\">\n\t\t\t\t\t\t<div class=\"elementor-element elementor-element-e5fa0d2 elementor-widget elementor-widget-heading\" data-id=\"e5fa0d2\" data-element_type=\"widget\" data-widget_type=\"heading.default\">\n\t\t\t\t<div class=\"elementor-widget-container\">\n\t\t\t\t\t<h1 class=\"elementor-heading-title elementor-size-default\">Biographie<\/h1>\t\t\t\t<\/div>\n\t\t\t\t<\/div>\n\t\t\t\t<div class=\"elementor-element elementor-element-fe41311 elementor-widget-divider--view-line elementor-widget elementor-widget-divider\" data-id=\"fe41311\" data-element_type=\"widget\" data-widget_type=\"divider.default\">\n\t\t\t\t<div class=\"elementor-widget-container\">\n\t\t\t\t\t\t\t<div class=\"elementor-divider\">\n\t\t\t<span class=\"elementor-divider-separator\">\n\t\t\t\t\t\t<\/span>\n\t\t<\/div>\n\t\t\t\t\t\t<\/div>\n\t\t\t\t<\/div>\n\t\t\t\t<div class=\"elementor-element elementor-element-ae6ce36 elementor-widget elementor-widget-text-editor\" data-id=\"ae6ce36\" data-element_type=\"widget\" data-widget_type=\"text-editor.default\">\n\t\t\t\t<div class=\"elementor-widget-container\">\n\t\t\t\t\t\t\t\t\t<p>Kathleen-Rose Kennedy s\u2019est jointe au cabinet Gomberg Dalfen en f\u00e9vrier 2022 et travaille sur des questions d\u2019immigration pour les entreprises et leurs employ\u00e9s, ainsi que sur diverses demandes de r\u00e9sidence permanente. Kathleen-Rose a fait ses \u00e9tudes de droit en Angleterre \u00e0 l\u2019Universit\u00e9 de Birmingham (2017 \u2013 2019) et par la suite, \u00e0 l\u2019Universit\u00e9 de Montr\u00e9al (2019 \u2013 2021). Pendant ses \u00e9tudes de droit, elle a \u00e9t\u00e9 b\u00e9n\u00e9vole au Centre Communautaire du droit d\u2019immigration \u00e0 Birmingham.<\/p><p>Apr\u00e8s avoir r\u00e9ussi l&rsquo;examen du Barreau du Qu\u00e9bec en juillet 2021, Kathleen-Rose a effectu\u00e9 son stage dans l&rsquo;un des plus grands cabinets de droit familial de Montr\u00e9al. \u00c0 la suite de son stage, elle a d\u00e9cid\u00e9 de pratiquer le droit de l&rsquo;immigration, o\u00f9 sa v\u00e9ritable passion et son int\u00e9r\u00eat ont toujours \u00e9t\u00e9. Kathleen-Rose apporte attention et empathie \u00e0 chaque client avec lequel elle travaille.<\/p><p>Kathleen-Rose parle couramment l&rsquo;anglais et le fran\u00e7ais, et poss\u00e8de une connaissance de base en espagnol.<\/p><p><strong>Ann\u00e9e d\u2019admission au Barreau<br \/><\/strong>Barreau du Qu\u00e9bec, 2022<\/p><p><strong>Facult\u00e9 de droit<br \/><\/strong>LL.B. (\u00e9quivalence), Universit\u00e9 de Montr\u00e9al, 2021<br \/>LL.B., Universit\u00e9 de Birmingham (UK), 2019<\/p><p><strong>Formation autre<br \/><\/strong>Baccalaur\u00e9at en Sciences Politiques, Universit\u00e9 McGill, 2016<\/p><p><strong>Adh\u00e9sion \u00e0 divers comit\u00e9s et activit\u00e9s<\/strong><\/p><ul><li>Membre de l\u2019Association du Barreau canadien<\/li><li>Membre du Jeune Barreau de Montr\u00e9al<\/li><li>Membre de l\u2019Association qu\u00e9b\u00e9coise des avocats et avocates en droit de l\u2019immigration<\/li><li>Membre du conseil d\u2019administration de divers organismes de la r\u00e9gion de Montr\u00e9al<\/li><li>Association Canadienne des Avocats en Immigration<\/li><\/ul>\t\t\t\t\t\t\t\t<\/div>\n\t\t\t\t<\/div>\n\t\t\t\t\t<\/div>\n\t\t<\/div>\n\t\t\t\t\t<\/div>\n\t\t<\/section>\n\t\t\t\t<\/div>\n\t\t","protected":false},"excerpt":{"rendered":"<p>Nos avocats Notre succ\u00e8s passe par l&rsquo;\u00e9coute, l&rsquo;engagement et le savoir. Ligne directe :(514) 845-0997 Courriel :krkennedy@gombergdalfen.ca T\u00e9l\u00e9copieur :(514) 845-1559 Biographie Kathleen-Rose Kennedy s\u2019est jointe au cabinet Gomberg Dalfen en f\u00e9vrier 2022 et travaille sur des questions d\u2019immigration pour les entreprises et leurs employ\u00e9s, ainsi que sur diverses demandes de r\u00e9sidence permanente. Kathleen-Rose a fait [&hellip;]<\/p>\n","protected":false},"author":3,"featured_media":0,"parent":306,"menu_order":0,"comment_status":"closed","ping_status":"open","template":"","meta":{"_acf_changed":false,"footnotes":""},"class_list":["post-1116","page","type-page","status-publish","hentry"],"acf":[],"yoast_head":"<!-- This site is optimized with the Yoast SEO plugin v27.3 - https:\/\/yoast.com\/product\/yoast-seo-wordpress\/ -->\n<title>Kathleen-Rose Kennedy<\/title>\n<meta name=\"description\" content=\"Kathleen-Rose Kennedy s\u2019est jointe au cabinet Gomberg Dalfen en f\u00e9vrier 2022 et travaille sur des questions d\u2019immigration pour les entreprises et leurs employ\u00e9s, ainsi que sur diverses demandes de r\u00e9sidence permanente.\" \/>\n<meta name=\"robots\" content=\"index, follow, max-snippet:-1, max-image-preview:large, max-video-preview:-1\" \/>\n<link rel=\"canonical\" href=\"https:\/\/gombergdalfen.ca\/es\/abogados\/kathleen-rose-kennedy\/\" \/>\n<meta property=\"og:locale\" content=\"fr_FR\" \/>\n<meta property=\"og:type\" content=\"article\" \/>\n<meta property=\"og:title\" content=\"Kathleen-Rose Kennedy\" \/>\n<meta property=\"og:description\" content=\"Kathleen-Rose Kennedy s\u2019est jointe au cabinet Gomberg Dalfen en f\u00e9vrier 2022 et travaille sur des questions d\u2019immigration pour les entreprises et leurs employ\u00e9s, ainsi que sur diverses demandes de r\u00e9sidence permanente.\" \/>\n<meta property=\"og:url\" content=\"https:\/\/gombergdalfen.ca\/es\/abogados\/kathleen-rose-kennedy\/\" \/>\n<meta property=\"og:site_name\" content=\"Gomberg Dalfen S.E.N.C.\" \/>\n<meta property=\"article:modified_time\" content=\"2024-01-16T15:24:59+00:00\" \/>\n<meta property=\"og:image\" content=\"https:\/\/gombergdalfen.ca\/wp-content\/uploads\/elementor\/thumbs\/Kathleen-rose-kennedy-pl1g7hu0upkba8yoqmrxm74urgrraxt06a14gqvkio.jpg\" \/>\n<meta name=\"twitter:card\" content=\"summary_large_image\" \/>\n<meta name=\"twitter:label1\" content=\"Dur\u00e9e de lecture estim\u00e9e\" \/>\n\t<meta name=\"twitter:data1\" content=\"2 minutes\" \/>\n<script type=\"application\/ld+json\" class=\"yoast-schema-graph\">{\"@context\":\"https:\\\/\\\/schema.org\",\"@graph\":[{\"@type\":\"WebPage\",\"@id\":\"https:\\\/\\\/gombergdalfen.ca\\\/es\\\/abogados\\\/kathleen-rose-kennedy\\\/\",\"url\":\"https:\\\/\\\/gombergdalfen.ca\\\/es\\\/abogados\\\/kathleen-rose-kennedy\\\/\",\"name\":\"Kathleen-Rose Kennedy\",\"isPartOf\":{\"@id\":\"https:\\\/\\\/gombergdalfen.ca\\\/#website\"},\"primaryImageOfPage\":{\"@id\":\"https:\\\/\\\/gombergdalfen.ca\\\/es\\\/abogados\\\/kathleen-rose-kennedy\\\/#primaryimage\"},\"image\":{\"@id\":\"https:\\\/\\\/gombergdalfen.ca\\\/es\\\/abogados\\\/kathleen-rose-kennedy\\\/#primaryimage\"},\"thumbnailUrl\":\"https:\\\/\\\/gombergdalfen.ca\\\/wp-content\\\/uploads\\\/elementor\\\/thumbs\\\/Kathleen-rose-kennedy-pl1g7hu0upkba8yoqmrxm74urgrraxt06a14gqvkio.jpg\",\"datePublished\":\"2022-02-25T16:36:32+00:00\",\"dateModified\":\"2024-01-16T15:24:59+00:00\",\"description\":\"Kathleen-Rose Kennedy s\u2019est jointe au cabinet Gomberg Dalfen en f\u00e9vrier 2022 et travaille sur des questions d\u2019immigration pour les entreprises et leurs employ\u00e9s, ainsi que sur diverses demandes de r\u00e9sidence permanente.\",\"breadcrumb\":{\"@id\":\"https:\\\/\\\/gombergdalfen.ca\\\/es\\\/abogados\\\/kathleen-rose-kennedy\\\/#breadcrumb\"},\"inLanguage\":\"fr-FR\",\"potentialAction\":[{\"@type\":\"ReadAction\",\"target\":[\"https:\\\/\\\/gombergdalfen.ca\\\/es\\\/abogados\\\/kathleen-rose-kennedy\\\/\"]}]},{\"@type\":\"ImageObject\",\"inLanguage\":\"fr-FR\",\"@id\":\"https:\\\/\\\/gombergdalfen.ca\\\/es\\\/abogados\\\/kathleen-rose-kennedy\\\/#primaryimage\",\"url\":\"https:\\\/\\\/gombergdalfen.ca\\\/wp-content\\\/uploads\\\/elementor\\\/thumbs\\\/Kathleen-rose-kennedy-pl1g7hu0upkba8yoqmrxm74urgrraxt06a14gqvkio.jpg\",\"contentUrl\":\"https:\\\/\\\/gombergdalfen.ca\\\/wp-content\\\/uploads\\\/elementor\\\/thumbs\\\/Kathleen-rose-kennedy-pl1g7hu0upkba8yoqmrxm74urgrraxt06a14gqvkio.jpg\"},{\"@type\":\"BreadcrumbList\",\"@id\":\"https:\\\/\\\/gombergdalfen.ca\\\/es\\\/abogados\\\/kathleen-rose-kennedy\\\/#breadcrumb\",\"itemListElement\":[{\"@type\":\"ListItem\",\"position\":1,\"name\":\"Home\",\"item\":\"https:\\\/\\\/gombergdalfen.ca\\\/fr\\\/\"},{\"@type\":\"ListItem\",\"position\":2,\"name\":\"Avocats\",\"item\":\"https:\\\/\\\/gombergdalfen.ca\\\/es\\\/abogados\\\/\"},{\"@type\":\"ListItem\",\"position\":3,\"name\":\"Kathleen-Rose Kennedy\"}]},{\"@type\":\"WebSite\",\"@id\":\"https:\\\/\\\/gombergdalfen.ca\\\/#website\",\"url\":\"https:\\\/\\\/gombergdalfen.ca\\\/\",\"name\":\"Gomberg Dalfen S.E.N.C.\",\"description\":\"La loi sur l&#039;immigration\",\"publisher\":{\"@id\":\"https:\\\/\\\/gombergdalfen.ca\\\/#organization\"},\"potentialAction\":[{\"@type\":\"SearchAction\",\"target\":{\"@type\":\"EntryPoint\",\"urlTemplate\":\"https:\\\/\\\/gombergdalfen.ca\\\/?s={search_term_string}\"},\"query-input\":{\"@type\":\"PropertyValueSpecification\",\"valueRequired\":true,\"valueName\":\"search_term_string\"}}],\"inLanguage\":\"fr-FR\"},{\"@type\":\"Organization\",\"@id\":\"https:\\\/\\\/gombergdalfen.ca\\\/#organization\",\"name\":\"Gomberg Dalfen, S.E.N.C.\",\"url\":\"https:\\\/\\\/gombergdalfen.ca\\\/\",\"logo\":{\"@type\":\"ImageObject\",\"inLanguage\":\"fr-FR\",\"@id\":\"https:\\\/\\\/gombergdalfen.ca\\\/#\\\/schema\\\/logo\\\/image\\\/\",\"url\":\"https:\\\/\\\/gombergdalfen.ca\\\/wp-content\\\/uploads\\\/2019\\\/08\\\/logo.png\",\"contentUrl\":\"https:\\\/\\\/gombergdalfen.ca\\\/wp-content\\\/uploads\\\/2019\\\/08\\\/logo.png\",\"width\":750,\"height\":203,\"caption\":\"Gomberg Dalfen, S.E.N.C.\"},\"image\":{\"@id\":\"https:\\\/\\\/gombergdalfen.ca\\\/#\\\/schema\\\/logo\\\/image\\\/\"}}]}<\/script>\n<!-- \/ Yoast SEO plugin. -->","yoast_head_json":{"title":"Kathleen-Rose Kennedy","description":"Kathleen-Rose Kennedy s\u2019est jointe au cabinet Gomberg Dalfen en f\u00e9vrier 2022 et travaille sur des questions d\u2019immigration pour les entreprises et leurs employ\u00e9s, ainsi que sur diverses demandes de r\u00e9sidence permanente.","robots":{"index":"index","follow":"follow","max-snippet":"max-snippet:-1","max-image-preview":"max-image-preview:large","max-video-preview":"max-video-preview:-1"},"canonical":"https:\/\/gombergdalfen.ca\/es\/abogados\/kathleen-rose-kennedy\/","og_locale":"fr_FR","og_type":"article","og_title":"Kathleen-Rose Kennedy","og_description":"Kathleen-Rose Kennedy s\u2019est jointe au cabinet Gomberg Dalfen en f\u00e9vrier 2022 et travaille sur des questions d\u2019immigration pour les entreprises et leurs employ\u00e9s, ainsi que sur diverses demandes de r\u00e9sidence permanente.","og_url":"https:\/\/gombergdalfen.ca\/es\/abogados\/kathleen-rose-kennedy\/","og_site_name":"Gomberg Dalfen S.E.N.C.","article_modified_time":"2024-01-16T15:24:59+00:00","og_image":[{"url":"https:\/\/gombergdalfen.ca\/wp-content\/uploads\/elementor\/thumbs\/Kathleen-rose-kennedy-pl1g7hu0upkba8yoqmrxm74urgrraxt06a14gqvkio.jpg","type":"","width":"","height":""}],"twitter_card":"summary_large_image","twitter_misc":{"Dur\u00e9e de lecture estim\u00e9e":"2 minutes"},"schema":{"@context":"https:\/\/schema.org","@graph":[{"@type":"WebPage","@id":"https:\/\/gombergdalfen.ca\/es\/abogados\/kathleen-rose-kennedy\/","url":"https:\/\/gombergdalfen.ca\/es\/abogados\/kathleen-rose-kennedy\/","name":"Kathleen-Rose Kennedy","isPartOf":{"@id":"https:\/\/gombergdalfen.ca\/#website"},"primaryImageOfPage":{"@id":"https:\/\/gombergdalfen.ca\/es\/abogados\/kathleen-rose-kennedy\/#primaryimage"},"image":{"@id":"https:\/\/gombergdalfen.ca\/es\/abogados\/kathleen-rose-kennedy\/#primaryimage"},"thumbnailUrl":"https:\/\/gombergdalfen.ca\/wp-content\/uploads\/elementor\/thumbs\/Kathleen-rose-kennedy-pl1g7hu0upkba8yoqmrxm74urgrraxt06a14gqvkio.jpg","datePublished":"2022-02-25T16:36:32+00:00","dateModified":"2024-01-16T15:24:59+00:00","description":"Kathleen-Rose Kennedy s\u2019est jointe au cabinet Gomberg Dalfen en f\u00e9vrier 2022 et travaille sur des questions d\u2019immigration pour les entreprises et leurs employ\u00e9s, ainsi que sur diverses demandes de r\u00e9sidence permanente.","breadcrumb":{"@id":"https:\/\/gombergdalfen.ca\/es\/abogados\/kathleen-rose-kennedy\/#breadcrumb"},"inLanguage":"fr-FR","potentialAction":[{"@type":"ReadAction","target":["https:\/\/gombergdalfen.ca\/es\/abogados\/kathleen-rose-kennedy\/"]}]},{"@type":"ImageObject","inLanguage":"fr-FR","@id":"https:\/\/gombergdalfen.ca\/es\/abogados\/kathleen-rose-kennedy\/#primaryimage","url":"https:\/\/gombergdalfen.ca\/wp-content\/uploads\/elementor\/thumbs\/Kathleen-rose-kennedy-pl1g7hu0upkba8yoqmrxm74urgrraxt06a14gqvkio.jpg","contentUrl":"https:\/\/gombergdalfen.ca\/wp-content\/uploads\/elementor\/thumbs\/Kathleen-rose-kennedy-pl1g7hu0upkba8yoqmrxm74urgrraxt06a14gqvkio.jpg"},{"@type":"BreadcrumbList","@id":"https:\/\/gombergdalfen.ca\/es\/abogados\/kathleen-rose-kennedy\/#breadcrumb","itemListElement":[{"@type":"ListItem","position":1,"name":"Home","item":"https:\/\/gombergdalfen.ca\/fr\/"},{"@type":"ListItem","position":2,"name":"Avocats","item":"https:\/\/gombergdalfen.ca\/es\/abogados\/"},{"@type":"ListItem","position":3,"name":"Kathleen-Rose Kennedy"}]},{"@type":"WebSite","@id":"https:\/\/gombergdalfen.ca\/#website","url":"https:\/\/gombergdalfen.ca\/","name":"Gomberg Dalfen S.E.N.C.","description":"La loi sur l&#039;immigration","publisher":{"@id":"https:\/\/gombergdalfen.ca\/#organization"},"potentialAction":[{"@type":"SearchAction","target":{"@type":"EntryPoint","urlTemplate":"https:\/\/gombergdalfen.ca\/?s={search_term_string}"},"query-input":{"@type":"PropertyValueSpecification","valueRequired":true,"valueName":"search_term_string"}}],"inLanguage":"fr-FR"},{"@type":"Organization","@id":"https:\/\/gombergdalfen.ca\/#organization","name":"Gomberg Dalfen, S.E.N.C.","url":"https:\/\/gombergdalfen.ca\/","logo":{"@type":"ImageObject","inLanguage":"fr-FR","@id":"https:\/\/gombergdalfen.ca\/#\/schema\/logo\/image\/","url":"https:\/\/gombergdalfen.ca\/wp-content\/uploads\/2019\/08\/logo.png","contentUrl":"https:\/\/gombergdalfen.ca\/wp-content\/uploads\/2019\/08\/logo.png","width":750,"height":203,"caption":"Gomberg Dalfen, S.E.N.C."},"image":{"@id":"https:\/\/gombergdalfen.ca\/#\/schema\/logo\/image\/"}}]}},"_links":{"self":[{"href":"https:\/\/gombergdalfen.ca\/fr\/wp-json\/wp\/v2\/pages\/1116","targetHints":{"allow":["GET"]}}],"collection":[{"href":"https:\/\/gombergdalfen.ca\/fr\/wp-json\/wp\/v2\/pages"}],"about":[{"href":"https:\/\/gombergdalfen.ca\/fr\/wp-json\/wp\/v2\/types\/page"}],"author":[{"embeddable":true,"href":"https:\/\/gombergdalfen.ca\/fr\/wp-json\/wp\/v2\/users\/3"}],"replies":[{"embeddable":true,"href":"https:\/\/gombergdalfen.ca\/fr\/wp-json\/wp\/v2\/comments?post=1116"}],"version-history":[{"count":7,"href":"https:\/\/gombergdalfen.ca\/fr\/wp-json\/wp\/v2\/pages\/1116\/revisions"}],"predecessor-version":[{"id":1485,"href":"https:\/\/gombergdalfen.ca\/fr\/wp-json\/wp\/v2\/pages\/1116\/revisions\/1485"}],"up":[{"embeddable":true,"href":"https:\/\/gombergdalfen.ca\/fr\/wp-json\/wp\/v2\/pages\/306"}],"wp:attachment":[{"href":"https:\/\/gombergdalfen.ca\/fr\/wp-json\/wp\/v2\/media?parent=1116"}],"curies":[{"name":"wp","href":"https:\/\/api.w.org\/{rel}","templated":true}]}}