{"id":1571,"date":"2025-05-02T13:48:52","date_gmt":"2025-05-02T17:48:52","guid":{"rendered":"https:\/\/gombergdalfen.ca\/?page_id=1571"},"modified":"2026-03-18T15:25:33","modified_gmt":"2026-03-18T19:25:33","slug":"kiana-soria-dadson","status":"publish","type":"page","link":"https:\/\/gombergdalfen.ca\/fr\/avocats\/kiana-soria-dadson\/","title":{"rendered":"Kiana Soria-Dadson\u00a0"},"content":{"rendered":"\t\t<div data-elementor-type=\"wp-page\" data-elementor-id=\"1571\" class=\"elementor elementor-1571\">\n\t\t\t\t\t\t<section class=\"elementor-section elementor-top-section elementor-element elementor-element-a720b7e elementor-section-stretched elementor-section-full_width elementor-section-height-min-height elementor-section-content-middle elementor-section-height-default elementor-section-items-middle\" data-id=\"a720b7e\" data-element_type=\"section\" data-settings=\"{&quot;stretch_section&quot;:&quot;section-stretched&quot;,&quot;background_background&quot;:&quot;classic&quot;}\">\n\t\t\t\t\t\t<div class=\"elementor-container elementor-column-gap-default\">\n\t\t\t\t\t<div class=\"elementor-column elementor-col-100 elementor-top-column elementor-element elementor-element-080bb71\" data-id=\"080bb71\" data-element_type=\"column\" data-settings=\"{&quot;background_background&quot;:&quot;classic&quot;}\">\n\t\t\t<div class=\"elementor-widget-wrap elementor-element-populated\">\n\t\t\t\t\t\t<div class=\"elementor-element elementor-element-2d20e8f elementor-widget elementor-widget-heading\" data-id=\"2d20e8f\" data-element_type=\"widget\" data-widget_type=\"heading.default\">\n\t\t\t\t<div class=\"elementor-widget-container\">\n\t\t\t\t\t<h1 class=\"elementor-heading-title elementor-size-default\">Nos avocats<\/h1>\t\t\t\t<\/div>\n\t\t\t\t<\/div>\n\t\t\t\t<section class=\"elementor-section elementor-inner-section elementor-element elementor-element-bab4811 elementor-section-boxed elementor-section-height-default elementor-section-height-default\" data-id=\"bab4811\" data-element_type=\"section\">\n\t\t\t\t\t\t<div class=\"elementor-container elementor-column-gap-default\">\n\t\t\t\t\t<div class=\"elementor-column elementor-col-100 elementor-inner-column elementor-element elementor-element-2f2fec3\" data-id=\"2f2fec3\" data-element_type=\"column\">\n\t\t\t<div class=\"elementor-widget-wrap elementor-element-populated\">\n\t\t\t\t\t\t<div class=\"elementor-element elementor-element-1fcbb5e elementor-widget elementor-widget-text-editor\" data-id=\"1fcbb5e\" data-element_type=\"widget\" data-widget_type=\"text-editor.default\">\n\t\t\t\t<div class=\"elementor-widget-container\">\n\t\t\t\t\t\t\t\t\t<p style=\"text-align: center;\">Notre succ\u00e8s passe par l&rsquo;\u00e9coute, l&rsquo;engagement et le savoir.<\/p>\t\t\t\t\t\t\t\t<\/div>\n\t\t\t\t<\/div>\n\t\t\t\t\t<\/div>\n\t\t<\/div>\n\t\t\t\t\t<\/div>\n\t\t<\/section>\n\t\t\t\t\t<\/div>\n\t\t<\/div>\n\t\t\t\t\t<\/div>\n\t\t<\/section>\n\t\t\t\t<section class=\"elementor-section elementor-top-section elementor-element elementor-element-43fdb79 elementor-section-boxed elementor-section-height-default elementor-section-height-default\" data-id=\"43fdb79\" data-element_type=\"section\">\n\t\t\t\t\t\t<div class=\"elementor-container elementor-column-gap-wider\">\n\t\t\t\t\t<div class=\"elementor-column elementor-col-50 elementor-top-column elementor-element elementor-element-0bbddec\" data-id=\"0bbddec\" data-element_type=\"column\">\n\t\t\t<div class=\"elementor-widget-wrap elementor-element-populated\">\n\t\t\t\t\t\t<div class=\"elementor-element elementor-element-974296a elementor-widget elementor-widget-heading\" data-id=\"974296a\" data-element_type=\"widget\" data-widget_type=\"heading.default\">\n\t\t\t\t<div class=\"elementor-widget-container\">\n\t\t\t\t\t<h1 class=\"elementor-heading-title elementor-size-default\">Kiana Soria-Dadson <\/h1>\t\t\t\t<\/div>\n\t\t\t\t<\/div>\n\t\t\t\t<div class=\"elementor-element elementor-element-3944ec9 elementor-widget-divider--view-line elementor-widget elementor-widget-divider\" data-id=\"3944ec9\" data-element_type=\"widget\" data-widget_type=\"divider.default\">\n\t\t\t\t<div class=\"elementor-widget-container\">\n\t\t\t\t\t\t\t<div class=\"elementor-divider\">\n\t\t\t<span class=\"elementor-divider-separator\">\n\t\t\t\t\t\t<\/span>\n\t\t<\/div>\n\t\t\t\t\t\t<\/div>\n\t\t\t\t<\/div>\n\t\t\t\t<div class=\"elementor-element elementor-element-afcc978 elementor-widget elementor-widget-image\" data-id=\"afcc978\" data-element_type=\"widget\" data-widget_type=\"image.default\">\n\t\t\t\t<div class=\"elementor-widget-container\">\n\t\t\t\t\t\t\t\t\t\t\t\t\t\t\t<img decoding=\"async\" src=\"https:\/\/gombergdalfen.ca\/wp-content\/uploads\/elementor\/thumbs\/kiana-soria-dadson-r587m2yzsbi1gg027ti3o5sn5fwtcphc3lb8lssgps.jpg\" title=\"kiana-soria-dadson\" alt=\"kiana-soria-dadson\" loading=\"lazy\" \/>\t\t\t\t\t\t\t\t\t\t\t\t\t\t\t<\/div>\n\t\t\t\t<\/div>\n\t\t\t\t<div class=\"elementor-element elementor-element-552b250 elementor-widget elementor-widget-text-editor\" data-id=\"552b250\" data-element_type=\"widget\" data-widget_type=\"text-editor.default\">\n\t\t\t\t<div class=\"elementor-widget-container\">\n\t\t\t\t\t\t\t\t\t<p><strong>Ligne directe :<br \/><\/strong>(514) 845-0991 ext. 231<\/p><p><strong>Courriel :<\/strong><br \/><a href=\"mailto:ksoria-dadson@gombergdalfen.ca\">ksoria-dadson@gombergdalfen.ca<\/a><\/p><p><strong>T\u00e9l\u00e9copieur :<\/strong><br \/>(514) 845-1559<\/p>\t\t\t\t\t\t\t\t<\/div>\n\t\t\t\t<\/div>\n\t\t\t\t\t<\/div>\n\t\t<\/div>\n\t\t\t\t<div class=\"elementor-column elementor-col-50 elementor-top-column elementor-element elementor-element-96d6750\" data-id=\"96d6750\" data-element_type=\"column\">\n\t\t\t<div class=\"elementor-widget-wrap elementor-element-populated\">\n\t\t\t\t\t\t<div class=\"elementor-element elementor-element-e5fa0d2 elementor-widget elementor-widget-heading\" data-id=\"e5fa0d2\" data-element_type=\"widget\" data-widget_type=\"heading.default\">\n\t\t\t\t<div class=\"elementor-widget-container\">\n\t\t\t\t\t<h1 class=\"elementor-heading-title elementor-size-default\">Biographie<\/h1>\t\t\t\t<\/div>\n\t\t\t\t<\/div>\n\t\t\t\t<div class=\"elementor-element elementor-element-fe41311 elementor-widget-divider--view-line elementor-widget elementor-widget-divider\" data-id=\"fe41311\" data-element_type=\"widget\" data-widget_type=\"divider.default\">\n\t\t\t\t<div class=\"elementor-widget-container\">\n\t\t\t\t\t\t\t<div class=\"elementor-divider\">\n\t\t\t<span class=\"elementor-divider-separator\">\n\t\t\t\t\t\t<\/span>\n\t\t<\/div>\n\t\t\t\t\t\t<\/div>\n\t\t\t\t<\/div>\n\t\t\t\t<div class=\"elementor-element elementor-element-ae6ce36 elementor-widget elementor-widget-text-editor\" data-id=\"ae6ce36\" data-element_type=\"widget\" data-widget_type=\"text-editor.default\">\n\t\t\t\t<div class=\"elementor-widget-container\">\n\t\t\t\t\t\t\t\t\t<p>Kiana Soria-Dadson s\u2019est joint au cabinet Gomberg Dalfen en mars 2026 apr\u00e8s y avoir effectu\u00e9 son stage du Barreau du Qu\u00e9bec.<\/p><p>Kiana est titulaire d\u2019un Baccalaur\u00e9at \u00e8s arts (cheminement honors &#8211; sp\u00e9cialisation en litt\u00e9rature anglaise et mineure en droit et soci\u00e9t\u00e9) de l\u2019Universit\u00e9 Concordia. Au cours de ses \u00e9tudes, elle a si\u00e9g\u00e9 au conseil judiciaire de l\u2019Union des \u00e9tudiants de Concordia. Kiana a obtenu son Baccalaur\u00e9at en droit (LL.B.) \u00e0 l\u2019Universit\u00e9 de Montr\u00e9al en 2024. Tout au long de son parcours universitaire, Kiana a acquis une exp\u00e9rience pratique en droit de l\u2019immigration en tant que stagiaire et assistante de recherche pendant ses \u00e9tudes de droit.<\/p><p>L&rsquo;attention, la capacit\u00e9 \u00e0 \u00e9tablir des liens avec les clients et l&rsquo;attitude positive de Kiana continuent de guider chacune de ses interactions.<\/p><p>Kiana parle couramment l&rsquo;anglais et le fran\u00e7ais.<\/p><p><strong>ANN\u00c9E D\u2019ADMISSION AU BARREAU<br \/><\/strong>Barreau du Qu\u00e9bec, 2026<\/p><p><strong>FACULT\u00c9S DE DROIT<br \/><\/strong>LL.B. Universit\u00e9 de Montr\u00e9al, 2024<\/p><p style=\"font-weight: 400;\"><strong>FORMATION AUTRE<br \/><\/strong>B. A. (Honours), Universit\u00e9 Concordia, 2020<\/p><p><strong>ADH\u00c9SION \u00c0 DIVERS COMIT\u00c9S ET ACTIVIT\u00c9S<\/strong><\/p><ul><li>Association du Barreau Canadien, section Droit de l\u2019immigration et de la citoyennet\u00e9<\/li><li>Association Canadienne des Avocats en Immigration<\/li><li>Association qu\u00e9b\u00e9coise des avocats et avocates en droit de l\u2019immigration<\/li><\/ul>\t\t\t\t\t\t\t\t<\/div>\n\t\t\t\t<\/div>\n\t\t\t\t\t<\/div>\n\t\t<\/div>\n\t\t\t\t\t<\/div>\n\t\t<\/section>\n\t\t\t\t<\/div>\n\t\t","protected":false},"excerpt":{"rendered":"<p>Nos avocats Notre succ\u00e8s passe par l&rsquo;\u00e9coute, l&rsquo;engagement et le savoir. Kiana Soria-Dadson Ligne directe :(514) 845-0991 ext. 231 Courriel :ksoria-dadson@gombergdalfen.ca T\u00e9l\u00e9copieur :(514) 845-1559 Biographie Kiana Soria-Dadson s\u2019est joint au cabinet Gomberg Dalfen en mars 2026 apr\u00e8s y avoir effectu\u00e9 son stage du Barreau du Qu\u00e9bec. Kiana est titulaire d\u2019un Baccalaur\u00e9at \u00e8s arts (cheminement honors [&hellip;]<\/p>\n","protected":false},"author":3,"featured_media":0,"parent":306,"menu_order":0,"comment_status":"closed","ping_status":"closed","template":"","meta":{"_acf_changed":false,"footnotes":""},"class_list":["post-1571","page","type-page","status-publish","hentry"],"acf":[],"yoast_head":"<!-- This site is optimized with the Yoast SEO plugin v27.3 - https:\/\/yoast.com\/product\/yoast-seo-wordpress\/ -->\n<title>Kiana Soria-Dadson\u00a0<\/title>\n<meta name=\"description\" content=\"Kiana Soria-Dadson se joins \u00e0 Gomberg Dalfen en tant que stagiaire \u00e0 l&#039;\u00e9t\u00e9 2025.\" \/>\n<meta name=\"robots\" content=\"index, follow, max-snippet:-1, max-image-preview:large, max-video-preview:-1\" \/>\n<link rel=\"canonical\" href=\"https:\/\/gombergdalfen.ca\/lawyers\/kiana-soria-dadson\/\" \/>\n<meta property=\"og:locale\" content=\"fr_FR\" \/>\n<meta property=\"og:type\" content=\"article\" \/>\n<meta property=\"og:title\" content=\"Kiana Soria-Dadson\u00a0\" \/>\n<meta property=\"og:description\" content=\"Kiana Soria-Dadson se joins \u00e0 Gomberg Dalfen en tant que stagiaire \u00e0 l&#039;\u00e9t\u00e9 2025.\" \/>\n<meta property=\"og:url\" content=\"https:\/\/gombergdalfen.ca\/lawyers\/kiana-soria-dadson\/\" \/>\n<meta property=\"og:site_name\" content=\"Gomberg Dalfen S.E.N.C.\" \/>\n<meta property=\"article:modified_time\" content=\"2026-03-18T19:25:33+00:00\" \/>\n<meta property=\"og:image\" content=\"https:\/\/gombergdalfen.ca\/wp-content\/uploads\/elementor\/thumbs\/kiana-soria-dadson-r587m2yzsbi1gg027ti3o5sn5fwtcphc3lb8lssgps.jpg\" \/>\n<meta name=\"twitter:card\" content=\"summary_large_image\" \/>\n<meta name=\"twitter:label1\" content=\"Dur\u00e9e de lecture estim\u00e9e\" \/>\n\t<meta name=\"twitter:data1\" content=\"1 minute\" \/>\n<script type=\"application\/ld+json\" class=\"yoast-schema-graph\">{\"@context\":\"https:\\\/\\\/schema.org\",\"@graph\":[{\"@type\":\"WebPage\",\"@id\":\"https:\\\/\\\/gombergdalfen.ca\\\/lawyers\\\/kiana-soria-dadson\\\/\",\"url\":\"https:\\\/\\\/gombergdalfen.ca\\\/lawyers\\\/kiana-soria-dadson\\\/\",\"name\":\"Kiana Soria-Dadson\u00a0\",\"isPartOf\":{\"@id\":\"https:\\\/\\\/gombergdalfen.ca\\\/#website\"},\"primaryImageOfPage\":{\"@id\":\"https:\\\/\\\/gombergdalfen.ca\\\/lawyers\\\/kiana-soria-dadson\\\/#primaryimage\"},\"image\":{\"@id\":\"https:\\\/\\\/gombergdalfen.ca\\\/lawyers\\\/kiana-soria-dadson\\\/#primaryimage\"},\"thumbnailUrl\":\"https:\\\/\\\/gombergdalfen.ca\\\/wp-content\\\/uploads\\\/elementor\\\/thumbs\\\/kiana-soria-dadson-r587m2yzsbi1gg027ti3o5sn5fwtcphc3lb8lssgps.jpg\",\"datePublished\":\"2025-05-02T17:48:52+00:00\",\"dateModified\":\"2026-03-18T19:25:33+00:00\",\"description\":\"Kiana Soria-Dadson se joins \u00e0 Gomberg Dalfen en tant que stagiaire \u00e0 l'\u00e9t\u00e9 2025.\",\"breadcrumb\":{\"@id\":\"https:\\\/\\\/gombergdalfen.ca\\\/lawyers\\\/kiana-soria-dadson\\\/#breadcrumb\"},\"inLanguage\":\"fr-FR\",\"potentialAction\":[{\"@type\":\"ReadAction\",\"target\":[\"https:\\\/\\\/gombergdalfen.ca\\\/lawyers\\\/kiana-soria-dadson\\\/\"]}]},{\"@type\":\"ImageObject\",\"inLanguage\":\"fr-FR\",\"@id\":\"https:\\\/\\\/gombergdalfen.ca\\\/lawyers\\\/kiana-soria-dadson\\\/#primaryimage\",\"url\":\"https:\\\/\\\/gombergdalfen.ca\\\/wp-content\\\/uploads\\\/elementor\\\/thumbs\\\/kiana-soria-dadson-r587m2yzsbi1gg027ti3o5sn5fwtcphc3lb8lssgps.jpg\",\"contentUrl\":\"https:\\\/\\\/gombergdalfen.ca\\\/wp-content\\\/uploads\\\/elementor\\\/thumbs\\\/kiana-soria-dadson-r587m2yzsbi1gg027ti3o5sn5fwtcphc3lb8lssgps.jpg\"},{\"@type\":\"BreadcrumbList\",\"@id\":\"https:\\\/\\\/gombergdalfen.ca\\\/lawyers\\\/kiana-soria-dadson\\\/#breadcrumb\",\"itemListElement\":[{\"@type\":\"ListItem\",\"position\":1,\"name\":\"Home\",\"item\":\"https:\\\/\\\/gombergdalfen.ca\\\/fr\\\/\"},{\"@type\":\"ListItem\",\"position\":2,\"name\":\"Avocats\",\"item\":\"https:\\\/\\\/gombergdalfen.ca\\\/es\\\/abogados\\\/\"},{\"@type\":\"ListItem\",\"position\":3,\"name\":\"Kiana Soria-Dadson\u00a0\"}]},{\"@type\":\"WebSite\",\"@id\":\"https:\\\/\\\/gombergdalfen.ca\\\/#website\",\"url\":\"https:\\\/\\\/gombergdalfen.ca\\\/\",\"name\":\"Gomberg Dalfen S.E.N.C.\",\"description\":\"La loi sur l&#039;immigration\",\"publisher\":{\"@id\":\"https:\\\/\\\/gombergdalfen.ca\\\/#organization\"},\"potentialAction\":[{\"@type\":\"SearchAction\",\"target\":{\"@type\":\"EntryPoint\",\"urlTemplate\":\"https:\\\/\\\/gombergdalfen.ca\\\/?s={search_term_string}\"},\"query-input\":{\"@type\":\"PropertyValueSpecification\",\"valueRequired\":true,\"valueName\":\"search_term_string\"}}],\"inLanguage\":\"fr-FR\"},{\"@type\":\"Organization\",\"@id\":\"https:\\\/\\\/gombergdalfen.ca\\\/#organization\",\"name\":\"Gomberg Dalfen, S.E.N.C.\",\"url\":\"https:\\\/\\\/gombergdalfen.ca\\\/\",\"logo\":{\"@type\":\"ImageObject\",\"inLanguage\":\"fr-FR\",\"@id\":\"https:\\\/\\\/gombergdalfen.ca\\\/#\\\/schema\\\/logo\\\/image\\\/\",\"url\":\"https:\\\/\\\/gombergdalfen.ca\\\/wp-content\\\/uploads\\\/2019\\\/08\\\/logo.png\",\"contentUrl\":\"https:\\\/\\\/gombergdalfen.ca\\\/wp-content\\\/uploads\\\/2019\\\/08\\\/logo.png\",\"width\":750,\"height\":203,\"caption\":\"Gomberg Dalfen, S.E.N.C.\"},\"image\":{\"@id\":\"https:\\\/\\\/gombergdalfen.ca\\\/#\\\/schema\\\/logo\\\/image\\\/\"}}]}<\/script>\n<!-- \/ Yoast SEO plugin. -->","yoast_head_json":{"title":"Kiana Soria-Dadson\u00a0","description":"Kiana Soria-Dadson se joins \u00e0 Gomberg Dalfen en tant que stagiaire \u00e0 l'\u00e9t\u00e9 2025.","robots":{"index":"index","follow":"follow","max-snippet":"max-snippet:-1","max-image-preview":"max-image-preview:large","max-video-preview":"max-video-preview:-1"},"canonical":"https:\/\/gombergdalfen.ca\/lawyers\/kiana-soria-dadson\/","og_locale":"fr_FR","og_type":"article","og_title":"Kiana Soria-Dadson\u00a0","og_description":"Kiana Soria-Dadson se joins \u00e0 Gomberg Dalfen en tant que stagiaire \u00e0 l'\u00e9t\u00e9 2025.","og_url":"https:\/\/gombergdalfen.ca\/lawyers\/kiana-soria-dadson\/","og_site_name":"Gomberg Dalfen S.E.N.C.","article_modified_time":"2026-03-18T19:25:33+00:00","og_image":[{"url":"https:\/\/gombergdalfen.ca\/wp-content\/uploads\/elementor\/thumbs\/kiana-soria-dadson-r587m2yzsbi1gg027ti3o5sn5fwtcphc3lb8lssgps.jpg","type":"","width":"","height":""}],"twitter_card":"summary_large_image","twitter_misc":{"Dur\u00e9e de lecture estim\u00e9e":"1 minute"},"schema":{"@context":"https:\/\/schema.org","@graph":[{"@type":"WebPage","@id":"https:\/\/gombergdalfen.ca\/lawyers\/kiana-soria-dadson\/","url":"https:\/\/gombergdalfen.ca\/lawyers\/kiana-soria-dadson\/","name":"Kiana Soria-Dadson\u00a0","isPartOf":{"@id":"https:\/\/gombergdalfen.ca\/#website"},"primaryImageOfPage":{"@id":"https:\/\/gombergdalfen.ca\/lawyers\/kiana-soria-dadson\/#primaryimage"},"image":{"@id":"https:\/\/gombergdalfen.ca\/lawyers\/kiana-soria-dadson\/#primaryimage"},"thumbnailUrl":"https:\/\/gombergdalfen.ca\/wp-content\/uploads\/elementor\/thumbs\/kiana-soria-dadson-r587m2yzsbi1gg027ti3o5sn5fwtcphc3lb8lssgps.jpg","datePublished":"2025-05-02T17:48:52+00:00","dateModified":"2026-03-18T19:25:33+00:00","description":"Kiana Soria-Dadson se joins \u00e0 Gomberg Dalfen en tant que stagiaire \u00e0 l'\u00e9t\u00e9 2025.","breadcrumb":{"@id":"https:\/\/gombergdalfen.ca\/lawyers\/kiana-soria-dadson\/#breadcrumb"},"inLanguage":"fr-FR","potentialAction":[{"@type":"ReadAction","target":["https:\/\/gombergdalfen.ca\/lawyers\/kiana-soria-dadson\/"]}]},{"@type":"ImageObject","inLanguage":"fr-FR","@id":"https:\/\/gombergdalfen.ca\/lawyers\/kiana-soria-dadson\/#primaryimage","url":"https:\/\/gombergdalfen.ca\/wp-content\/uploads\/elementor\/thumbs\/kiana-soria-dadson-r587m2yzsbi1gg027ti3o5sn5fwtcphc3lb8lssgps.jpg","contentUrl":"https:\/\/gombergdalfen.ca\/wp-content\/uploads\/elementor\/thumbs\/kiana-soria-dadson-r587m2yzsbi1gg027ti3o5sn5fwtcphc3lb8lssgps.jpg"},{"@type":"BreadcrumbList","@id":"https:\/\/gombergdalfen.ca\/lawyers\/kiana-soria-dadson\/#breadcrumb","itemListElement":[{"@type":"ListItem","position":1,"name":"Home","item":"https:\/\/gombergdalfen.ca\/fr\/"},{"@type":"ListItem","position":2,"name":"Avocats","item":"https:\/\/gombergdalfen.ca\/es\/abogados\/"},{"@type":"ListItem","position":3,"name":"Kiana Soria-Dadson\u00a0"}]},{"@type":"WebSite","@id":"https:\/\/gombergdalfen.ca\/#website","url":"https:\/\/gombergdalfen.ca\/","name":"Gomberg Dalfen S.E.N.C.","description":"La loi sur l&#039;immigration","publisher":{"@id":"https:\/\/gombergdalfen.ca\/#organization"},"potentialAction":[{"@type":"SearchAction","target":{"@type":"EntryPoint","urlTemplate":"https:\/\/gombergdalfen.ca\/?s={search_term_string}"},"query-input":{"@type":"PropertyValueSpecification","valueRequired":true,"valueName":"search_term_string"}}],"inLanguage":"fr-FR"},{"@type":"Organization","@id":"https:\/\/gombergdalfen.ca\/#organization","name":"Gomberg Dalfen, S.E.N.C.","url":"https:\/\/gombergdalfen.ca\/","logo":{"@type":"ImageObject","inLanguage":"fr-FR","@id":"https:\/\/gombergdalfen.ca\/#\/schema\/logo\/image\/","url":"https:\/\/gombergdalfen.ca\/wp-content\/uploads\/2019\/08\/logo.png","contentUrl":"https:\/\/gombergdalfen.ca\/wp-content\/uploads\/2019\/08\/logo.png","width":750,"height":203,"caption":"Gomberg Dalfen, S.E.N.C."},"image":{"@id":"https:\/\/gombergdalfen.ca\/#\/schema\/logo\/image\/"}}]}},"_links":{"self":[{"href":"https:\/\/gombergdalfen.ca\/fr\/wp-json\/wp\/v2\/pages\/1571","targetHints":{"allow":["GET"]}}],"collection":[{"href":"https:\/\/gombergdalfen.ca\/fr\/wp-json\/wp\/v2\/pages"}],"about":[{"href":"https:\/\/gombergdalfen.ca\/fr\/wp-json\/wp\/v2\/types\/page"}],"author":[{"embeddable":true,"href":"https:\/\/gombergdalfen.ca\/fr\/wp-json\/wp\/v2\/users\/3"}],"replies":[{"embeddable":true,"href":"https:\/\/gombergdalfen.ca\/fr\/wp-json\/wp\/v2\/comments?post=1571"}],"version-history":[{"count":7,"href":"https:\/\/gombergdalfen.ca\/fr\/wp-json\/wp\/v2\/pages\/1571\/revisions"}],"predecessor-version":[{"id":1893,"href":"https:\/\/gombergdalfen.ca\/fr\/wp-json\/wp\/v2\/pages\/1571\/revisions\/1893"}],"up":[{"embeddable":true,"href":"https:\/\/gombergdalfen.ca\/fr\/wp-json\/wp\/v2\/pages\/306"}],"wp:attachment":[{"href":"https:\/\/gombergdalfen.ca\/fr\/wp-json\/wp\/v2\/media?parent=1571"}],"curies":[{"name":"wp","href":"https:\/\/api.w.org\/{rel}","templated":true}]}}