{"id":307,"date":"2020-02-18T13:06:42","date_gmt":"2020-02-18T18:06:42","guid":{"rendered":"https:\/\/gombergdalfen.ca\/wordpress\/?page_id=307"},"modified":"2024-01-16T10:02:31","modified_gmt":"2024-01-16T15:02:31","slug":"avi-gomberg","status":"publish","type":"page","link":"https:\/\/gombergdalfen.ca\/fr\/avocats\/avi-gomberg\/","title":{"rendered":"Avi Gomberg"},"content":{"rendered":"\t\t<div data-elementor-type=\"wp-page\" data-elementor-id=\"307\" class=\"elementor elementor-307\">\n\t\t\t\t\t\t<section class=\"elementor-section elementor-top-section elementor-element elementor-element-a720b7e elementor-section-stretched elementor-section-full_width elementor-section-height-min-height elementor-section-content-middle elementor-section-height-default elementor-section-items-middle\" data-id=\"a720b7e\" data-element_type=\"section\" data-settings=\"{&quot;stretch_section&quot;:&quot;section-stretched&quot;,&quot;background_background&quot;:&quot;classic&quot;}\">\n\t\t\t\t\t\t<div class=\"elementor-container elementor-column-gap-default\">\n\t\t\t\t\t<div class=\"elementor-column elementor-col-100 elementor-top-column elementor-element elementor-element-080bb71\" data-id=\"080bb71\" data-element_type=\"column\" data-settings=\"{&quot;background_background&quot;:&quot;classic&quot;}\">\n\t\t\t<div class=\"elementor-widget-wrap elementor-element-populated\">\n\t\t\t\t\t\t<div class=\"elementor-element elementor-element-2d20e8f elementor-widget elementor-widget-heading\" data-id=\"2d20e8f\" data-element_type=\"widget\" data-widget_type=\"heading.default\">\n\t\t\t\t<div class=\"elementor-widget-container\">\n\t\t\t\t\t<h1 class=\"elementor-heading-title elementor-size-default\">Nos avocats<\/h1>\t\t\t\t<\/div>\n\t\t\t\t<\/div>\n\t\t\t\t<section class=\"elementor-section elementor-inner-section elementor-element elementor-element-bab4811 elementor-section-boxed elementor-section-height-default elementor-section-height-default\" data-id=\"bab4811\" data-element_type=\"section\">\n\t\t\t\t\t\t<div class=\"elementor-container elementor-column-gap-default\">\n\t\t\t\t\t<div class=\"elementor-column elementor-col-100 elementor-inner-column elementor-element elementor-element-2f2fec3\" data-id=\"2f2fec3\" data-element_type=\"column\">\n\t\t\t<div class=\"elementor-widget-wrap elementor-element-populated\">\n\t\t\t\t\t\t<div class=\"elementor-element elementor-element-1fcbb5e elementor-widget elementor-widget-text-editor\" data-id=\"1fcbb5e\" data-element_type=\"widget\" data-widget_type=\"text-editor.default\">\n\t\t\t\t<div class=\"elementor-widget-container\">\n\t\t\t\t\t\t\t\t\t<p style=\"text-align: center;\">Notre succ\u00e8s passe par l&rsquo;\u00e9coute, l&rsquo;engagement et le savoir.<\/p>\t\t\t\t\t\t\t\t<\/div>\n\t\t\t\t<\/div>\n\t\t\t\t\t<\/div>\n\t\t<\/div>\n\t\t\t\t\t<\/div>\n\t\t<\/section>\n\t\t\t\t\t<\/div>\n\t\t<\/div>\n\t\t\t\t\t<\/div>\n\t\t<\/section>\n\t\t\t\t<section class=\"elementor-section elementor-top-section elementor-element elementor-element-43fdb79 elementor-section-boxed elementor-section-height-default elementor-section-height-default\" data-id=\"43fdb79\" data-element_type=\"section\">\n\t\t\t\t\t\t<div class=\"elementor-container elementor-column-gap-wider\">\n\t\t\t\t\t<div class=\"elementor-column elementor-col-50 elementor-top-column elementor-element elementor-element-0bbddec\" data-id=\"0bbddec\" data-element_type=\"column\">\n\t\t\t<div class=\"elementor-widget-wrap elementor-element-populated\">\n\t\t\t\t\t\t<div class=\"elementor-element elementor-element-974296a elementor-widget elementor-widget-heading\" data-id=\"974296a\" data-element_type=\"widget\" data-widget_type=\"heading.default\">\n\t\t\t\t<div class=\"elementor-widget-container\">\n\t\t\t\t\t<h1 class=\"elementor-heading-title elementor-size-default\">Avi Gomberg<\/h1>\t\t\t\t<\/div>\n\t\t\t\t<\/div>\n\t\t\t\t<div class=\"elementor-element elementor-element-3944ec9 elementor-widget-divider--view-line elementor-widget elementor-widget-divider\" data-id=\"3944ec9\" data-element_type=\"widget\" data-widget_type=\"divider.default\">\n\t\t\t\t<div class=\"elementor-widget-container\">\n\t\t\t\t\t\t\t<div class=\"elementor-divider\">\n\t\t\t<span class=\"elementor-divider-separator\">\n\t\t\t\t\t\t<\/span>\n\t\t<\/div>\n\t\t\t\t\t\t<\/div>\n\t\t\t\t<\/div>\n\t\t\t\t<div class=\"elementor-element elementor-element-afcc978 elementor-widget elementor-widget-image\" data-id=\"afcc978\" data-element_type=\"widget\" data-widget_type=\"image.default\">\n\t\t\t\t<div class=\"elementor-widget-container\">\n\t\t\t\t\t\t\t\t\t\t\t\t\t\t\t<img decoding=\"async\" src=\"https:\/\/gombergdalfen.ca\/wp-content\/uploads\/elementor\/thumbs\/avi-gomberg-odyltdarss0zcwbkru7c0za14h37m7g21zm3e8xk0w.jpg\" title=\"avi-gomberg\" alt=\"avi-gomberg\" loading=\"lazy\" \/>\t\t\t\t\t\t\t\t\t\t\t\t\t\t\t<\/div>\n\t\t\t\t<\/div>\n\t\t\t\t<div class=\"elementor-element elementor-element-552b250 elementor-widget elementor-widget-text-editor\" data-id=\"552b250\" data-element_type=\"widget\" data-widget_type=\"text-editor.default\">\n\t\t\t\t<div class=\"elementor-widget-container\">\n\t\t\t\t\t\t\t\t\t<p><strong>Ligne directe :<\/strong><br \/>(514) 845-0993<\/p><p><strong>Courriel :<\/strong><br \/><a href=\"mailto:agomberg@gombergdalfen.ca\">agomberg@gombergdalfen.ca<\/a><\/p><p><strong>T\u00e9l\u00e9copieur :<\/strong><br \/>(514) 845-1559<\/p>\t\t\t\t\t\t\t\t<\/div>\n\t\t\t\t<\/div>\n\t\t\t\t\t<\/div>\n\t\t<\/div>\n\t\t\t\t<div class=\"elementor-column elementor-col-50 elementor-top-column elementor-element elementor-element-96d6750\" data-id=\"96d6750\" data-element_type=\"column\">\n\t\t\t<div class=\"elementor-widget-wrap elementor-element-populated\">\n\t\t\t\t\t\t<div class=\"elementor-element elementor-element-e5fa0d2 elementor-widget elementor-widget-heading\" data-id=\"e5fa0d2\" data-element_type=\"widget\" data-widget_type=\"heading.default\">\n\t\t\t\t<div class=\"elementor-widget-container\">\n\t\t\t\t\t<h1 class=\"elementor-heading-title elementor-size-default\">Biographie<\/h1>\t\t\t\t<\/div>\n\t\t\t\t<\/div>\n\t\t\t\t<div class=\"elementor-element elementor-element-fe41311 elementor-widget-divider--view-line elementor-widget elementor-widget-divider\" data-id=\"fe41311\" data-element_type=\"widget\" data-widget_type=\"divider.default\">\n\t\t\t\t<div class=\"elementor-widget-container\">\n\t\t\t\t\t\t\t<div class=\"elementor-divider\">\n\t\t\t<span class=\"elementor-divider-separator\">\n\t\t\t\t\t\t<\/span>\n\t\t<\/div>\n\t\t\t\t\t\t<\/div>\n\t\t\t\t<\/div>\n\t\t\t\t<div class=\"elementor-element elementor-element-ae6ce36 elementor-widget elementor-widget-text-editor\" data-id=\"ae6ce36\" data-element_type=\"widget\" data-widget_type=\"text-editor.default\">\n\t\t\t\t<div class=\"elementor-widget-container\">\n\t\t\t\t\t\t\t\t\t<p>Associ\u00e9 du cabinet Gomberg Dalfen, Avi\u00a0Gomberg a fond\u00e9 son cabinet de droit de l\u2019immigration en 1992, avant d\u2019\u00e9tablir un partenariat avec Seth Dalfen en 2000. Le cabinet Gomberg Dalfen se sp\u00e9cialise exclusivement dans les questions d\u2019immigration pour une client\u00e8le compos\u00e9e de particuliers et d&#8217;employeurs canadiens. On y offre des services d\u2019assistance pour le transfert au Canada de cadres sup\u00e9rieurs, de gens d&rsquo;affaires et de professionnels qualifi\u00e9s.<\/p><p>Avec ses vingt ans d&rsquo;exp\u00e9rience et sa passion pour le domaine du droit de l&rsquo;immigration, Avi est un avocat chevronn\u00e9, repr\u00e9sentant avec ferveur et humanit\u00e9 une client\u00e8le compos\u00e9e de nombreux travailleurs \u00e9trangers et de multinationales.<\/p><p>Avi a r\u00e9dig\u00e9 de nombreux articles, prononc\u00e9 des allocutions lors de congr\u00e8s et rempli des fonctions de mod\u00e9rateur dans des tables rondes portant sur diverses questions li\u00e9es \u00e0 l&rsquo;immigration (notamment les permis de travail temporaires au Canada, les difficult\u00e9s que doit surmonter un demandeur ayant des probl\u00e8mes m\u00e9dicaux ou un dossier criminel, et les programmes de r\u00e9sidence permanente du Qu\u00e9bec).\u00a0<\/p><p>LEXPERT a toujours reconnu Avi Gomberg comme un praticien de premier plan en droit de l\u2019immigration. En outre, Avi a re\u00e7u la note A-V lors d\u2019un examen par ses pairs r\u00e9alis\u00e9 par l\u2019organisme Martindale-Hubbell, soit la plus haute note accord\u00e9e, attestant ses comp\u00e9tences juridiques et son \u00e9thique professionnelle.<\/p><p>Avi parle couramment le fran\u00e7ais et l\u2019anglais.<\/p><p><strong>ANN\u00c9E D\u2019ADMISSION AU BARREAU<\/strong><\/p><p>Barreau du Qu\u00e9bec, 1988<br \/>Barreau de l\u2019Ontario, 1995<\/p><p><strong>FACULT\u00c9S DE DROIT<\/strong><\/p><p>LL.B., Osgoode Hall Law School de l\u2019Universit\u00e9 York, 1986<br \/>LL.B., Universit\u00e9 Laval, 1987<\/p><p><strong>FORMATION AUTRE<\/strong><\/p><p>Baccalaur\u00e9at en commerce (avec distinction), Universit\u00e9 McGill, 1983<\/p><p><strong>R\u00c9ALISATIONS PROFESSIONNELLES<\/strong><\/p><p>Obtention d\u2019approbations de permis de travail pour de nombreuses multinationales et soci\u00e9t\u00e9s de technologie de l&rsquo;information ayant besoin de cadres sup\u00e9rieurs, de gestionnaires et de travailleurs sp\u00e9cialis\u00e9s.<\/p><p>Obtention de permis de s\u00e9jour temporaires et de r\u00e9adaptation pour des personnes normalement inadmissibles au Canada en raison d&rsquo;infractions \u00e0 la loi par le pass\u00e9.<\/p><p>Obtention de fa\u00e7on rapide et strat\u00e9gique du statut de r\u00e9sidence permanente au Canada pour de nombreux \u00e9trangers en vertu des programmes d\u2019immigration du Qu\u00e9bec et du Canada.<\/p><p><strong>ALLOCUTIONS<\/strong><\/p><p>Allocutions prononc\u00e9es devant la communaut\u00e9 juridique lors de congr\u00e8s professionnels organis\u00e9s par l\u2019Association du Barreau canadien, l&rsquo;Association du Barreau de l\u2019Ontario, la Vermont Bar Association, la Boston Bar Association et l&rsquo;American Immigration Lawyers Association.<\/p><p>Allocutions portant sur diverses questions li\u00e9es \u00e0 l\u2019immigration, notamment sur les permis de travail, de m\u00eame que l&rsquo;immigration au Canada et au Qu\u00e9bec selon les cat\u00e9gories de travailleurs qualifi\u00e9s, du regroupement familial et des investisseurs.<\/p><p><strong>ADH\u00c9SION \u00c0 DIVERS COMIT\u00c9S ET ACTIVIT\u00c9S<\/strong><\/p><ul><li>Association du Barreau canadien, section Droit de l\u2019immigration et de la citoyennet\u00e9<\/li><li>Membre du bureau de l\u2019Association du Barreau canadien, division Qu\u00e9bec, Section Droit de l\u2019immigration et de la citoyennet\u00e9 (1995-2004)<\/li><li>Alliance des avocats en immigration d\u2019affaires<\/li><li>Association Canadienne des Avocats en Immigration<\/li><li>Association qu\u00e9b\u00e9coise des avocats et avocates en droit de l\u2019immigration<\/li><li>Association du Barreau de l\u2019Ontario, section Citoyennet\u00e9 et immigration<\/li><li>American Immigration Lawyers Association<\/li><li>Soci\u00e9t\u00e9 de droit Lord Reading<\/li><\/ul>\t\t\t\t\t\t\t\t<\/div>\n\t\t\t\t<\/div>\n\t\t\t\t\t<\/div>\n\t\t<\/div>\n\t\t\t\t\t<\/div>\n\t\t<\/section>\n\t\t\t\t<\/div>\n\t\t","protected":false},"excerpt":{"rendered":"<p>Nos avocats Notre succ\u00e8s passe par l&rsquo;\u00e9coute, l&rsquo;engagement et le savoir. Avi Gomberg Ligne directe :(514) 845-0993 Courriel :agomberg@gombergdalfen.ca T\u00e9l\u00e9copieur :(514) 845-1559 Biographie Associ\u00e9 du cabinet Gomberg Dalfen, Avi\u00a0Gomberg a fond\u00e9 son cabinet de droit de l\u2019immigration en 1992, avant d\u2019\u00e9tablir un partenariat avec Seth Dalfen en 2000. Le cabinet Gomberg Dalfen se sp\u00e9cialise exclusivement [&hellip;]<\/p>\n","protected":false},"author":2,"featured_media":0,"parent":306,"menu_order":0,"comment_status":"closed","ping_status":"open","template":"","meta":{"_acf_changed":false,"footnotes":""},"class_list":["post-307","page","type-page","status-publish","hentry"],"acf":[],"yoast_head":"<!-- This site is optimized with the Yoast SEO plugin v27.3 - https:\/\/yoast.com\/product\/yoast-seo-wordpress\/ -->\n<title>Avi Gomberg<\/title>\n<meta name=\"description\" content=\"Associ\u00e9 du cabinet Gomberg Dalfen, Avi Gomberg a fond\u00e9 son cabinet de droit de l\u2019immigration en 1992, avant d\u2019\u00e9tablir un partenariat avec Seth Dalfen en 2000.\" \/>\n<meta name=\"robots\" content=\"index, follow, max-snippet:-1, max-image-preview:large, max-video-preview:-1\" \/>\n<link rel=\"canonical\" href=\"https:\/\/gombergdalfen.ca\/es\/abogados\/avi-gomberg\/\" \/>\n<meta property=\"og:locale\" content=\"fr_FR\" \/>\n<meta property=\"og:type\" content=\"article\" \/>\n<meta property=\"og:title\" content=\"Avi Gomberg\" \/>\n<meta property=\"og:description\" content=\"Associ\u00e9 du cabinet Gomberg Dalfen, Avi Gomberg a fond\u00e9 son cabinet de droit de l\u2019immigration en 1992, avant d\u2019\u00e9tablir un partenariat avec Seth Dalfen en 2000.\" \/>\n<meta property=\"og:url\" content=\"https:\/\/gombergdalfen.ca\/es\/abogados\/avi-gomberg\/\" \/>\n<meta property=\"og:site_name\" content=\"Gomberg Dalfen S.E.N.C.\" \/>\n<meta property=\"article:modified_time\" content=\"2024-01-16T15:02:31+00:00\" \/>\n<meta property=\"og:image\" content=\"https:\/\/gombergdalfen.ca\/wp-content\/uploads\/elementor\/thumbs\/avi-gomberg-odyltdarss0zcwbkru7c0za14h37m7g21zm3e8xk0w.jpg\" \/>\n<meta name=\"twitter:card\" content=\"summary_large_image\" \/>\n<meta name=\"twitter:label1\" content=\"Dur\u00e9e de lecture estim\u00e9e\" \/>\n\t<meta name=\"twitter:data1\" content=\"3 minutes\" \/>\n<script type=\"application\/ld+json\" class=\"yoast-schema-graph\">{\"@context\":\"https:\\\/\\\/schema.org\",\"@graph\":[{\"@type\":\"WebPage\",\"@id\":\"https:\\\/\\\/gombergdalfen.ca\\\/es\\\/abogados\\\/avi-gomberg\\\/\",\"url\":\"https:\\\/\\\/gombergdalfen.ca\\\/es\\\/abogados\\\/avi-gomberg\\\/\",\"name\":\"Avi Gomberg\",\"isPartOf\":{\"@id\":\"https:\\\/\\\/gombergdalfen.ca\\\/#website\"},\"primaryImageOfPage\":{\"@id\":\"https:\\\/\\\/gombergdalfen.ca\\\/es\\\/abogados\\\/avi-gomberg\\\/#primaryimage\"},\"image\":{\"@id\":\"https:\\\/\\\/gombergdalfen.ca\\\/es\\\/abogados\\\/avi-gomberg\\\/#primaryimage\"},\"thumbnailUrl\":\"https:\\\/\\\/gombergdalfen.ca\\\/wp-content\\\/uploads\\\/elementor\\\/thumbs\\\/avi-gomberg-odyltdarss0zcwbkru7c0za14h37m7g21zm3e8xk0w.jpg\",\"datePublished\":\"2020-02-18T18:06:42+00:00\",\"dateModified\":\"2024-01-16T15:02:31+00:00\",\"description\":\"Associ\u00e9 du cabinet Gomberg Dalfen, Avi Gomberg a fond\u00e9 son cabinet de droit de l\u2019immigration en 1992, avant d\u2019\u00e9tablir un partenariat avec Seth Dalfen en 2000.\",\"breadcrumb\":{\"@id\":\"https:\\\/\\\/gombergdalfen.ca\\\/es\\\/abogados\\\/avi-gomberg\\\/#breadcrumb\"},\"inLanguage\":\"fr-FR\",\"potentialAction\":[{\"@type\":\"ReadAction\",\"target\":[\"https:\\\/\\\/gombergdalfen.ca\\\/es\\\/abogados\\\/avi-gomberg\\\/\"]}]},{\"@type\":\"ImageObject\",\"inLanguage\":\"fr-FR\",\"@id\":\"https:\\\/\\\/gombergdalfen.ca\\\/es\\\/abogados\\\/avi-gomberg\\\/#primaryimage\",\"url\":\"https:\\\/\\\/gombergdalfen.ca\\\/wp-content\\\/uploads\\\/elementor\\\/thumbs\\\/avi-gomberg-odyltdarss0zcwbkru7c0za14h37m7g21zm3e8xk0w.jpg\",\"contentUrl\":\"https:\\\/\\\/gombergdalfen.ca\\\/wp-content\\\/uploads\\\/elementor\\\/thumbs\\\/avi-gomberg-odyltdarss0zcwbkru7c0za14h37m7g21zm3e8xk0w.jpg\"},{\"@type\":\"BreadcrumbList\",\"@id\":\"https:\\\/\\\/gombergdalfen.ca\\\/es\\\/abogados\\\/avi-gomberg\\\/#breadcrumb\",\"itemListElement\":[{\"@type\":\"ListItem\",\"position\":1,\"name\":\"Home\",\"item\":\"https:\\\/\\\/gombergdalfen.ca\\\/fr\\\/\"},{\"@type\":\"ListItem\",\"position\":2,\"name\":\"Avocats\",\"item\":\"https:\\\/\\\/gombergdalfen.ca\\\/es\\\/abogados\\\/\"},{\"@type\":\"ListItem\",\"position\":3,\"name\":\"Avi Gomberg\"}]},{\"@type\":\"WebSite\",\"@id\":\"https:\\\/\\\/gombergdalfen.ca\\\/#website\",\"url\":\"https:\\\/\\\/gombergdalfen.ca\\\/\",\"name\":\"Gomberg Dalfen S.E.N.C.\",\"description\":\"La loi sur l&#039;immigration\",\"publisher\":{\"@id\":\"https:\\\/\\\/gombergdalfen.ca\\\/#organization\"},\"potentialAction\":[{\"@type\":\"SearchAction\",\"target\":{\"@type\":\"EntryPoint\",\"urlTemplate\":\"https:\\\/\\\/gombergdalfen.ca\\\/?s={search_term_string}\"},\"query-input\":{\"@type\":\"PropertyValueSpecification\",\"valueRequired\":true,\"valueName\":\"search_term_string\"}}],\"inLanguage\":\"fr-FR\"},{\"@type\":\"Organization\",\"@id\":\"https:\\\/\\\/gombergdalfen.ca\\\/#organization\",\"name\":\"Gomberg Dalfen, S.E.N.C.\",\"url\":\"https:\\\/\\\/gombergdalfen.ca\\\/\",\"logo\":{\"@type\":\"ImageObject\",\"inLanguage\":\"fr-FR\",\"@id\":\"https:\\\/\\\/gombergdalfen.ca\\\/#\\\/schema\\\/logo\\\/image\\\/\",\"url\":\"https:\\\/\\\/gombergdalfen.ca\\\/wp-content\\\/uploads\\\/2019\\\/08\\\/logo.png\",\"contentUrl\":\"https:\\\/\\\/gombergdalfen.ca\\\/wp-content\\\/uploads\\\/2019\\\/08\\\/logo.png\",\"width\":750,\"height\":203,\"caption\":\"Gomberg Dalfen, S.E.N.C.\"},\"image\":{\"@id\":\"https:\\\/\\\/gombergdalfen.ca\\\/#\\\/schema\\\/logo\\\/image\\\/\"}}]}<\/script>\n<!-- \/ Yoast SEO plugin. -->","yoast_head_json":{"title":"Avi Gomberg","description":"Associ\u00e9 du cabinet Gomberg Dalfen, Avi Gomberg a fond\u00e9 son cabinet de droit de l\u2019immigration en 1992, avant d\u2019\u00e9tablir un partenariat avec Seth Dalfen en 2000.","robots":{"index":"index","follow":"follow","max-snippet":"max-snippet:-1","max-image-preview":"max-image-preview:large","max-video-preview":"max-video-preview:-1"},"canonical":"https:\/\/gombergdalfen.ca\/es\/abogados\/avi-gomberg\/","og_locale":"fr_FR","og_type":"article","og_title":"Avi Gomberg","og_description":"Associ\u00e9 du cabinet Gomberg Dalfen, Avi Gomberg a fond\u00e9 son cabinet de droit de l\u2019immigration en 1992, avant d\u2019\u00e9tablir un partenariat avec Seth Dalfen en 2000.","og_url":"https:\/\/gombergdalfen.ca\/es\/abogados\/avi-gomberg\/","og_site_name":"Gomberg Dalfen S.E.N.C.","article_modified_time":"2024-01-16T15:02:31+00:00","og_image":[{"url":"https:\/\/gombergdalfen.ca\/wp-content\/uploads\/elementor\/thumbs\/avi-gomberg-odyltdarss0zcwbkru7c0za14h37m7g21zm3e8xk0w.jpg","type":"","width":"","height":""}],"twitter_card":"summary_large_image","twitter_misc":{"Dur\u00e9e de lecture estim\u00e9e":"3 minutes"},"schema":{"@context":"https:\/\/schema.org","@graph":[{"@type":"WebPage","@id":"https:\/\/gombergdalfen.ca\/es\/abogados\/avi-gomberg\/","url":"https:\/\/gombergdalfen.ca\/es\/abogados\/avi-gomberg\/","name":"Avi Gomberg","isPartOf":{"@id":"https:\/\/gombergdalfen.ca\/#website"},"primaryImageOfPage":{"@id":"https:\/\/gombergdalfen.ca\/es\/abogados\/avi-gomberg\/#primaryimage"},"image":{"@id":"https:\/\/gombergdalfen.ca\/es\/abogados\/avi-gomberg\/#primaryimage"},"thumbnailUrl":"https:\/\/gombergdalfen.ca\/wp-content\/uploads\/elementor\/thumbs\/avi-gomberg-odyltdarss0zcwbkru7c0za14h37m7g21zm3e8xk0w.jpg","datePublished":"2020-02-18T18:06:42+00:00","dateModified":"2024-01-16T15:02:31+00:00","description":"Associ\u00e9 du cabinet Gomberg Dalfen, Avi Gomberg a fond\u00e9 son cabinet de droit de l\u2019immigration en 1992, avant d\u2019\u00e9tablir un partenariat avec Seth Dalfen en 2000.","breadcrumb":{"@id":"https:\/\/gombergdalfen.ca\/es\/abogados\/avi-gomberg\/#breadcrumb"},"inLanguage":"fr-FR","potentialAction":[{"@type":"ReadAction","target":["https:\/\/gombergdalfen.ca\/es\/abogados\/avi-gomberg\/"]}]},{"@type":"ImageObject","inLanguage":"fr-FR","@id":"https:\/\/gombergdalfen.ca\/es\/abogados\/avi-gomberg\/#primaryimage","url":"https:\/\/gombergdalfen.ca\/wp-content\/uploads\/elementor\/thumbs\/avi-gomberg-odyltdarss0zcwbkru7c0za14h37m7g21zm3e8xk0w.jpg","contentUrl":"https:\/\/gombergdalfen.ca\/wp-content\/uploads\/elementor\/thumbs\/avi-gomberg-odyltdarss0zcwbkru7c0za14h37m7g21zm3e8xk0w.jpg"},{"@type":"BreadcrumbList","@id":"https:\/\/gombergdalfen.ca\/es\/abogados\/avi-gomberg\/#breadcrumb","itemListElement":[{"@type":"ListItem","position":1,"name":"Home","item":"https:\/\/gombergdalfen.ca\/fr\/"},{"@type":"ListItem","position":2,"name":"Avocats","item":"https:\/\/gombergdalfen.ca\/es\/abogados\/"},{"@type":"ListItem","position":3,"name":"Avi Gomberg"}]},{"@type":"WebSite","@id":"https:\/\/gombergdalfen.ca\/#website","url":"https:\/\/gombergdalfen.ca\/","name":"Gomberg Dalfen S.E.N.C.","description":"La loi sur l&#039;immigration","publisher":{"@id":"https:\/\/gombergdalfen.ca\/#organization"},"potentialAction":[{"@type":"SearchAction","target":{"@type":"EntryPoint","urlTemplate":"https:\/\/gombergdalfen.ca\/?s={search_term_string}"},"query-input":{"@type":"PropertyValueSpecification","valueRequired":true,"valueName":"search_term_string"}}],"inLanguage":"fr-FR"},{"@type":"Organization","@id":"https:\/\/gombergdalfen.ca\/#organization","name":"Gomberg Dalfen, S.E.N.C.","url":"https:\/\/gombergdalfen.ca\/","logo":{"@type":"ImageObject","inLanguage":"fr-FR","@id":"https:\/\/gombergdalfen.ca\/#\/schema\/logo\/image\/","url":"https:\/\/gombergdalfen.ca\/wp-content\/uploads\/2019\/08\/logo.png","contentUrl":"https:\/\/gombergdalfen.ca\/wp-content\/uploads\/2019\/08\/logo.png","width":750,"height":203,"caption":"Gomberg Dalfen, S.E.N.C."},"image":{"@id":"https:\/\/gombergdalfen.ca\/#\/schema\/logo\/image\/"}}]}},"_links":{"self":[{"href":"https:\/\/gombergdalfen.ca\/fr\/wp-json\/wp\/v2\/pages\/307","targetHints":{"allow":["GET"]}}],"collection":[{"href":"https:\/\/gombergdalfen.ca\/fr\/wp-json\/wp\/v2\/pages"}],"about":[{"href":"https:\/\/gombergdalfen.ca\/fr\/wp-json\/wp\/v2\/types\/page"}],"author":[{"embeddable":true,"href":"https:\/\/gombergdalfen.ca\/fr\/wp-json\/wp\/v2\/users\/2"}],"replies":[{"embeddable":true,"href":"https:\/\/gombergdalfen.ca\/fr\/wp-json\/wp\/v2\/comments?post=307"}],"version-history":[{"count":8,"href":"https:\/\/gombergdalfen.ca\/fr\/wp-json\/wp\/v2\/pages\/307\/revisions"}],"predecessor-version":[{"id":1449,"href":"https:\/\/gombergdalfen.ca\/fr\/wp-json\/wp\/v2\/pages\/307\/revisions\/1449"}],"up":[{"embeddable":true,"href":"https:\/\/gombergdalfen.ca\/fr\/wp-json\/wp\/v2\/pages\/306"}],"wp:attachment":[{"href":"https:\/\/gombergdalfen.ca\/fr\/wp-json\/wp\/v2\/media?parent=307"}],"curies":[{"name":"wp","href":"https:\/\/api.w.org\/{rel}","templated":true}]}}