{"id":308,"date":"2020-02-18T13:06:44","date_gmt":"2020-02-18T18:06:44","guid":{"rendered":"https:\/\/gombergdalfen.ca\/wordpress\/?page_id=308"},"modified":"2024-01-16T10:18:31","modified_gmt":"2024-01-16T15:18:31","slug":"genevieve-henault","status":"publish","type":"page","link":"https:\/\/gombergdalfen.ca\/fr\/avocats\/genevieve-henault\/","title":{"rendered":"Genevi\u00e8ve H\u00e9nault"},"content":{"rendered":"\t\t<div data-elementor-type=\"wp-page\" data-elementor-id=\"308\" class=\"elementor elementor-308\">\n\t\t\t\t\t\t<section class=\"elementor-section elementor-top-section elementor-element elementor-element-a720b7e elementor-section-stretched elementor-section-full_width elementor-section-height-min-height elementor-section-content-middle elementor-section-height-default elementor-section-items-middle\" data-id=\"a720b7e\" data-element_type=\"section\" data-settings=\"{&quot;stretch_section&quot;:&quot;section-stretched&quot;,&quot;background_background&quot;:&quot;classic&quot;}\">\n\t\t\t\t\t\t<div class=\"elementor-container elementor-column-gap-default\">\n\t\t\t\t\t<div class=\"elementor-column elementor-col-100 elementor-top-column elementor-element elementor-element-080bb71\" data-id=\"080bb71\" data-element_type=\"column\" data-settings=\"{&quot;background_background&quot;:&quot;classic&quot;}\">\n\t\t\t<div class=\"elementor-widget-wrap elementor-element-populated\">\n\t\t\t\t\t\t<div class=\"elementor-element elementor-element-2d20e8f elementor-widget elementor-widget-heading\" data-id=\"2d20e8f\" data-element_type=\"widget\" data-widget_type=\"heading.default\">\n\t\t\t\t<div class=\"elementor-widget-container\">\n\t\t\t\t\t<h1 class=\"elementor-heading-title elementor-size-default\">Nos avocats<\/h1>\t\t\t\t<\/div>\n\t\t\t\t<\/div>\n\t\t\t\t<section class=\"elementor-section elementor-inner-section elementor-element elementor-element-bab4811 elementor-section-boxed elementor-section-height-default elementor-section-height-default\" data-id=\"bab4811\" data-element_type=\"section\">\n\t\t\t\t\t\t<div class=\"elementor-container elementor-column-gap-default\">\n\t\t\t\t\t<div class=\"elementor-column elementor-col-100 elementor-inner-column elementor-element elementor-element-2f2fec3\" data-id=\"2f2fec3\" data-element_type=\"column\">\n\t\t\t<div class=\"elementor-widget-wrap elementor-element-populated\">\n\t\t\t\t\t\t<div class=\"elementor-element elementor-element-1fcbb5e elementor-widget elementor-widget-text-editor\" data-id=\"1fcbb5e\" data-element_type=\"widget\" data-widget_type=\"text-editor.default\">\n\t\t\t\t<div class=\"elementor-widget-container\">\n\t\t\t\t\t\t\t\t\t<p style=\"text-align: center;\">Notre succ\u00e8s passe par l&rsquo;\u00e9coute, l&rsquo;engagement et le savoir.<\/p>\t\t\t\t\t\t\t\t<\/div>\n\t\t\t\t<\/div>\n\t\t\t\t\t<\/div>\n\t\t<\/div>\n\t\t\t\t\t<\/div>\n\t\t<\/section>\n\t\t\t\t\t<\/div>\n\t\t<\/div>\n\t\t\t\t\t<\/div>\n\t\t<\/section>\n\t\t\t\t<section class=\"elementor-section elementor-top-section elementor-element elementor-element-43fdb79 elementor-section-boxed elementor-section-height-default elementor-section-height-default\" data-id=\"43fdb79\" data-element_type=\"section\">\n\t\t\t\t\t\t<div class=\"elementor-container elementor-column-gap-wider\">\n\t\t\t\t\t<div class=\"elementor-column elementor-col-50 elementor-top-column elementor-element elementor-element-0bbddec\" data-id=\"0bbddec\" data-element_type=\"column\">\n\t\t\t<div class=\"elementor-widget-wrap elementor-element-populated\">\n\t\t\t\t\t\t<div class=\"elementor-element elementor-element-974296a elementor-widget elementor-widget-heading\" data-id=\"974296a\" data-element_type=\"widget\" data-widget_type=\"heading.default\">\n\t\t\t\t<div class=\"elementor-widget-container\">\n\t\t\t\t\t<h1 class=\"elementor-heading-title elementor-size-default\">Genevi\u00e8ve H\u00e9nault<\/h1>\t\t\t\t<\/div>\n\t\t\t\t<\/div>\n\t\t\t\t<div class=\"elementor-element elementor-element-3944ec9 elementor-widget-divider--view-line elementor-widget elementor-widget-divider\" data-id=\"3944ec9\" data-element_type=\"widget\" data-widget_type=\"divider.default\">\n\t\t\t\t<div class=\"elementor-widget-container\">\n\t\t\t\t\t\t\t<div class=\"elementor-divider\">\n\t\t\t<span class=\"elementor-divider-separator\">\n\t\t\t\t\t\t<\/span>\n\t\t<\/div>\n\t\t\t\t\t\t<\/div>\n\t\t\t\t<\/div>\n\t\t\t\t<div class=\"elementor-element elementor-element-afcc978 elementor-widget elementor-widget-image\" data-id=\"afcc978\" data-element_type=\"widget\" data-widget_type=\"image.default\">\n\t\t\t\t<div class=\"elementor-widget-container\">\n\t\t\t\t\t\t\t\t\t\t\t\t\t\t\t<img decoding=\"async\" src=\"https:\/\/gombergdalfen.ca\/wp-content\/uploads\/elementor\/thumbs\/genevieve-henault-oletf7itt2qnxr97659w0d70q1v6xpnjvcuf8y7wrk.jpg\" title=\"genevieve-henault\" alt=\"genevieve-henault\" loading=\"lazy\" \/>\t\t\t\t\t\t\t\t\t\t\t\t\t\t\t<\/div>\n\t\t\t\t<\/div>\n\t\t\t\t<div class=\"elementor-element elementor-element-552b250 elementor-widget elementor-widget-text-editor\" data-id=\"552b250\" data-element_type=\"widget\" data-widget_type=\"text-editor.default\">\n\t\t\t\t<div class=\"elementor-widget-container\">\n\t\t\t\t\t\t\t\t\t<p><strong>Ligne directe :<br \/><\/strong>(514) 845-0990<\/p><p><strong>Courriel :<\/strong><br \/><a href=\"mailto:ghenault@gombergdalfen.ca\">ghenault@gombergdalfen.ca<\/a><\/p><p><strong>T\u00e9l\u00e9copieur :<\/strong><br \/>(514) 845-1559<\/p>\t\t\t\t\t\t\t\t<\/div>\n\t\t\t\t<\/div>\n\t\t\t\t\t<\/div>\n\t\t<\/div>\n\t\t\t\t<div class=\"elementor-column elementor-col-50 elementor-top-column elementor-element elementor-element-96d6750\" data-id=\"96d6750\" data-element_type=\"column\">\n\t\t\t<div class=\"elementor-widget-wrap elementor-element-populated\">\n\t\t\t\t\t\t<div class=\"elementor-element elementor-element-e5fa0d2 elementor-widget elementor-widget-heading\" data-id=\"e5fa0d2\" data-element_type=\"widget\" data-widget_type=\"heading.default\">\n\t\t\t\t<div class=\"elementor-widget-container\">\n\t\t\t\t\t<h1 class=\"elementor-heading-title elementor-size-default\">Biographie<\/h1>\t\t\t\t<\/div>\n\t\t\t\t<\/div>\n\t\t\t\t<div class=\"elementor-element elementor-element-fe41311 elementor-widget-divider--view-line elementor-widget elementor-widget-divider\" data-id=\"fe41311\" data-element_type=\"widget\" data-widget_type=\"divider.default\">\n\t\t\t\t<div class=\"elementor-widget-container\">\n\t\t\t\t\t\t\t<div class=\"elementor-divider\">\n\t\t\t<span class=\"elementor-divider-separator\">\n\t\t\t\t\t\t<\/span>\n\t\t<\/div>\n\t\t\t\t\t\t<\/div>\n\t\t\t\t<\/div>\n\t\t\t\t<div class=\"elementor-element elementor-element-ae6ce36 elementor-widget elementor-widget-text-editor\" data-id=\"ae6ce36\" data-element_type=\"widget\" data-widget_type=\"text-editor.default\">\n\t\t\t\t<div class=\"elementor-widget-container\">\n\t\t\t\t\t\t\t\t\t<p>Genevi\u00e8ve H\u00e9nault s\u2019est jointe au cabinet Gomberg Dalfen en mai 2008. Depuis son admission au Barreau du Qu\u00e9bec en 1999, elle pratique exclusivement dans le domaine de l\u2019immigration, en vue de l\u2019admission au Canada de travailleurs qualifi\u00e9s et de gens d\u2019affaires.\u00a0<\/p><p>Elle intervient par ailleurs r\u00e9guli\u00e8rement \u00e0 titre de conseill\u00e8re juridique aupr\u00e8s de nombreuses entreprises canadiennes concernant les probl\u00e9matiques de conformit\u00e9 des employeurs et elle est exp\u00e9riment\u00e9e en litige en mati\u00e8re d\u2019immigration \u00e0 la Cour f\u00e9d\u00e9rale et \u00e0 la Section d\u2019appel de l\u2019immigration (SAI).\u00a0<\/p><p>Les deux d\u00e9cennies d\u2019exp\u00e9rience que poss\u00e8de Genevi\u00e8ve lui ont permis de d\u00e9velopper une client\u00e8le vari\u00e9e aupr\u00e8s de qui elle offre un service hautement professionnel, consciencieux et personnalis\u00e9.\u00a0<\/p><p>Genevi\u00e8ve parle couramment le fran\u00e7ais et l\u2019anglais et poss\u00e8de un niveau interm\u00e9diaire en espagnol.\u00a0<\/p><p><strong>ANN\u00c9E D\u2019ADMISSION AU BARREAU<\/strong><\/p><p>Barreau du Qu\u00e9bec, 1999<\/p><p><strong>FACULT\u00c9 DE DROIT<\/strong><\/p><p>LL.B., Universit\u00e9 de Montr\u00e9al, 1996<\/p><p><strong>PR\u00c9SENTATIONS PROFESSIONNELLES<\/strong><\/p><p>En sus de ses activit\u00e9s en mati\u00e8re de permis de travail, Genevi\u00e8ve a dirig\u00e9 de nombreuses conf\u00e9rences sur la r\u00e9sidence permanente canadienne dans plusieurs pays d\u2019Europe, d\u2019Afrique, d\u2019Am\u00e9rique latine et d\u2019Asie.<\/p><p>Genevi\u00e8ve participe r\u00e9guli\u00e8rement \u00e0 des pr\u00e9sentations \u00e0 la communaut\u00e9 juridique lors de conf\u00e9rences organis\u00e9es par l\u2019Association du Barreau Canadien, Section Immigration.<\/p><p>Elle offre r\u00e9guli\u00e8rement des pr\u00e9sentations au sein de diverses multinationales et organismes professionnels sur divers sujets touchant la mobilit\u00e9 professionnelle, la r\u00e9sidence permanente et la conformit\u00e9 des employeurs.<\/p><p><strong>ADH\u00c9SION \u00c0 DIVERS COMIT\u00c9S ET ACTIVIT\u00c9S<\/strong><\/p><ul><li>Association du Barreau Canadien, Section Immigration<\/li><li>Membre du Comit\u00e9 Ex\u00e9cutif de l\u2019Association du Barreau Canadien, Division Qu\u00e9bec, Section Citoyennet\u00e9 et Immigration depuis 2004<\/li><li>Membre du Conseil d\u2019Administration de International Network of Boutique Law Firms (INBLF) (2018-2023)<\/li><li>Association Canadienne des Avocats en Immigration<\/li><\/ul>\t\t\t\t\t\t\t\t<\/div>\n\t\t\t\t<\/div>\n\t\t\t\t\t<\/div>\n\t\t<\/div>\n\t\t\t\t\t<\/div>\n\t\t<\/section>\n\t\t\t\t<\/div>\n\t\t","protected":false},"excerpt":{"rendered":"<p>Nos avocats Notre succ\u00e8s passe par l&rsquo;\u00e9coute, l&rsquo;engagement et le savoir. Genevi\u00e8ve H\u00e9nault Ligne directe :(514) 845-0990 Courriel :ghenault@gombergdalfen.ca T\u00e9l\u00e9copieur :(514) 845-1559 Biographie Genevi\u00e8ve H\u00e9nault s\u2019est jointe au cabinet Gomberg Dalfen en mai 2008. Depuis son admission au Barreau du Qu\u00e9bec en 1999, elle pratique exclusivement dans le domaine de l\u2019immigration, en vue de l\u2019admission [&hellip;]<\/p>\n","protected":false},"author":2,"featured_media":0,"parent":306,"menu_order":0,"comment_status":"closed","ping_status":"open","template":"","meta":{"_acf_changed":false,"footnotes":""},"class_list":["post-308","page","type-page","status-publish","hentry"],"acf":[],"yoast_head":"<!-- This site is optimized with the Yoast SEO plugin v27.3 - https:\/\/yoast.com\/product\/yoast-seo-wordpress\/ -->\n<title>Genevi\u00e8ve H\u00e9nault<\/title>\n<meta name=\"description\" content=\"Genevi\u00e8ve H\u00e9nault s\u2019est jointe au cabinet Gomberg Dalfen en mai 2008.\" \/>\n<meta name=\"robots\" content=\"index, follow, max-snippet:-1, max-image-preview:large, max-video-preview:-1\" \/>\n<link rel=\"canonical\" href=\"https:\/\/gombergdalfen.ca\/es\/abogados\/genevieve-henault\/\" \/>\n<meta property=\"og:locale\" content=\"fr_FR\" \/>\n<meta property=\"og:type\" content=\"article\" \/>\n<meta property=\"og:title\" content=\"Genevi\u00e8ve H\u00e9nault\" \/>\n<meta property=\"og:description\" content=\"Genevi\u00e8ve H\u00e9nault s\u2019est jointe au cabinet Gomberg Dalfen en mai 2008.\" \/>\n<meta property=\"og:url\" content=\"https:\/\/gombergdalfen.ca\/es\/abogados\/genevieve-henault\/\" \/>\n<meta property=\"og:site_name\" content=\"Gomberg Dalfen S.E.N.C.\" \/>\n<meta property=\"article:modified_time\" content=\"2024-01-16T15:18:31+00:00\" \/>\n<meta property=\"og:image\" content=\"https:\/\/gombergdalfen.ca\/wp-content\/uploads\/elementor\/thumbs\/genevieve-henault-oletf7itt2qnxr97659w0d70q1v6xpnjvcuf8y7wrk.jpg\" \/>\n<meta name=\"twitter:card\" content=\"summary_large_image\" \/>\n<meta name=\"twitter:label1\" content=\"Dur\u00e9e de lecture estim\u00e9e\" \/>\n\t<meta name=\"twitter:data1\" content=\"2 minutes\" \/>\n<script type=\"application\/ld+json\" class=\"yoast-schema-graph\">{\"@context\":\"https:\\\/\\\/schema.org\",\"@graph\":[{\"@type\":\"WebPage\",\"@id\":\"https:\\\/\\\/gombergdalfen.ca\\\/es\\\/abogados\\\/genevieve-henault\\\/\",\"url\":\"https:\\\/\\\/gombergdalfen.ca\\\/es\\\/abogados\\\/genevieve-henault\\\/\",\"name\":\"Genevi\u00e8ve H\u00e9nault\",\"isPartOf\":{\"@id\":\"https:\\\/\\\/gombergdalfen.ca\\\/#website\"},\"primaryImageOfPage\":{\"@id\":\"https:\\\/\\\/gombergdalfen.ca\\\/es\\\/abogados\\\/genevieve-henault\\\/#primaryimage\"},\"image\":{\"@id\":\"https:\\\/\\\/gombergdalfen.ca\\\/es\\\/abogados\\\/genevieve-henault\\\/#primaryimage\"},\"thumbnailUrl\":\"https:\\\/\\\/gombergdalfen.ca\\\/wp-content\\\/uploads\\\/elementor\\\/thumbs\\\/genevieve-henault-oletf7itt2qnxr97659w0d70q1v6xpnjvcuf8y7wrk.jpg\",\"datePublished\":\"2020-02-18T18:06:44+00:00\",\"dateModified\":\"2024-01-16T15:18:31+00:00\",\"description\":\"Genevi\u00e8ve H\u00e9nault s\u2019est jointe au cabinet Gomberg Dalfen en mai 2008.\",\"breadcrumb\":{\"@id\":\"https:\\\/\\\/gombergdalfen.ca\\\/es\\\/abogados\\\/genevieve-henault\\\/#breadcrumb\"},\"inLanguage\":\"fr-FR\",\"potentialAction\":[{\"@type\":\"ReadAction\",\"target\":[\"https:\\\/\\\/gombergdalfen.ca\\\/es\\\/abogados\\\/genevieve-henault\\\/\"]}]},{\"@type\":\"ImageObject\",\"inLanguage\":\"fr-FR\",\"@id\":\"https:\\\/\\\/gombergdalfen.ca\\\/es\\\/abogados\\\/genevieve-henault\\\/#primaryimage\",\"url\":\"https:\\\/\\\/gombergdalfen.ca\\\/wp-content\\\/uploads\\\/elementor\\\/thumbs\\\/genevieve-henault-oletf7itt2qnxr97659w0d70q1v6xpnjvcuf8y7wrk.jpg\",\"contentUrl\":\"https:\\\/\\\/gombergdalfen.ca\\\/wp-content\\\/uploads\\\/elementor\\\/thumbs\\\/genevieve-henault-oletf7itt2qnxr97659w0d70q1v6xpnjvcuf8y7wrk.jpg\"},{\"@type\":\"BreadcrumbList\",\"@id\":\"https:\\\/\\\/gombergdalfen.ca\\\/es\\\/abogados\\\/genevieve-henault\\\/#breadcrumb\",\"itemListElement\":[{\"@type\":\"ListItem\",\"position\":1,\"name\":\"Home\",\"item\":\"https:\\\/\\\/gombergdalfen.ca\\\/fr\\\/\"},{\"@type\":\"ListItem\",\"position\":2,\"name\":\"Avocats\",\"item\":\"https:\\\/\\\/gombergdalfen.ca\\\/es\\\/abogados\\\/\"},{\"@type\":\"ListItem\",\"position\":3,\"name\":\"Genevi\u00e8ve H\u00e9nault\"}]},{\"@type\":\"WebSite\",\"@id\":\"https:\\\/\\\/gombergdalfen.ca\\\/#website\",\"url\":\"https:\\\/\\\/gombergdalfen.ca\\\/\",\"name\":\"Gomberg Dalfen S.E.N.C.\",\"description\":\"La loi sur l&#039;immigration\",\"publisher\":{\"@id\":\"https:\\\/\\\/gombergdalfen.ca\\\/#organization\"},\"potentialAction\":[{\"@type\":\"SearchAction\",\"target\":{\"@type\":\"EntryPoint\",\"urlTemplate\":\"https:\\\/\\\/gombergdalfen.ca\\\/?s={search_term_string}\"},\"query-input\":{\"@type\":\"PropertyValueSpecification\",\"valueRequired\":true,\"valueName\":\"search_term_string\"}}],\"inLanguage\":\"fr-FR\"},{\"@type\":\"Organization\",\"@id\":\"https:\\\/\\\/gombergdalfen.ca\\\/#organization\",\"name\":\"Gomberg Dalfen, S.E.N.C.\",\"url\":\"https:\\\/\\\/gombergdalfen.ca\\\/\",\"logo\":{\"@type\":\"ImageObject\",\"inLanguage\":\"fr-FR\",\"@id\":\"https:\\\/\\\/gombergdalfen.ca\\\/#\\\/schema\\\/logo\\\/image\\\/\",\"url\":\"https:\\\/\\\/gombergdalfen.ca\\\/wp-content\\\/uploads\\\/2019\\\/08\\\/logo.png\",\"contentUrl\":\"https:\\\/\\\/gombergdalfen.ca\\\/wp-content\\\/uploads\\\/2019\\\/08\\\/logo.png\",\"width\":750,\"height\":203,\"caption\":\"Gomberg Dalfen, S.E.N.C.\"},\"image\":{\"@id\":\"https:\\\/\\\/gombergdalfen.ca\\\/#\\\/schema\\\/logo\\\/image\\\/\"}}]}<\/script>\n<!-- \/ Yoast SEO plugin. -->","yoast_head_json":{"title":"Genevi\u00e8ve H\u00e9nault","description":"Genevi\u00e8ve H\u00e9nault s\u2019est jointe au cabinet Gomberg Dalfen en mai 2008.","robots":{"index":"index","follow":"follow","max-snippet":"max-snippet:-1","max-image-preview":"max-image-preview:large","max-video-preview":"max-video-preview:-1"},"canonical":"https:\/\/gombergdalfen.ca\/es\/abogados\/genevieve-henault\/","og_locale":"fr_FR","og_type":"article","og_title":"Genevi\u00e8ve H\u00e9nault","og_description":"Genevi\u00e8ve H\u00e9nault s\u2019est jointe au cabinet Gomberg Dalfen en mai 2008.","og_url":"https:\/\/gombergdalfen.ca\/es\/abogados\/genevieve-henault\/","og_site_name":"Gomberg Dalfen S.E.N.C.","article_modified_time":"2024-01-16T15:18:31+00:00","og_image":[{"url":"https:\/\/gombergdalfen.ca\/wp-content\/uploads\/elementor\/thumbs\/genevieve-henault-oletf7itt2qnxr97659w0d70q1v6xpnjvcuf8y7wrk.jpg","type":"","width":"","height":""}],"twitter_card":"summary_large_image","twitter_misc":{"Dur\u00e9e de lecture estim\u00e9e":"2 minutes"},"schema":{"@context":"https:\/\/schema.org","@graph":[{"@type":"WebPage","@id":"https:\/\/gombergdalfen.ca\/es\/abogados\/genevieve-henault\/","url":"https:\/\/gombergdalfen.ca\/es\/abogados\/genevieve-henault\/","name":"Genevi\u00e8ve H\u00e9nault","isPartOf":{"@id":"https:\/\/gombergdalfen.ca\/#website"},"primaryImageOfPage":{"@id":"https:\/\/gombergdalfen.ca\/es\/abogados\/genevieve-henault\/#primaryimage"},"image":{"@id":"https:\/\/gombergdalfen.ca\/es\/abogados\/genevieve-henault\/#primaryimage"},"thumbnailUrl":"https:\/\/gombergdalfen.ca\/wp-content\/uploads\/elementor\/thumbs\/genevieve-henault-oletf7itt2qnxr97659w0d70q1v6xpnjvcuf8y7wrk.jpg","datePublished":"2020-02-18T18:06:44+00:00","dateModified":"2024-01-16T15:18:31+00:00","description":"Genevi\u00e8ve H\u00e9nault s\u2019est jointe au cabinet Gomberg Dalfen en mai 2008.","breadcrumb":{"@id":"https:\/\/gombergdalfen.ca\/es\/abogados\/genevieve-henault\/#breadcrumb"},"inLanguage":"fr-FR","potentialAction":[{"@type":"ReadAction","target":["https:\/\/gombergdalfen.ca\/es\/abogados\/genevieve-henault\/"]}]},{"@type":"ImageObject","inLanguage":"fr-FR","@id":"https:\/\/gombergdalfen.ca\/es\/abogados\/genevieve-henault\/#primaryimage","url":"https:\/\/gombergdalfen.ca\/wp-content\/uploads\/elementor\/thumbs\/genevieve-henault-oletf7itt2qnxr97659w0d70q1v6xpnjvcuf8y7wrk.jpg","contentUrl":"https:\/\/gombergdalfen.ca\/wp-content\/uploads\/elementor\/thumbs\/genevieve-henault-oletf7itt2qnxr97659w0d70q1v6xpnjvcuf8y7wrk.jpg"},{"@type":"BreadcrumbList","@id":"https:\/\/gombergdalfen.ca\/es\/abogados\/genevieve-henault\/#breadcrumb","itemListElement":[{"@type":"ListItem","position":1,"name":"Home","item":"https:\/\/gombergdalfen.ca\/fr\/"},{"@type":"ListItem","position":2,"name":"Avocats","item":"https:\/\/gombergdalfen.ca\/es\/abogados\/"},{"@type":"ListItem","position":3,"name":"Genevi\u00e8ve H\u00e9nault"}]},{"@type":"WebSite","@id":"https:\/\/gombergdalfen.ca\/#website","url":"https:\/\/gombergdalfen.ca\/","name":"Gomberg Dalfen S.E.N.C.","description":"La loi sur l&#039;immigration","publisher":{"@id":"https:\/\/gombergdalfen.ca\/#organization"},"potentialAction":[{"@type":"SearchAction","target":{"@type":"EntryPoint","urlTemplate":"https:\/\/gombergdalfen.ca\/?s={search_term_string}"},"query-input":{"@type":"PropertyValueSpecification","valueRequired":true,"valueName":"search_term_string"}}],"inLanguage":"fr-FR"},{"@type":"Organization","@id":"https:\/\/gombergdalfen.ca\/#organization","name":"Gomberg Dalfen, S.E.N.C.","url":"https:\/\/gombergdalfen.ca\/","logo":{"@type":"ImageObject","inLanguage":"fr-FR","@id":"https:\/\/gombergdalfen.ca\/#\/schema\/logo\/image\/","url":"https:\/\/gombergdalfen.ca\/wp-content\/uploads\/2019\/08\/logo.png","contentUrl":"https:\/\/gombergdalfen.ca\/wp-content\/uploads\/2019\/08\/logo.png","width":750,"height":203,"caption":"Gomberg Dalfen, S.E.N.C."},"image":{"@id":"https:\/\/gombergdalfen.ca\/#\/schema\/logo\/image\/"}}]}},"_links":{"self":[{"href":"https:\/\/gombergdalfen.ca\/fr\/wp-json\/wp\/v2\/pages\/308","targetHints":{"allow":["GET"]}}],"collection":[{"href":"https:\/\/gombergdalfen.ca\/fr\/wp-json\/wp\/v2\/pages"}],"about":[{"href":"https:\/\/gombergdalfen.ca\/fr\/wp-json\/wp\/v2\/types\/page"}],"author":[{"embeddable":true,"href":"https:\/\/gombergdalfen.ca\/fr\/wp-json\/wp\/v2\/users\/2"}],"replies":[{"embeddable":true,"href":"https:\/\/gombergdalfen.ca\/fr\/wp-json\/wp\/v2\/comments?post=308"}],"version-history":[{"count":7,"href":"https:\/\/gombergdalfen.ca\/fr\/wp-json\/wp\/v2\/pages\/308\/revisions"}],"predecessor-version":[{"id":1469,"href":"https:\/\/gombergdalfen.ca\/fr\/wp-json\/wp\/v2\/pages\/308\/revisions\/1469"}],"up":[{"embeddable":true,"href":"https:\/\/gombergdalfen.ca\/fr\/wp-json\/wp\/v2\/pages\/306"}],"wp:attachment":[{"href":"https:\/\/gombergdalfen.ca\/fr\/wp-json\/wp\/v2\/media?parent=308"}],"curies":[{"name":"wp","href":"https:\/\/api.w.org\/{rel}","templated":true}]}}