{"id":312,"date":"2020-02-18T13:06:55","date_gmt":"2020-02-18T18:06:55","guid":{"rendered":"https:\/\/gombergdalfen.ca\/wordpress\/?page_id=312"},"modified":"2024-01-16T10:14:10","modified_gmt":"2024-01-16T15:14:10","slug":"seth-dalfen","status":"publish","type":"page","link":"https:\/\/gombergdalfen.ca\/fr\/avocats\/seth-dalfen\/","title":{"rendered":"Seth Dalfen"},"content":{"rendered":"\t\t<div data-elementor-type=\"wp-page\" data-elementor-id=\"312\" class=\"elementor elementor-312\">\n\t\t\t\t\t\t<section class=\"elementor-section elementor-top-section elementor-element elementor-element-a720b7e elementor-section-stretched elementor-section-full_width elementor-section-height-min-height elementor-section-content-middle elementor-section-height-default elementor-section-items-middle\" data-id=\"a720b7e\" data-element_type=\"section\" data-settings=\"{&quot;stretch_section&quot;:&quot;section-stretched&quot;,&quot;background_background&quot;:&quot;classic&quot;}\">\n\t\t\t\t\t\t<div class=\"elementor-container elementor-column-gap-default\">\n\t\t\t\t\t<div class=\"elementor-column elementor-col-100 elementor-top-column elementor-element elementor-element-080bb71\" data-id=\"080bb71\" data-element_type=\"column\" data-settings=\"{&quot;background_background&quot;:&quot;classic&quot;}\">\n\t\t\t<div class=\"elementor-widget-wrap elementor-element-populated\">\n\t\t\t\t\t\t<div class=\"elementor-element elementor-element-2d20e8f elementor-widget elementor-widget-heading\" data-id=\"2d20e8f\" data-element_type=\"widget\" data-widget_type=\"heading.default\">\n\t\t\t\t<div class=\"elementor-widget-container\">\n\t\t\t\t\t<h1 class=\"elementor-heading-title elementor-size-default\">Nos avocats<\/h1>\t\t\t\t<\/div>\n\t\t\t\t<\/div>\n\t\t\t\t<section class=\"elementor-section elementor-inner-section elementor-element elementor-element-bab4811 elementor-section-boxed elementor-section-height-default elementor-section-height-default\" data-id=\"bab4811\" data-element_type=\"section\">\n\t\t\t\t\t\t<div class=\"elementor-container elementor-column-gap-default\">\n\t\t\t\t\t<div class=\"elementor-column elementor-col-100 elementor-inner-column elementor-element elementor-element-2f2fec3\" data-id=\"2f2fec3\" data-element_type=\"column\">\n\t\t\t<div class=\"elementor-widget-wrap elementor-element-populated\">\n\t\t\t\t\t\t<div class=\"elementor-element elementor-element-1fcbb5e elementor-widget elementor-widget-text-editor\" data-id=\"1fcbb5e\" data-element_type=\"widget\" data-widget_type=\"text-editor.default\">\n\t\t\t\t<div class=\"elementor-widget-container\">\n\t\t\t\t\t\t\t\t\t<p style=\"text-align: center;\">Notre succ\u00e8s passe par l&rsquo;\u00e9coute, l&rsquo;engagement et le savoir.<\/p>\t\t\t\t\t\t\t\t<\/div>\n\t\t\t\t<\/div>\n\t\t\t\t\t<\/div>\n\t\t<\/div>\n\t\t\t\t\t<\/div>\n\t\t<\/section>\n\t\t\t\t\t<\/div>\n\t\t<\/div>\n\t\t\t\t\t<\/div>\n\t\t<\/section>\n\t\t\t\t<section class=\"elementor-section elementor-top-section elementor-element elementor-element-43fdb79 elementor-section-boxed elementor-section-height-default elementor-section-height-default\" data-id=\"43fdb79\" data-element_type=\"section\">\n\t\t\t\t\t\t<div class=\"elementor-container elementor-column-gap-wider\">\n\t\t\t\t\t<div class=\"elementor-column elementor-col-50 elementor-top-column elementor-element elementor-element-0bbddec\" data-id=\"0bbddec\" data-element_type=\"column\">\n\t\t\t<div class=\"elementor-widget-wrap elementor-element-populated\">\n\t\t\t\t\t\t<div class=\"elementor-element elementor-element-974296a elementor-widget elementor-widget-heading\" data-id=\"974296a\" data-element_type=\"widget\" data-widget_type=\"heading.default\">\n\t\t\t\t<div class=\"elementor-widget-container\">\n\t\t\t\t\t<h1 class=\"elementor-heading-title elementor-size-default\">Seth Dalfen<\/h1>\t\t\t\t<\/div>\n\t\t\t\t<\/div>\n\t\t\t\t<div class=\"elementor-element elementor-element-3944ec9 elementor-widget-divider--view-line elementor-widget elementor-widget-divider\" data-id=\"3944ec9\" data-element_type=\"widget\" data-widget_type=\"divider.default\">\n\t\t\t\t<div class=\"elementor-widget-container\">\n\t\t\t\t\t\t\t<div class=\"elementor-divider\">\n\t\t\t<span class=\"elementor-divider-separator\">\n\t\t\t\t\t\t<\/span>\n\t\t<\/div>\n\t\t\t\t\t\t<\/div>\n\t\t\t\t<\/div>\n\t\t\t\t<div class=\"elementor-element elementor-element-afcc978 elementor-widget elementor-widget-image\" data-id=\"afcc978\" data-element_type=\"widget\" data-widget_type=\"image.default\">\n\t\t\t\t<div class=\"elementor-widget-container\">\n\t\t\t\t\t\t\t\t\t\t\t\t\t\t\t<img decoding=\"async\" src=\"https:\/\/gombergdalfen.ca\/wp-content\/uploads\/elementor\/thumbs\/seth-dalfen-odyltkthbgb9xs0njxgckxdpvk25bs9wr0tz8gmen4.jpg\" title=\"seth-dalfen\" alt=\"seth-dalfen\" loading=\"lazy\" \/>\t\t\t\t\t\t\t\t\t\t\t\t\t\t\t<\/div>\n\t\t\t\t<\/div>\n\t\t\t\t<div class=\"elementor-element elementor-element-552b250 elementor-widget elementor-widget-text-editor\" data-id=\"552b250\" data-element_type=\"widget\" data-widget_type=\"text-editor.default\">\n\t\t\t\t<div class=\"elementor-widget-container\">\n\t\t\t\t\t\t\t\t\t<p><strong>Ligne directe :<br \/><\/strong>(514) 845-0903<\/p><p><strong>Courriel :<\/strong><br \/><a href=\"mailto:sdalfen@gombergdalfen.ca\">sdalfen@gombergdalfen.ca<\/a><\/p><p><strong>T\u00e9l\u00e9copieur :<\/strong><br \/>(514) 845-1559<\/p>\t\t\t\t\t\t\t\t<\/div>\n\t\t\t\t<\/div>\n\t\t\t\t\t<\/div>\n\t\t<\/div>\n\t\t\t\t<div class=\"elementor-column elementor-col-50 elementor-top-column elementor-element elementor-element-96d6750\" data-id=\"96d6750\" data-element_type=\"column\">\n\t\t\t<div class=\"elementor-widget-wrap elementor-element-populated\">\n\t\t\t\t\t\t<div class=\"elementor-element elementor-element-e5fa0d2 elementor-widget elementor-widget-heading\" data-id=\"e5fa0d2\" data-element_type=\"widget\" data-widget_type=\"heading.default\">\n\t\t\t\t<div class=\"elementor-widget-container\">\n\t\t\t\t\t<h1 class=\"elementor-heading-title elementor-size-default\">Biographie<\/h1>\t\t\t\t<\/div>\n\t\t\t\t<\/div>\n\t\t\t\t<div class=\"elementor-element elementor-element-fe41311 elementor-widget-divider--view-line elementor-widget elementor-widget-divider\" data-id=\"fe41311\" data-element_type=\"widget\" data-widget_type=\"divider.default\">\n\t\t\t\t<div class=\"elementor-widget-container\">\n\t\t\t\t\t\t\t<div class=\"elementor-divider\">\n\t\t\t<span class=\"elementor-divider-separator\">\n\t\t\t\t\t\t<\/span>\n\t\t<\/div>\n\t\t\t\t\t\t<\/div>\n\t\t\t\t<\/div>\n\t\t\t\t<div class=\"elementor-element elementor-element-ae6ce36 elementor-widget elementor-widget-text-editor\" data-id=\"ae6ce36\" data-element_type=\"widget\" data-widget_type=\"text-editor.default\">\n\t\t\t\t<div class=\"elementor-widget-container\">\n\t\t\t\t\t\t\t\t\t<p>Partenaire fondateur du cabinet, Seth\u00a0Dalfen pratique le droit de l&rsquo;immigration, avec une sp\u00e9cialisation dans le transfert au Canada de cadres sup\u00e9rieurs, de gens d\u2019affaires et de professionnels qualifi\u00e9s. Seth repr\u00e9sente des entreprises, des particuliers et des organismes communautaires dans diverses questions li\u00e9es \u00e0 l\u2019immigration, notamment les permis de travail temporaires, les demandes de r\u00e9sidence permanente, la r\u00e9unification des familles, les dispenses d\u2019inadmissibilit\u00e9 en cas d&rsquo;interdiction de territoire au Canada et les circonstances d\u2019ordre humanitaires.<\/p><p>Seth parle couramment le fran\u00e7ais et l\u2019anglais.<\/p><p><strong>ANN\u00c9E D\u2019ADMISSION AU BARREAU<\/strong><\/p><p>Barreau du Qu\u00e9bec, 1993<\/p><p><strong>FACULT\u00c9 DE DROIT<\/strong><\/p><p>Baccalaur\u00e9at en droit civil (B.C.L.) et baccalaur\u00e9at en droit (LLB), Universit\u00e9 McGill, 1991.<\/p><p><strong>ALLOCUTIONS<\/strong><\/p><p>Allocutions prononc\u00e9es devant la communaut\u00e9 juridique lors de congr\u00e8s professionnels organis\u00e9s par l\u2019Association du Barreau canadien, l&rsquo;Association du Barreau de l\u2019Ontario, la Boston Bar Association et l&rsquo;American Immigration Lawyers Association.<\/p><p>Allocutions prononc\u00e9es \u00e0 l\u2019Universit\u00e9 McGill et devant divers organismes communautaires et caritatifs portant sur une vari\u00e9t\u00e9 de sujets ayant trait \u00e0 l&rsquo;immigration.<\/p><p><strong>ADH\u00c9SION \u00c0 DIVERS COMIT\u00c9S ET ACTIVIT\u00c9S<\/strong><\/p><ul><li>Association du Barreau canadien, section Droit de l\u2019immigration et de la citoyennet\u00e9<\/li><li>American Immigration Lawyers Association<\/li><li>Membre du comit\u00e9 ex\u00e9cutif (ancien pr\u00e9sident) de l\u2019Association du Barreau canadien, division Qu\u00e9bec, Section Droit de l\u2019immigration et de la citoyennet\u00e9<\/li><li>Membre du conseil d\u2019administration de plusieurs organismes communautaires et caritatifs<\/li><li>Association Canadienne des Avocats en Immigration<\/li><li>Soci\u00e9t\u00e9 de droit Lord Reading<\/li><\/ul>\t\t\t\t\t\t\t\t<\/div>\n\t\t\t\t<\/div>\n\t\t\t\t\t<\/div>\n\t\t<\/div>\n\t\t\t\t\t<\/div>\n\t\t<\/section>\n\t\t\t\t<\/div>\n\t\t","protected":false},"excerpt":{"rendered":"<p>Nos avocats Notre succ\u00e8s passe par l&rsquo;\u00e9coute, l&rsquo;engagement et le savoir. Seth Dalfen Ligne directe :(514) 845-0903 Courriel :sdalfen@gombergdalfen.ca T\u00e9l\u00e9copieur :(514) 845-1559 Biographie Partenaire fondateur du cabinet, Seth\u00a0Dalfen pratique le droit de l&rsquo;immigration, avec une sp\u00e9cialisation dans le transfert au Canada de cadres sup\u00e9rieurs, de gens d\u2019affaires et de professionnels qualifi\u00e9s. Seth repr\u00e9sente des entreprises, [&hellip;]<\/p>\n","protected":false},"author":2,"featured_media":0,"parent":306,"menu_order":0,"comment_status":"closed","ping_status":"open","template":"","meta":{"_acf_changed":false,"footnotes":""},"class_list":["post-312","page","type-page","status-publish","hentry"],"acf":[],"yoast_head":"<!-- This site is optimized with the Yoast SEO plugin v27.3 - https:\/\/yoast.com\/product\/yoast-seo-wordpress\/ -->\n<title>Seth Dalfen<\/title>\n<meta name=\"description\" content=\"Partenaire fondateur du cabinet, Seth Dalfen pratique le droit de l\u2019immigration, avec une sp\u00e9cialisation dans le transfert au Canada de cadres sup\u00e9rieurs, de gens d\u2019affaires et de professionnels qualifi\u00e9s.\" \/>\n<meta name=\"robots\" content=\"index, follow, max-snippet:-1, max-image-preview:large, max-video-preview:-1\" \/>\n<link rel=\"canonical\" href=\"https:\/\/gombergdalfen.ca\/es\/abogados\/seth-dalfen\/\" \/>\n<meta property=\"og:locale\" content=\"fr_FR\" \/>\n<meta property=\"og:type\" content=\"article\" \/>\n<meta property=\"og:title\" content=\"Seth Dalfen\" \/>\n<meta property=\"og:description\" content=\"Partenaire fondateur du cabinet, Seth Dalfen pratique le droit de l\u2019immigration, avec une sp\u00e9cialisation dans le transfert au Canada de cadres sup\u00e9rieurs, de gens d\u2019affaires et de professionnels qualifi\u00e9s.\" \/>\n<meta property=\"og:url\" content=\"https:\/\/gombergdalfen.ca\/es\/abogados\/seth-dalfen\/\" \/>\n<meta property=\"og:site_name\" content=\"Gomberg Dalfen S.E.N.C.\" \/>\n<meta property=\"article:modified_time\" content=\"2024-01-16T15:14:10+00:00\" \/>\n<meta property=\"og:image\" content=\"https:\/\/gombergdalfen.ca\/wp-content\/uploads\/elementor\/thumbs\/seth-dalfen-odyltkthbgb9xs0njxgckxdpvk25bs9wr0tz8gmen4.jpg\" \/>\n<meta name=\"twitter:card\" content=\"summary_large_image\" \/>\n<meta name=\"twitter:label1\" content=\"Dur\u00e9e de lecture estim\u00e9e\" \/>\n\t<meta name=\"twitter:data1\" content=\"1 minute\" \/>\n<script type=\"application\/ld+json\" class=\"yoast-schema-graph\">{\"@context\":\"https:\\\/\\\/schema.org\",\"@graph\":[{\"@type\":\"WebPage\",\"@id\":\"https:\\\/\\\/gombergdalfen.ca\\\/es\\\/abogados\\\/seth-dalfen\\\/\",\"url\":\"https:\\\/\\\/gombergdalfen.ca\\\/es\\\/abogados\\\/seth-dalfen\\\/\",\"name\":\"Seth Dalfen\",\"isPartOf\":{\"@id\":\"https:\\\/\\\/gombergdalfen.ca\\\/#website\"},\"primaryImageOfPage\":{\"@id\":\"https:\\\/\\\/gombergdalfen.ca\\\/es\\\/abogados\\\/seth-dalfen\\\/#primaryimage\"},\"image\":{\"@id\":\"https:\\\/\\\/gombergdalfen.ca\\\/es\\\/abogados\\\/seth-dalfen\\\/#primaryimage\"},\"thumbnailUrl\":\"https:\\\/\\\/gombergdalfen.ca\\\/wp-content\\\/uploads\\\/elementor\\\/thumbs\\\/seth-dalfen-odyltkthbgb9xs0njxgckxdpvk25bs9wr0tz8gmen4.jpg\",\"datePublished\":\"2020-02-18T18:06:55+00:00\",\"dateModified\":\"2024-01-16T15:14:10+00:00\",\"description\":\"Partenaire fondateur du cabinet, Seth Dalfen pratique le droit de l\u2019immigration, avec une sp\u00e9cialisation dans le transfert au Canada de cadres sup\u00e9rieurs, de gens d\u2019affaires et de professionnels qualifi\u00e9s.\",\"breadcrumb\":{\"@id\":\"https:\\\/\\\/gombergdalfen.ca\\\/es\\\/abogados\\\/seth-dalfen\\\/#breadcrumb\"},\"inLanguage\":\"fr-FR\",\"potentialAction\":[{\"@type\":\"ReadAction\",\"target\":[\"https:\\\/\\\/gombergdalfen.ca\\\/es\\\/abogados\\\/seth-dalfen\\\/\"]}]},{\"@type\":\"ImageObject\",\"inLanguage\":\"fr-FR\",\"@id\":\"https:\\\/\\\/gombergdalfen.ca\\\/es\\\/abogados\\\/seth-dalfen\\\/#primaryimage\",\"url\":\"https:\\\/\\\/gombergdalfen.ca\\\/wp-content\\\/uploads\\\/elementor\\\/thumbs\\\/seth-dalfen-odyltkthbgb9xs0njxgckxdpvk25bs9wr0tz8gmen4.jpg\",\"contentUrl\":\"https:\\\/\\\/gombergdalfen.ca\\\/wp-content\\\/uploads\\\/elementor\\\/thumbs\\\/seth-dalfen-odyltkthbgb9xs0njxgckxdpvk25bs9wr0tz8gmen4.jpg\"},{\"@type\":\"BreadcrumbList\",\"@id\":\"https:\\\/\\\/gombergdalfen.ca\\\/es\\\/abogados\\\/seth-dalfen\\\/#breadcrumb\",\"itemListElement\":[{\"@type\":\"ListItem\",\"position\":1,\"name\":\"Home\",\"item\":\"https:\\\/\\\/gombergdalfen.ca\\\/fr\\\/\"},{\"@type\":\"ListItem\",\"position\":2,\"name\":\"Avocats\",\"item\":\"https:\\\/\\\/gombergdalfen.ca\\\/es\\\/abogados\\\/\"},{\"@type\":\"ListItem\",\"position\":3,\"name\":\"Seth Dalfen\"}]},{\"@type\":\"WebSite\",\"@id\":\"https:\\\/\\\/gombergdalfen.ca\\\/#website\",\"url\":\"https:\\\/\\\/gombergdalfen.ca\\\/\",\"name\":\"Gomberg Dalfen S.E.N.C.\",\"description\":\"La loi sur l&#039;immigration\",\"publisher\":{\"@id\":\"https:\\\/\\\/gombergdalfen.ca\\\/#organization\"},\"potentialAction\":[{\"@type\":\"SearchAction\",\"target\":{\"@type\":\"EntryPoint\",\"urlTemplate\":\"https:\\\/\\\/gombergdalfen.ca\\\/?s={search_term_string}\"},\"query-input\":{\"@type\":\"PropertyValueSpecification\",\"valueRequired\":true,\"valueName\":\"search_term_string\"}}],\"inLanguage\":\"fr-FR\"},{\"@type\":\"Organization\",\"@id\":\"https:\\\/\\\/gombergdalfen.ca\\\/#organization\",\"name\":\"Gomberg Dalfen, S.E.N.C.\",\"url\":\"https:\\\/\\\/gombergdalfen.ca\\\/\",\"logo\":{\"@type\":\"ImageObject\",\"inLanguage\":\"fr-FR\",\"@id\":\"https:\\\/\\\/gombergdalfen.ca\\\/#\\\/schema\\\/logo\\\/image\\\/\",\"url\":\"https:\\\/\\\/gombergdalfen.ca\\\/wp-content\\\/uploads\\\/2019\\\/08\\\/logo.png\",\"contentUrl\":\"https:\\\/\\\/gombergdalfen.ca\\\/wp-content\\\/uploads\\\/2019\\\/08\\\/logo.png\",\"width\":750,\"height\":203,\"caption\":\"Gomberg Dalfen, S.E.N.C.\"},\"image\":{\"@id\":\"https:\\\/\\\/gombergdalfen.ca\\\/#\\\/schema\\\/logo\\\/image\\\/\"}}]}<\/script>\n<!-- \/ Yoast SEO plugin. -->","yoast_head_json":{"title":"Seth Dalfen","description":"Partenaire fondateur du cabinet, Seth Dalfen pratique le droit de l\u2019immigration, avec une sp\u00e9cialisation dans le transfert au Canada de cadres sup\u00e9rieurs, de gens d\u2019affaires et de professionnels qualifi\u00e9s.","robots":{"index":"index","follow":"follow","max-snippet":"max-snippet:-1","max-image-preview":"max-image-preview:large","max-video-preview":"max-video-preview:-1"},"canonical":"https:\/\/gombergdalfen.ca\/es\/abogados\/seth-dalfen\/","og_locale":"fr_FR","og_type":"article","og_title":"Seth Dalfen","og_description":"Partenaire fondateur du cabinet, Seth Dalfen pratique le droit de l\u2019immigration, avec une sp\u00e9cialisation dans le transfert au Canada de cadres sup\u00e9rieurs, de gens d\u2019affaires et de professionnels qualifi\u00e9s.","og_url":"https:\/\/gombergdalfen.ca\/es\/abogados\/seth-dalfen\/","og_site_name":"Gomberg Dalfen S.E.N.C.","article_modified_time":"2024-01-16T15:14:10+00:00","og_image":[{"url":"https:\/\/gombergdalfen.ca\/wp-content\/uploads\/elementor\/thumbs\/seth-dalfen-odyltkthbgb9xs0njxgckxdpvk25bs9wr0tz8gmen4.jpg","type":"","width":"","height":""}],"twitter_card":"summary_large_image","twitter_misc":{"Dur\u00e9e de lecture estim\u00e9e":"1 minute"},"schema":{"@context":"https:\/\/schema.org","@graph":[{"@type":"WebPage","@id":"https:\/\/gombergdalfen.ca\/es\/abogados\/seth-dalfen\/","url":"https:\/\/gombergdalfen.ca\/es\/abogados\/seth-dalfen\/","name":"Seth Dalfen","isPartOf":{"@id":"https:\/\/gombergdalfen.ca\/#website"},"primaryImageOfPage":{"@id":"https:\/\/gombergdalfen.ca\/es\/abogados\/seth-dalfen\/#primaryimage"},"image":{"@id":"https:\/\/gombergdalfen.ca\/es\/abogados\/seth-dalfen\/#primaryimage"},"thumbnailUrl":"https:\/\/gombergdalfen.ca\/wp-content\/uploads\/elementor\/thumbs\/seth-dalfen-odyltkthbgb9xs0njxgckxdpvk25bs9wr0tz8gmen4.jpg","datePublished":"2020-02-18T18:06:55+00:00","dateModified":"2024-01-16T15:14:10+00:00","description":"Partenaire fondateur du cabinet, Seth Dalfen pratique le droit de l\u2019immigration, avec une sp\u00e9cialisation dans le transfert au Canada de cadres sup\u00e9rieurs, de gens d\u2019affaires et de professionnels qualifi\u00e9s.","breadcrumb":{"@id":"https:\/\/gombergdalfen.ca\/es\/abogados\/seth-dalfen\/#breadcrumb"},"inLanguage":"fr-FR","potentialAction":[{"@type":"ReadAction","target":["https:\/\/gombergdalfen.ca\/es\/abogados\/seth-dalfen\/"]}]},{"@type":"ImageObject","inLanguage":"fr-FR","@id":"https:\/\/gombergdalfen.ca\/es\/abogados\/seth-dalfen\/#primaryimage","url":"https:\/\/gombergdalfen.ca\/wp-content\/uploads\/elementor\/thumbs\/seth-dalfen-odyltkthbgb9xs0njxgckxdpvk25bs9wr0tz8gmen4.jpg","contentUrl":"https:\/\/gombergdalfen.ca\/wp-content\/uploads\/elementor\/thumbs\/seth-dalfen-odyltkthbgb9xs0njxgckxdpvk25bs9wr0tz8gmen4.jpg"},{"@type":"BreadcrumbList","@id":"https:\/\/gombergdalfen.ca\/es\/abogados\/seth-dalfen\/#breadcrumb","itemListElement":[{"@type":"ListItem","position":1,"name":"Home","item":"https:\/\/gombergdalfen.ca\/fr\/"},{"@type":"ListItem","position":2,"name":"Avocats","item":"https:\/\/gombergdalfen.ca\/es\/abogados\/"},{"@type":"ListItem","position":3,"name":"Seth Dalfen"}]},{"@type":"WebSite","@id":"https:\/\/gombergdalfen.ca\/#website","url":"https:\/\/gombergdalfen.ca\/","name":"Gomberg Dalfen S.E.N.C.","description":"La loi sur l&#039;immigration","publisher":{"@id":"https:\/\/gombergdalfen.ca\/#organization"},"potentialAction":[{"@type":"SearchAction","target":{"@type":"EntryPoint","urlTemplate":"https:\/\/gombergdalfen.ca\/?s={search_term_string}"},"query-input":{"@type":"PropertyValueSpecification","valueRequired":true,"valueName":"search_term_string"}}],"inLanguage":"fr-FR"},{"@type":"Organization","@id":"https:\/\/gombergdalfen.ca\/#organization","name":"Gomberg Dalfen, S.E.N.C.","url":"https:\/\/gombergdalfen.ca\/","logo":{"@type":"ImageObject","inLanguage":"fr-FR","@id":"https:\/\/gombergdalfen.ca\/#\/schema\/logo\/image\/","url":"https:\/\/gombergdalfen.ca\/wp-content\/uploads\/2019\/08\/logo.png","contentUrl":"https:\/\/gombergdalfen.ca\/wp-content\/uploads\/2019\/08\/logo.png","width":750,"height":203,"caption":"Gomberg Dalfen, S.E.N.C."},"image":{"@id":"https:\/\/gombergdalfen.ca\/#\/schema\/logo\/image\/"}}]}},"_links":{"self":[{"href":"https:\/\/gombergdalfen.ca\/fr\/wp-json\/wp\/v2\/pages\/312","targetHints":{"allow":["GET"]}}],"collection":[{"href":"https:\/\/gombergdalfen.ca\/fr\/wp-json\/wp\/v2\/pages"}],"about":[{"href":"https:\/\/gombergdalfen.ca\/fr\/wp-json\/wp\/v2\/types\/page"}],"author":[{"embeddable":true,"href":"https:\/\/gombergdalfen.ca\/fr\/wp-json\/wp\/v2\/users\/2"}],"replies":[{"embeddable":true,"href":"https:\/\/gombergdalfen.ca\/fr\/wp-json\/wp\/v2\/comments?post=312"}],"version-history":[{"count":7,"href":"https:\/\/gombergdalfen.ca\/fr\/wp-json\/wp\/v2\/pages\/312\/revisions"}],"predecessor-version":[{"id":1459,"href":"https:\/\/gombergdalfen.ca\/fr\/wp-json\/wp\/v2\/pages\/312\/revisions\/1459"}],"up":[{"embeddable":true,"href":"https:\/\/gombergdalfen.ca\/fr\/wp-json\/wp\/v2\/pages\/306"}],"wp:attachment":[{"href":"https:\/\/gombergdalfen.ca\/fr\/wp-json\/wp\/v2\/media?parent=312"}],"curies":[{"name":"wp","href":"https:\/\/api.w.org\/{rel}","templated":true}]}}