{"id":314,"date":"2020-02-18T13:06:59","date_gmt":"2020-02-18T18:06:59","guid":{"rendered":"https:\/\/gombergdalfen.ca\/wordpress\/?page_id=314"},"modified":"2020-02-18T20:59:13","modified_gmt":"2020-02-19T01:59:13","slug":"philosophie","status":"publish","type":"page","link":"https:\/\/gombergdalfen.ca\/fr\/philosophie\/","title":{"rendered":"Philosophie"},"content":{"rendered":"\t\t<div data-elementor-type=\"wp-page\" data-elementor-id=\"314\" class=\"elementor elementor-314\">\n\t\t\t\t\t\t<section class=\"elementor-section elementor-top-section elementor-element elementor-element-a720b7e elementor-section-stretched elementor-section-full_width elementor-section-height-min-height elementor-section-content-middle elementor-section-height-default elementor-section-items-middle\" data-id=\"a720b7e\" data-element_type=\"section\" data-settings=\"{&quot;stretch_section&quot;:&quot;section-stretched&quot;,&quot;background_background&quot;:&quot;classic&quot;}\">\n\t\t\t\t\t\t<div class=\"elementor-container elementor-column-gap-default\">\n\t\t\t\t\t<div class=\"elementor-column elementor-col-100 elementor-top-column elementor-element elementor-element-080bb71\" data-id=\"080bb71\" data-element_type=\"column\" data-settings=\"{&quot;background_background&quot;:&quot;classic&quot;}\">\n\t\t\t<div class=\"elementor-widget-wrap elementor-element-populated\">\n\t\t\t\t\t\t<div class=\"elementor-element elementor-element-2d20e8f elementor-widget elementor-widget-heading\" data-id=\"2d20e8f\" data-element_type=\"widget\" data-widget_type=\"heading.default\">\n\t\t\t\t<div class=\"elementor-widget-container\">\n\t\t\t\t\t<h1 class=\"elementor-heading-title elementor-size-default\">Notre philosophie<\/h1>\t\t\t\t<\/div>\n\t\t\t\t<\/div>\n\t\t\t\t<section class=\"elementor-section elementor-inner-section elementor-element elementor-element-bab4811 elementor-section-boxed elementor-section-height-default elementor-section-height-default\" data-id=\"bab4811\" data-element_type=\"section\">\n\t\t\t\t\t\t<div class=\"elementor-container elementor-column-gap-default\">\n\t\t\t\t\t<div class=\"elementor-column elementor-col-100 elementor-inner-column elementor-element elementor-element-2f2fec3\" data-id=\"2f2fec3\" data-element_type=\"column\">\n\t\t\t<div class=\"elementor-widget-wrap elementor-element-populated\">\n\t\t\t\t\t\t<div class=\"elementor-element elementor-element-1fcbb5e elementor-widget elementor-widget-text-editor\" data-id=\"1fcbb5e\" data-element_type=\"widget\" data-widget_type=\"text-editor.default\">\n\t\t\t\t<div class=\"elementor-widget-container\">\n\t\t\t\t\t\t\t\t\t<p style=\"text-align: center;\">Notre but est d\u2019aider nos clients, entreprises ou particuliers<\/p>\t\t\t\t\t\t\t\t<\/div>\n\t\t\t\t<\/div>\n\t\t\t\t\t<\/div>\n\t\t<\/div>\n\t\t\t\t\t<\/div>\n\t\t<\/section>\n\t\t\t\t\t<\/div>\n\t\t<\/div>\n\t\t\t\t\t<\/div>\n\t\t<\/section>\n\t\t\t\t<section class=\"elementor-section elementor-top-section elementor-element elementor-element-43fdb79 elementor-section-boxed elementor-section-height-default elementor-section-height-default\" data-id=\"43fdb79\" data-element_type=\"section\">\n\t\t\t\t\t\t<div class=\"elementor-container elementor-column-gap-wider\">\n\t\t\t\t\t<div class=\"elementor-column elementor-col-100 elementor-top-column elementor-element elementor-element-0bbddec\" data-id=\"0bbddec\" data-element_type=\"column\">\n\t\t\t<div class=\"elementor-widget-wrap elementor-element-populated\">\n\t\t\t\t\t\t<div class=\"elementor-element elementor-element-974296a elementor-widget elementor-widget-heading\" data-id=\"974296a\" data-element_type=\"widget\" data-widget_type=\"heading.default\">\n\t\t\t\t<div class=\"elementor-widget-container\">\n\t\t\t\t\t<h1 class=\"elementor-heading-title elementor-size-default\">Notre philosophie<\/h1>\t\t\t\t<\/div>\n\t\t\t\t<\/div>\n\t\t\t\t<div class=\"elementor-element elementor-element-3944ec9 elementor-widget-divider--view-line elementor-widget elementor-widget-divider\" data-id=\"3944ec9\" data-element_type=\"widget\" data-widget_type=\"divider.default\">\n\t\t\t\t<div class=\"elementor-widget-container\">\n\t\t\t\t\t\t\t<div class=\"elementor-divider\">\n\t\t\t<span class=\"elementor-divider-separator\">\n\t\t\t\t\t\t<\/span>\n\t\t<\/div>\n\t\t\t\t\t\t<\/div>\n\t\t\t\t<\/div>\n\t\t\t\t<div class=\"elementor-element elementor-element-552b250 elementor-widget elementor-widget-text-editor\" data-id=\"552b250\" data-element_type=\"widget\" data-widget_type=\"text-editor.default\">\n\t\t\t\t<div class=\"elementor-widget-container\">\n\t\t\t\t\t\t\t\t\t<p>Chez Gomberg Dalfen, notre but est d\u2019aider nos clients, entreprises ou particuliers, pour toutes les questions relatives \u00e0 l\u2019immigration, et ce, de mani\u00e8re consciencieuse et dans les d\u00e9lais. Nous aidons les entreprises en leur offrant une information juste sur les politiques et les lois aff\u00e9rentes.\u00a0<\/p><p>Nous aidons les familles afin qu\u2019elles puissent rester unies ou \u00eatre r\u00e9unies. Notre travail est guid\u00e9 par le principe consistant \u00e0 traiter chaque dossier comme s\u2019il s\u2019agissait de notre propre situation. Nos clients nous tiennent \u00e0 coeur et nous traitons chacun d&rsquo;eux de fa\u00e7on personnalis\u00e9e.\u00a0<\/p><p>Nous travaillons avec honn\u00eatet\u00e9 et diligence et nous sommes bien au fait des proc\u00e9dures \u00e0 suivre et des attentes. Nous consacrons nos efforts \u00e0 l\u2019obtention de r\u00e9sultats favorables pour nos clients.<\/p>\t\t\t\t\t\t\t\t<\/div>\n\t\t\t\t<\/div>\n\t\t\t\t\t<\/div>\n\t\t<\/div>\n\t\t\t\t\t<\/div>\n\t\t<\/section>\n\t\t\t\t<\/div>\n\t\t","protected":false},"excerpt":{"rendered":"<p>Notre philosophie Notre but est d\u2019aider nos clients, entreprises ou particuliers Notre philosophie Chez Gomberg Dalfen, notre but est d\u2019aider nos clients, entreprises ou particuliers, pour toutes les questions relatives \u00e0 l\u2019immigration, et ce, de mani\u00e8re consciencieuse et dans les d\u00e9lais. Nous aidons les entreprises en leur offrant une information juste sur les politiques et [&hellip;]<\/p>\n","protected":false},"author":2,"featured_media":0,"parent":0,"menu_order":0,"comment_status":"closed","ping_status":"open","template":"","meta":{"_acf_changed":false,"footnotes":""},"class_list":["post-314","page","type-page","status-publish","hentry"],"acf":[],"yoast_head":"<!-- This site is optimized with the Yoast SEO plugin v27.3 - https:\/\/yoast.com\/product\/yoast-seo-wordpress\/ -->\n<title>Philosophie<\/title>\n<meta name=\"description\" content=\"Chez Gomberg Dalfen, notre but est d\u2019aider nos clients, entreprises ou particuliers, pour toutes les questions relatives \u00e0 l\u2019immigration, et ce, de mani\u00e8re consciencieuse et dans les d\u00e9lais.\" \/>\n<meta name=\"robots\" content=\"index, follow, max-snippet:-1, max-image-preview:large, max-video-preview:-1\" \/>\n<link rel=\"canonical\" href=\"https:\/\/gombergdalfen.ca\/fr\/philosophie\/\" \/>\n<meta property=\"og:locale\" content=\"fr_FR\" \/>\n<meta property=\"og:type\" content=\"article\" \/>\n<meta property=\"og:title\" content=\"Philosophie\" \/>\n<meta property=\"og:description\" content=\"Chez Gomberg Dalfen, notre but est d\u2019aider nos clients, entreprises ou particuliers, pour toutes les questions relatives \u00e0 l\u2019immigration, et ce, de mani\u00e8re consciencieuse et dans les d\u00e9lais.\" \/>\n<meta property=\"og:url\" content=\"https:\/\/gombergdalfen.ca\/fr\/philosophie\/\" \/>\n<meta property=\"og:site_name\" content=\"Gomberg Dalfen S.E.N.C.\" \/>\n<meta property=\"article:modified_time\" content=\"2020-02-19T01:59:13+00:00\" \/>\n<meta property=\"og:image\" content=\"https:\/\/gombergdalfen.ca\/wp-content\/uploads\/2020\/02\/website-thumbnail.jpg\" \/>\n\t<meta property=\"og:image:width\" content=\"925\" \/>\n\t<meta property=\"og:image:height\" content=\"768\" \/>\n\t<meta property=\"og:image:type\" content=\"image\/jpeg\" \/>\n<meta name=\"twitter:card\" content=\"summary_large_image\" \/>\n<meta name=\"twitter:label1\" content=\"Dur\u00e9e de lecture estim\u00e9e\" \/>\n\t<meta name=\"twitter:data1\" content=\"1 minute\" \/>\n<script type=\"application\/ld+json\" class=\"yoast-schema-graph\">{\"@context\":\"https:\\\/\\\/schema.org\",\"@graph\":[{\"@type\":\"WebPage\",\"@id\":\"https:\\\/\\\/gombergdalfen.ca\\\/fr\\\/philosophie\\\/\",\"url\":\"https:\\\/\\\/gombergdalfen.ca\\\/fr\\\/philosophie\\\/\",\"name\":\"Philosophie\",\"isPartOf\":{\"@id\":\"https:\\\/\\\/gombergdalfen.ca\\\/#website\"},\"datePublished\":\"2020-02-18T18:06:59+00:00\",\"dateModified\":\"2020-02-19T01:59:13+00:00\",\"description\":\"Chez Gomberg Dalfen, notre but est d\u2019aider nos clients, entreprises ou particuliers, pour toutes les questions relatives \u00e0 l\u2019immigration, et ce, de mani\u00e8re consciencieuse et dans les d\u00e9lais.\",\"breadcrumb\":{\"@id\":\"https:\\\/\\\/gombergdalfen.ca\\\/fr\\\/philosophie\\\/#breadcrumb\"},\"inLanguage\":\"fr-FR\",\"potentialAction\":[{\"@type\":\"ReadAction\",\"target\":[\"https:\\\/\\\/gombergdalfen.ca\\\/fr\\\/philosophie\\\/\"]}]},{\"@type\":\"BreadcrumbList\",\"@id\":\"https:\\\/\\\/gombergdalfen.ca\\\/fr\\\/philosophie\\\/#breadcrumb\",\"itemListElement\":[{\"@type\":\"ListItem\",\"position\":1,\"name\":\"Home\",\"item\":\"https:\\\/\\\/gombergdalfen.ca\\\/fr\\\/\"},{\"@type\":\"ListItem\",\"position\":2,\"name\":\"Philosophie\"}]},{\"@type\":\"WebSite\",\"@id\":\"https:\\\/\\\/gombergdalfen.ca\\\/#website\",\"url\":\"https:\\\/\\\/gombergdalfen.ca\\\/\",\"name\":\"Gomberg Dalfen S.E.N.C.\",\"description\":\"La loi sur l&#039;immigration\",\"publisher\":{\"@id\":\"https:\\\/\\\/gombergdalfen.ca\\\/#organization\"},\"potentialAction\":[{\"@type\":\"SearchAction\",\"target\":{\"@type\":\"EntryPoint\",\"urlTemplate\":\"https:\\\/\\\/gombergdalfen.ca\\\/?s={search_term_string}\"},\"query-input\":{\"@type\":\"PropertyValueSpecification\",\"valueRequired\":true,\"valueName\":\"search_term_string\"}}],\"inLanguage\":\"fr-FR\"},{\"@type\":\"Organization\",\"@id\":\"https:\\\/\\\/gombergdalfen.ca\\\/#organization\",\"name\":\"Gomberg Dalfen, S.E.N.C.\",\"url\":\"https:\\\/\\\/gombergdalfen.ca\\\/\",\"logo\":{\"@type\":\"ImageObject\",\"inLanguage\":\"fr-FR\",\"@id\":\"https:\\\/\\\/gombergdalfen.ca\\\/#\\\/schema\\\/logo\\\/image\\\/\",\"url\":\"https:\\\/\\\/gombergdalfen.ca\\\/wp-content\\\/uploads\\\/2019\\\/08\\\/logo.png\",\"contentUrl\":\"https:\\\/\\\/gombergdalfen.ca\\\/wp-content\\\/uploads\\\/2019\\\/08\\\/logo.png\",\"width\":750,\"height\":203,\"caption\":\"Gomberg Dalfen, S.E.N.C.\"},\"image\":{\"@id\":\"https:\\\/\\\/gombergdalfen.ca\\\/#\\\/schema\\\/logo\\\/image\\\/\"}}]}<\/script>\n<!-- \/ Yoast SEO plugin. -->","yoast_head_json":{"title":"Philosophie","description":"Chez Gomberg Dalfen, notre but est d\u2019aider nos clients, entreprises ou particuliers, pour toutes les questions relatives \u00e0 l\u2019immigration, et ce, de mani\u00e8re consciencieuse et dans les d\u00e9lais.","robots":{"index":"index","follow":"follow","max-snippet":"max-snippet:-1","max-image-preview":"max-image-preview:large","max-video-preview":"max-video-preview:-1"},"canonical":"https:\/\/gombergdalfen.ca\/fr\/philosophie\/","og_locale":"fr_FR","og_type":"article","og_title":"Philosophie","og_description":"Chez Gomberg Dalfen, notre but est d\u2019aider nos clients, entreprises ou particuliers, pour toutes les questions relatives \u00e0 l\u2019immigration, et ce, de mani\u00e8re consciencieuse et dans les d\u00e9lais.","og_url":"https:\/\/gombergdalfen.ca\/fr\/philosophie\/","og_site_name":"Gomberg Dalfen S.E.N.C.","article_modified_time":"2020-02-19T01:59:13+00:00","og_image":[{"width":925,"height":768,"url":"https:\/\/gombergdalfen.ca\/wp-content\/uploads\/2020\/02\/website-thumbnail.jpg","type":"image\/jpeg"}],"twitter_card":"summary_large_image","twitter_misc":{"Dur\u00e9e de lecture estim\u00e9e":"1 minute"},"schema":{"@context":"https:\/\/schema.org","@graph":[{"@type":"WebPage","@id":"https:\/\/gombergdalfen.ca\/fr\/philosophie\/","url":"https:\/\/gombergdalfen.ca\/fr\/philosophie\/","name":"Philosophie","isPartOf":{"@id":"https:\/\/gombergdalfen.ca\/#website"},"datePublished":"2020-02-18T18:06:59+00:00","dateModified":"2020-02-19T01:59:13+00:00","description":"Chez Gomberg Dalfen, notre but est d\u2019aider nos clients, entreprises ou particuliers, pour toutes les questions relatives \u00e0 l\u2019immigration, et ce, de mani\u00e8re consciencieuse et dans les d\u00e9lais.","breadcrumb":{"@id":"https:\/\/gombergdalfen.ca\/fr\/philosophie\/#breadcrumb"},"inLanguage":"fr-FR","potentialAction":[{"@type":"ReadAction","target":["https:\/\/gombergdalfen.ca\/fr\/philosophie\/"]}]},{"@type":"BreadcrumbList","@id":"https:\/\/gombergdalfen.ca\/fr\/philosophie\/#breadcrumb","itemListElement":[{"@type":"ListItem","position":1,"name":"Home","item":"https:\/\/gombergdalfen.ca\/fr\/"},{"@type":"ListItem","position":2,"name":"Philosophie"}]},{"@type":"WebSite","@id":"https:\/\/gombergdalfen.ca\/#website","url":"https:\/\/gombergdalfen.ca\/","name":"Gomberg Dalfen S.E.N.C.","description":"La loi sur l&#039;immigration","publisher":{"@id":"https:\/\/gombergdalfen.ca\/#organization"},"potentialAction":[{"@type":"SearchAction","target":{"@type":"EntryPoint","urlTemplate":"https:\/\/gombergdalfen.ca\/?s={search_term_string}"},"query-input":{"@type":"PropertyValueSpecification","valueRequired":true,"valueName":"search_term_string"}}],"inLanguage":"fr-FR"},{"@type":"Organization","@id":"https:\/\/gombergdalfen.ca\/#organization","name":"Gomberg Dalfen, S.E.N.C.","url":"https:\/\/gombergdalfen.ca\/","logo":{"@type":"ImageObject","inLanguage":"fr-FR","@id":"https:\/\/gombergdalfen.ca\/#\/schema\/logo\/image\/","url":"https:\/\/gombergdalfen.ca\/wp-content\/uploads\/2019\/08\/logo.png","contentUrl":"https:\/\/gombergdalfen.ca\/wp-content\/uploads\/2019\/08\/logo.png","width":750,"height":203,"caption":"Gomberg Dalfen, S.E.N.C."},"image":{"@id":"https:\/\/gombergdalfen.ca\/#\/schema\/logo\/image\/"}}]}},"_links":{"self":[{"href":"https:\/\/gombergdalfen.ca\/fr\/wp-json\/wp\/v2\/pages\/314","targetHints":{"allow":["GET"]}}],"collection":[{"href":"https:\/\/gombergdalfen.ca\/fr\/wp-json\/wp\/v2\/pages"}],"about":[{"href":"https:\/\/gombergdalfen.ca\/fr\/wp-json\/wp\/v2\/types\/page"}],"author":[{"embeddable":true,"href":"https:\/\/gombergdalfen.ca\/fr\/wp-json\/wp\/v2\/users\/2"}],"replies":[{"embeddable":true,"href":"https:\/\/gombergdalfen.ca\/fr\/wp-json\/wp\/v2\/comments?post=314"}],"version-history":[{"count":4,"href":"https:\/\/gombergdalfen.ca\/fr\/wp-json\/wp\/v2\/pages\/314\/revisions"}],"predecessor-version":[{"id":387,"href":"https:\/\/gombergdalfen.ca\/fr\/wp-json\/wp\/v2\/pages\/314\/revisions\/387"}],"wp:attachment":[{"href":"https:\/\/gombergdalfen.ca\/fr\/wp-json\/wp\/v2\/media?parent=314"}],"curies":[{"name":"wp","href":"https:\/\/api.w.org\/{rel}","templated":true}]}}