{"id":611,"date":"2020-07-28T09:46:07","date_gmt":"2020-07-28T13:46:07","guid":{"rendered":"https:\/\/gombergdalfen.ca\/?page_id=611"},"modified":"2025-12-02T12:49:36","modified_gmt":"2025-12-02T17:49:36","slug":"payez-ici","status":"publish","type":"page","link":"https:\/\/gombergdalfen.ca\/fr\/payez-ici\/","title":{"rendered":"Payez ici"},"content":{"rendered":"\t\t<div data-elementor-type=\"wp-page\" data-elementor-id=\"611\" class=\"elementor elementor-611\">\n\t\t\t\t\t\t<section class=\"elementor-section elementor-top-section elementor-element elementor-element-a720b7e elementor-section-stretched elementor-section-full_width elementor-section-height-min-height elementor-section-content-middle elementor-section-height-default elementor-section-items-middle\" data-id=\"a720b7e\" data-element_type=\"section\" data-settings=\"{&quot;stretch_section&quot;:&quot;section-stretched&quot;,&quot;background_background&quot;:&quot;classic&quot;}\">\n\t\t\t\t\t\t<div class=\"elementor-container elementor-column-gap-default\">\n\t\t\t\t\t<div class=\"elementor-column elementor-col-100 elementor-top-column elementor-element elementor-element-080bb71\" data-id=\"080bb71\" data-element_type=\"column\" data-settings=\"{&quot;background_background&quot;:&quot;classic&quot;}\">\n\t\t\t<div class=\"elementor-widget-wrap elementor-element-populated\">\n\t\t\t\t\t\t<div class=\"elementor-element elementor-element-2d20e8f elementor-widget elementor-widget-heading\" data-id=\"2d20e8f\" data-element_type=\"widget\" data-widget_type=\"heading.default\">\n\t\t\t\t<div class=\"elementor-widget-container\">\n\t\t\t\t\t<h1 class=\"elementor-heading-title elementor-size-default\">Payez ici <\/h1>\t\t\t\t<\/div>\n\t\t\t\t<\/div>\n\t\t\t\t<section class=\"elementor-section elementor-inner-section elementor-element elementor-element-bab4811 elementor-section-boxed elementor-section-height-default elementor-section-height-default\" data-id=\"bab4811\" data-element_type=\"section\">\n\t\t\t\t\t\t<div class=\"elementor-container elementor-column-gap-default\">\n\t\t\t\t\t<div class=\"elementor-column elementor-col-100 elementor-inner-column elementor-element elementor-element-2f2fec3\" data-id=\"2f2fec3\" data-element_type=\"column\">\n\t\t\t<div class=\"elementor-widget-wrap elementor-element-populated\">\n\t\t\t\t\t\t<div class=\"elementor-element elementor-element-1fcbb5e elementor-widget elementor-widget-text-editor\" data-id=\"1fcbb5e\" data-element_type=\"widget\" data-widget_type=\"text-editor.default\">\n\t\t\t\t<div class=\"elementor-widget-container\">\n\t\t\t\t\t\t\t\t\t<p style=\"text-align: center;\">Gomberg Dalfen S.E.N.C. accepte les paiements en ligne.<\/p>\t\t\t\t\t\t\t\t<\/div>\n\t\t\t\t<\/div>\n\t\t\t\t\t<\/div>\n\t\t<\/div>\n\t\t\t\t\t<\/div>\n\t\t<\/section>\n\t\t\t\t\t<\/div>\n\t\t<\/div>\n\t\t\t\t\t<\/div>\n\t\t<\/section>\n\t\t\t\t<section class=\"elementor-section elementor-top-section elementor-element elementor-element-43fdb79 elementor-section-boxed elementor-section-height-default elementor-section-height-default\" data-id=\"43fdb79\" data-element_type=\"section\">\n\t\t\t\t\t\t<div class=\"elementor-container elementor-column-gap-wider\">\n\t\t\t\t\t<div class=\"elementor-column elementor-col-100 elementor-top-column elementor-element elementor-element-0bbddec\" data-id=\"0bbddec\" data-element_type=\"column\">\n\t\t\t<div class=\"elementor-widget-wrap elementor-element-populated\">\n\t\t\t\t\t\t<div class=\"elementor-element elementor-element-552b250 elementor-widget elementor-widget-text-editor\" data-id=\"552b250\" data-element_type=\"widget\" data-widget_type=\"text-editor.default\">\n\t\t\t\t<div class=\"elementor-widget-container\">\n\t\t\t\t\t\t\t\t\t<h4 style=\"text-align: center;\">Veuillez cliquer sur le lien sp\u00e9cifique ci-dessous pour \u00eatre transf\u00e9r\u00e9 vers notre formulaire de paiement afin d&rsquo;effectuer vos paiements en ligne en toute s\u00e9curit\u00e9.<\/h4><p style=\"text-align: center;\">Veuillez noter qu&rsquo;en cliquant sur n&rsquo;importe quel bouton, vous serez redirig\u00e9 vers un site s\u00e9curis\u00e9 distinct pour traiter la transaction.<\/p>\t\t\t\t\t\t\t\t<\/div>\n\t\t\t\t<\/div>\n\t\t\t\t\t<\/div>\n\t\t<\/div>\n\t\t\t\t\t<\/div>\n\t\t<\/section>\n\t\t\t\t<section class=\"elementor-section elementor-top-section elementor-element elementor-element-fbe2446 elementor-section-boxed elementor-section-height-default elementor-section-height-default\" data-id=\"fbe2446\" data-element_type=\"section\">\n\t\t\t\t\t\t<div class=\"elementor-container elementor-column-gap-narrow\">\n\t\t\t\t\t<div class=\"elementor-column elementor-col-33 elementor-top-column elementor-element elementor-element-1e64df1\" data-id=\"1e64df1\" data-element_type=\"column\" data-settings=\"{&quot;background_background&quot;:&quot;classic&quot;}\">\n\t\t\t<div class=\"elementor-widget-wrap elementor-element-populated\">\n\t\t\t\t\t\t<div class=\"elementor-element elementor-element-e7a7ef4 elementor-widget elementor-widget-text-editor\" data-id=\"e7a7ef4\" data-element_type=\"widget\" data-widget_type=\"text-editor.default\">\n\t\t\t\t<div class=\"elementor-widget-container\">\n\t\t\t\t\t\t\t\t\t<p style=\"text-align: center;\"><span style=\"color: #000000;\">Si vous souhaitez payer une facture <strong>en dollars canadiens<\/strong> pour des services juridiques<\/span><\/p>\t\t\t\t\t\t\t\t<\/div>\n\t\t\t\t<\/div>\n\t\t\t\t<div class=\"elementor-element elementor-element-45d11fd elementor-align-center elementor-widget elementor-widget-button\" data-id=\"45d11fd\" data-element_type=\"widget\" data-widget_type=\"button.default\">\n\t\t\t\t<div class=\"elementor-widget-container\">\n\t\t\t\t\t\t\t\t\t<div class=\"elementor-button-wrapper\">\n\t\t\t\t\t<a class=\"elementor-button elementor-button-link elementor-size-md\" href=\"https:\/\/secure.lawpay.com\/pages\/gombergdalfen\/operatingfrench-new-1\" target=\"_blank\">\n\t\t\t\t\t\t<span class=\"elementor-button-content-wrapper\">\n\t\t\t\t\t\t<span class=\"elementor-button-icon\">\n\t\t\t\t<i aria-hidden=\"true\" class=\"fab fa-canadian-maple-leaf\"><\/i>\t\t\t<\/span>\n\t\t\t\t\t\t\t\t\t<span class=\"elementor-button-text\">Facture<br>CAD<\/span>\n\t\t\t\t\t<\/span>\n\t\t\t\t\t<\/a>\n\t\t\t\t<\/div>\n\t\t\t\t\t\t\t\t<\/div>\n\t\t\t\t<\/div>\n\t\t\t\t\t<\/div>\n\t\t<\/div>\n\t\t\t\t<div class=\"elementor-column elementor-col-33 elementor-top-column elementor-element elementor-element-054685c\" data-id=\"054685c\" data-element_type=\"column\" data-settings=\"{&quot;background_background&quot;:&quot;classic&quot;}\">\n\t\t\t<div class=\"elementor-widget-wrap elementor-element-populated\">\n\t\t\t\t\t\t<div class=\"elementor-element elementor-element-796a172 elementor-widget elementor-widget-text-editor\" data-id=\"796a172\" data-element_type=\"widget\" data-widget_type=\"text-editor.default\">\n\t\t\t\t<div class=\"elementor-widget-container\">\n\t\t\t\t\t\t\t\t\t<p style=\"text-align: center;\"><span style=\"color: #000000;\">Si vous souhaitez payer une facture <strong>en<\/strong> <strong>dollars am\u00e9ricains<\/strong> pour des services juridiques<\/span><\/p>\t\t\t\t\t\t\t\t<\/div>\n\t\t\t\t<\/div>\n\t\t\t\t<div class=\"elementor-element elementor-element-3e7a0c1 elementor-align-center elementor-widget elementor-widget-button\" data-id=\"3e7a0c1\" data-element_type=\"widget\" data-widget_type=\"button.default\">\n\t\t\t\t<div class=\"elementor-widget-container\">\n\t\t\t\t\t\t\t\t\t<div class=\"elementor-button-wrapper\">\n\t\t\t\t\t<a class=\"elementor-button elementor-button-link elementor-size-md\" href=\"https:\/\/secure.lawpay.com\/pages\/gombergdalfen\/usdopertingfrench-new-1\" target=\"_blank\">\n\t\t\t\t\t\t<span class=\"elementor-button-content-wrapper\">\n\t\t\t\t\t\t<span class=\"elementor-button-icon\">\n\t\t\t\t<i aria-hidden=\"true\" class=\"fas fa-flag-usa\"><\/i>\t\t\t<\/span>\n\t\t\t\t\t\t\t\t\t<span class=\"elementor-button-text\">Facture<br>USD<\/span>\n\t\t\t\t\t<\/span>\n\t\t\t\t\t<\/a>\n\t\t\t\t<\/div>\n\t\t\t\t\t\t\t\t<\/div>\n\t\t\t\t<\/div>\n\t\t\t\t\t<\/div>\n\t\t<\/div>\n\t\t\t\t<div class=\"elementor-column elementor-col-33 elementor-top-column elementor-element elementor-element-412332b\" data-id=\"412332b\" data-element_type=\"column\" data-settings=\"{&quot;background_background&quot;:&quot;classic&quot;}\">\n\t\t\t<div class=\"elementor-widget-wrap elementor-element-populated\">\n\t\t\t\t\t\t<div class=\"elementor-element elementor-element-3ab54af elementor-widget elementor-widget-text-editor\" data-id=\"3ab54af\" data-element_type=\"widget\" data-widget_type=\"text-editor.default\">\n\t\t\t\t<div class=\"elementor-widget-container\">\n\t\t\t\t\t\t\t\t\t<p style=\"text-align: center;\"><span style=\"color: #000000;\">Si vous souhaitez verser une provision \u00e0 notre compte en fid\u00e9icommis (<strong>en dollars canadiens<\/strong>)<\/span><\/p>\t\t\t\t\t\t\t\t<\/div>\n\t\t\t\t<\/div>\n\t\t\t\t<div class=\"elementor-element elementor-element-6c7ad70 elementor-align-center elementor-widget elementor-widget-button\" data-id=\"6c7ad70\" data-element_type=\"widget\" data-widget_type=\"button.default\">\n\t\t\t\t<div class=\"elementor-widget-container\">\n\t\t\t\t\t\t\t\t\t<div class=\"elementor-button-wrapper\">\n\t\t\t\t\t<a class=\"elementor-button elementor-button-link elementor-size-md\" href=\"https:\/\/secure.lawpay.com\/pages\/gombergdalfen\/trustfrench-new-1\" target=\"_blank\">\n\t\t\t\t\t\t<span class=\"elementor-button-content-wrapper\">\n\t\t\t\t\t\t<span class=\"elementor-button-icon\">\n\t\t\t\t<i aria-hidden=\"true\" class=\"fab fa-canadian-maple-leaf\"><\/i>\t\t\t<\/span>\n\t\t\t\t\t\t\t\t\t<span class=\"elementor-button-text\">Compte&nbsp;Fid\u00e9icommis<br>CAD<\/span>\n\t\t\t\t\t<\/span>\n\t\t\t\t\t<\/a>\n\t\t\t\t<\/div>\n\t\t\t\t\t\t\t\t<\/div>\n\t\t\t\t<\/div>\n\t\t\t\t\t<\/div>\n\t\t<\/div>\n\t\t\t\t\t<\/div>\n\t\t<\/section>\n\t\t\t\t<section class=\"elementor-section elementor-top-section elementor-element elementor-element-2bef0ca elementor-section-boxed elementor-section-height-default elementor-section-height-default\" data-id=\"2bef0ca\" data-element_type=\"section\">\n\t\t\t\t\t\t<div class=\"elementor-container elementor-column-gap-wider\">\n\t\t\t\t\t<div class=\"elementor-column elementor-col-100 elementor-top-column elementor-element elementor-element-e5be63e\" data-id=\"e5be63e\" data-element_type=\"column\">\n\t\t\t<div class=\"elementor-widget-wrap elementor-element-populated\">\n\t\t\t\t\t\t<div class=\"elementor-element elementor-element-a07acad elementor-widget elementor-widget-text-editor\" data-id=\"a07acad\" data-element_type=\"widget\" data-widget_type=\"text-editor.default\">\n\t\t\t\t<div class=\"elementor-widget-container\">\n\t\t\t\t\t\t\t\t\t<p style=\"text-align: center;\"><em>Remarque: Gomberg Dalfen S.E.N.C. et notre processeur de paiement par cartes de cr\u00e9dit en ligne, LawPay, ont pour politique de respecter la vie priv\u00e9e des clients et des personnes qui font affaires avec nous via ce service de paiement en ligne. Ainsi, toutes les informations pr\u00e9sent\u00e9es ici NE SERONT PAS vendues ou distribu\u00e9es \u00e0 une partie autre que LawPay.<\/em><\/p>\t\t\t\t\t\t\t\t<\/div>\n\t\t\t\t<\/div>\n\t\t\t\t\t<\/div>\n\t\t<\/div>\n\t\t\t\t\t<\/div>\n\t\t<\/section>\n\t\t\t\t<\/div>\n\t\t","protected":false},"excerpt":{"rendered":"<p>Payez ici Gomberg Dalfen S.E.N.C. accepte les paiements en ligne. Veuillez cliquer sur le lien sp\u00e9cifique ci-dessous pour \u00eatre transf\u00e9r\u00e9 vers notre formulaire de paiement afin d&rsquo;effectuer vos paiements en ligne en toute s\u00e9curit\u00e9. Veuillez noter qu&rsquo;en cliquant sur n&rsquo;importe quel bouton, vous serez redirig\u00e9 vers un site s\u00e9curis\u00e9 distinct pour traiter la transaction. Si [&hellip;]<\/p>\n","protected":false},"author":2,"featured_media":0,"parent":0,"menu_order":0,"comment_status":"closed","ping_status":"closed","template":"","meta":{"_acf_changed":false,"footnotes":""},"class_list":["post-611","page","type-page","status-publish","hentry"],"acf":[],"yoast_head":"<!-- This site is optimized with the Yoast SEO plugin v27.3 - https:\/\/yoast.com\/product\/yoast-seo-wordpress\/ -->\n<title>Gomberg Dalfen S.E.N.C. - Payez ici<\/title>\n<meta name=\"description\" content=\"Avi Gomberg and Seth Dalfen formed the law firm Gomberg Dalfen in October 2000.\" \/>\n<meta name=\"robots\" content=\"index, follow, max-snippet:-1, max-image-preview:large, max-video-preview:-1\" \/>\n<link rel=\"canonical\" href=\"https:\/\/gombergdalfen.ca\/fr\/payez-ici\/\" \/>\n<meta property=\"og:locale\" content=\"fr_FR\" \/>\n<meta property=\"og:type\" content=\"article\" \/>\n<meta property=\"og:title\" content=\"Gomberg Dalfen S.E.N.C. - Payez ici\" \/>\n<meta property=\"og:description\" content=\"Avi Gomberg and Seth Dalfen formed the law firm Gomberg Dalfen in October 2000.\" \/>\n<meta property=\"og:url\" content=\"https:\/\/gombergdalfen.ca\/fr\/payez-ici\/\" \/>\n<meta property=\"og:site_name\" content=\"Gomberg Dalfen S.E.N.C.\" \/>\n<meta property=\"article:modified_time\" content=\"2025-12-02T17:49:36+00:00\" \/>\n<meta property=\"og:image\" content=\"https:\/\/gombergdalfen.ca\/wp-content\/uploads\/2020\/02\/website-thumbnail.jpg\" \/>\n\t<meta property=\"og:image:width\" content=\"925\" \/>\n\t<meta property=\"og:image:height\" content=\"768\" \/>\n\t<meta property=\"og:image:type\" content=\"image\/jpeg\" \/>\n<meta name=\"twitter:card\" content=\"summary_large_image\" \/>\n<meta name=\"twitter:label1\" content=\"Dur\u00e9e de lecture estim\u00e9e\" \/>\n\t<meta name=\"twitter:data1\" content=\"1 minute\" \/>\n<script type=\"application\/ld+json\" class=\"yoast-schema-graph\">{\"@context\":\"https:\\\/\\\/schema.org\",\"@graph\":[{\"@type\":\"WebPage\",\"@id\":\"https:\\\/\\\/gombergdalfen.ca\\\/fr\\\/payez-ici\\\/\",\"url\":\"https:\\\/\\\/gombergdalfen.ca\\\/fr\\\/payez-ici\\\/\",\"name\":\"Gomberg Dalfen S.E.N.C. - Payez ici\",\"isPartOf\":{\"@id\":\"https:\\\/\\\/gombergdalfen.ca\\\/#website\"},\"datePublished\":\"2020-07-28T13:46:07+00:00\",\"dateModified\":\"2025-12-02T17:49:36+00:00\",\"description\":\"Avi Gomberg and Seth Dalfen formed the law firm Gomberg Dalfen in October 2000.\",\"breadcrumb\":{\"@id\":\"https:\\\/\\\/gombergdalfen.ca\\\/fr\\\/payez-ici\\\/#breadcrumb\"},\"inLanguage\":\"fr-FR\",\"potentialAction\":[{\"@type\":\"ReadAction\",\"target\":[\"https:\\\/\\\/gombergdalfen.ca\\\/fr\\\/payez-ici\\\/\"]}]},{\"@type\":\"BreadcrumbList\",\"@id\":\"https:\\\/\\\/gombergdalfen.ca\\\/fr\\\/payez-ici\\\/#breadcrumb\",\"itemListElement\":[{\"@type\":\"ListItem\",\"position\":1,\"name\":\"Home\",\"item\":\"https:\\\/\\\/gombergdalfen.ca\\\/fr\\\/\"},{\"@type\":\"ListItem\",\"position\":2,\"name\":\"Payez ici\"}]},{\"@type\":\"WebSite\",\"@id\":\"https:\\\/\\\/gombergdalfen.ca\\\/#website\",\"url\":\"https:\\\/\\\/gombergdalfen.ca\\\/\",\"name\":\"Gomberg Dalfen S.E.N.C.\",\"description\":\"La loi sur l&#039;immigration\",\"publisher\":{\"@id\":\"https:\\\/\\\/gombergdalfen.ca\\\/#organization\"},\"potentialAction\":[{\"@type\":\"SearchAction\",\"target\":{\"@type\":\"EntryPoint\",\"urlTemplate\":\"https:\\\/\\\/gombergdalfen.ca\\\/?s={search_term_string}\"},\"query-input\":{\"@type\":\"PropertyValueSpecification\",\"valueRequired\":true,\"valueName\":\"search_term_string\"}}],\"inLanguage\":\"fr-FR\"},{\"@type\":\"Organization\",\"@id\":\"https:\\\/\\\/gombergdalfen.ca\\\/#organization\",\"name\":\"Gomberg Dalfen, S.E.N.C.\",\"url\":\"https:\\\/\\\/gombergdalfen.ca\\\/\",\"logo\":{\"@type\":\"ImageObject\",\"inLanguage\":\"fr-FR\",\"@id\":\"https:\\\/\\\/gombergdalfen.ca\\\/#\\\/schema\\\/logo\\\/image\\\/\",\"url\":\"https:\\\/\\\/gombergdalfen.ca\\\/wp-content\\\/uploads\\\/2019\\\/08\\\/logo.png\",\"contentUrl\":\"https:\\\/\\\/gombergdalfen.ca\\\/wp-content\\\/uploads\\\/2019\\\/08\\\/logo.png\",\"width\":750,\"height\":203,\"caption\":\"Gomberg Dalfen, S.E.N.C.\"},\"image\":{\"@id\":\"https:\\\/\\\/gombergdalfen.ca\\\/#\\\/schema\\\/logo\\\/image\\\/\"}}]}<\/script>\n<!-- \/ Yoast SEO plugin. -->","yoast_head_json":{"title":"Gomberg Dalfen S.E.N.C. - Payez ici","description":"Avi Gomberg and Seth Dalfen formed the law firm Gomberg Dalfen in October 2000.","robots":{"index":"index","follow":"follow","max-snippet":"max-snippet:-1","max-image-preview":"max-image-preview:large","max-video-preview":"max-video-preview:-1"},"canonical":"https:\/\/gombergdalfen.ca\/fr\/payez-ici\/","og_locale":"fr_FR","og_type":"article","og_title":"Gomberg Dalfen S.E.N.C. - Payez ici","og_description":"Avi Gomberg and Seth Dalfen formed the law firm Gomberg Dalfen in October 2000.","og_url":"https:\/\/gombergdalfen.ca\/fr\/payez-ici\/","og_site_name":"Gomberg Dalfen S.E.N.C.","article_modified_time":"2025-12-02T17:49:36+00:00","og_image":[{"width":925,"height":768,"url":"https:\/\/gombergdalfen.ca\/wp-content\/uploads\/2020\/02\/website-thumbnail.jpg","type":"image\/jpeg"}],"twitter_card":"summary_large_image","twitter_misc":{"Dur\u00e9e de lecture estim\u00e9e":"1 minute"},"schema":{"@context":"https:\/\/schema.org","@graph":[{"@type":"WebPage","@id":"https:\/\/gombergdalfen.ca\/fr\/payez-ici\/","url":"https:\/\/gombergdalfen.ca\/fr\/payez-ici\/","name":"Gomberg Dalfen S.E.N.C. - Payez ici","isPartOf":{"@id":"https:\/\/gombergdalfen.ca\/#website"},"datePublished":"2020-07-28T13:46:07+00:00","dateModified":"2025-12-02T17:49:36+00:00","description":"Avi Gomberg and Seth Dalfen formed the law firm Gomberg Dalfen in October 2000.","breadcrumb":{"@id":"https:\/\/gombergdalfen.ca\/fr\/payez-ici\/#breadcrumb"},"inLanguage":"fr-FR","potentialAction":[{"@type":"ReadAction","target":["https:\/\/gombergdalfen.ca\/fr\/payez-ici\/"]}]},{"@type":"BreadcrumbList","@id":"https:\/\/gombergdalfen.ca\/fr\/payez-ici\/#breadcrumb","itemListElement":[{"@type":"ListItem","position":1,"name":"Home","item":"https:\/\/gombergdalfen.ca\/fr\/"},{"@type":"ListItem","position":2,"name":"Payez ici"}]},{"@type":"WebSite","@id":"https:\/\/gombergdalfen.ca\/#website","url":"https:\/\/gombergdalfen.ca\/","name":"Gomberg Dalfen S.E.N.C.","description":"La loi sur l&#039;immigration","publisher":{"@id":"https:\/\/gombergdalfen.ca\/#organization"},"potentialAction":[{"@type":"SearchAction","target":{"@type":"EntryPoint","urlTemplate":"https:\/\/gombergdalfen.ca\/?s={search_term_string}"},"query-input":{"@type":"PropertyValueSpecification","valueRequired":true,"valueName":"search_term_string"}}],"inLanguage":"fr-FR"},{"@type":"Organization","@id":"https:\/\/gombergdalfen.ca\/#organization","name":"Gomberg Dalfen, S.E.N.C.","url":"https:\/\/gombergdalfen.ca\/","logo":{"@type":"ImageObject","inLanguage":"fr-FR","@id":"https:\/\/gombergdalfen.ca\/#\/schema\/logo\/image\/","url":"https:\/\/gombergdalfen.ca\/wp-content\/uploads\/2019\/08\/logo.png","contentUrl":"https:\/\/gombergdalfen.ca\/wp-content\/uploads\/2019\/08\/logo.png","width":750,"height":203,"caption":"Gomberg Dalfen, S.E.N.C."},"image":{"@id":"https:\/\/gombergdalfen.ca\/#\/schema\/logo\/image\/"}}]}},"_links":{"self":[{"href":"https:\/\/gombergdalfen.ca\/fr\/wp-json\/wp\/v2\/pages\/611","targetHints":{"allow":["GET"]}}],"collection":[{"href":"https:\/\/gombergdalfen.ca\/fr\/wp-json\/wp\/v2\/pages"}],"about":[{"href":"https:\/\/gombergdalfen.ca\/fr\/wp-json\/wp\/v2\/types\/page"}],"author":[{"embeddable":true,"href":"https:\/\/gombergdalfen.ca\/fr\/wp-json\/wp\/v2\/users\/2"}],"replies":[{"embeddable":true,"href":"https:\/\/gombergdalfen.ca\/fr\/wp-json\/wp\/v2\/comments?post=611"}],"version-history":[{"count":19,"href":"https:\/\/gombergdalfen.ca\/fr\/wp-json\/wp\/v2\/pages\/611\/revisions"}],"predecessor-version":[{"id":1853,"href":"https:\/\/gombergdalfen.ca\/fr\/wp-json\/wp\/v2\/pages\/611\/revisions\/1853"}],"wp:attachment":[{"href":"https:\/\/gombergdalfen.ca\/fr\/wp-json\/wp\/v2\/media?parent=611"}],"curies":[{"name":"wp","href":"https:\/\/api.w.org\/{rel}","templated":true}]}}