{"id":863,"date":"2021-07-01T13:34:10","date_gmt":"2021-07-01T17:34:10","guid":{"rendered":"https:\/\/gombergdalfen.ca\/?page_id=863"},"modified":"2025-12-02T15:38:14","modified_gmt":"2025-12-02T20:38:14","slug":"nos-publications","status":"publish","type":"page","link":"https:\/\/gombergdalfen.ca\/fr\/nos-publications\/","title":{"rendered":"Publications"},"content":{"rendered":"\t\t<div data-elementor-type=\"wp-page\" data-elementor-id=\"863\" class=\"elementor elementor-863\">\n\t\t\t\t\t\t<section class=\"elementor-section elementor-top-section elementor-element elementor-element-a720b7e elementor-section-stretched elementor-section-full_width elementor-section-height-min-height elementor-section-content-middle elementor-section-height-default elementor-section-items-middle\" data-id=\"a720b7e\" data-element_type=\"section\" data-settings=\"{&quot;stretch_section&quot;:&quot;section-stretched&quot;,&quot;background_background&quot;:&quot;classic&quot;}\">\n\t\t\t\t\t\t<div class=\"elementor-container elementor-column-gap-default\">\n\t\t\t\t\t<div class=\"elementor-column elementor-col-100 elementor-top-column elementor-element elementor-element-080bb71\" data-id=\"080bb71\" data-element_type=\"column\" data-settings=\"{&quot;background_background&quot;:&quot;classic&quot;}\">\n\t\t\t<div class=\"elementor-widget-wrap elementor-element-populated\">\n\t\t\t\t\t\t<div class=\"elementor-element elementor-element-2d20e8f elementor-widget elementor-widget-heading\" data-id=\"2d20e8f\" data-element_type=\"widget\" data-widget_type=\"heading.default\">\n\t\t\t\t<div class=\"elementor-widget-container\">\n\t\t\t\t\t<h1 class=\"elementor-heading-title elementor-size-default\">Publications<\/h1>\t\t\t\t<\/div>\n\t\t\t\t<\/div>\n\t\t\t\t<section class=\"elementor-section elementor-inner-section elementor-element elementor-element-bab4811 elementor-section-boxed elementor-section-height-default elementor-section-height-default\" data-id=\"bab4811\" data-element_type=\"section\">\n\t\t\t\t\t\t<div class=\"elementor-container elementor-column-gap-default\">\n\t\t\t\t\t<div class=\"elementor-column elementor-col-100 elementor-inner-column elementor-element elementor-element-2f2fec3\" data-id=\"2f2fec3\" data-element_type=\"column\">\n\t\t\t<div class=\"elementor-widget-wrap elementor-element-populated\">\n\t\t\t\t\t\t<div class=\"elementor-element elementor-element-1fcbb5e elementor-widget elementor-widget-text-editor\" data-id=\"1fcbb5e\" data-element_type=\"widget\" data-widget_type=\"text-editor.default\">\n\t\t\t\t<div class=\"elementor-widget-container\">\n\t\t\t\t\t\t\t\t\t<p>Notre succ\u00e8s passe par l\u2019\u00e9coute, l\u2019engagement et le savoir.<\/p>\t\t\t\t\t\t\t\t<\/div>\n\t\t\t\t<\/div>\n\t\t\t\t\t<\/div>\n\t\t<\/div>\n\t\t\t\t\t<\/div>\n\t\t<\/section>\n\t\t\t\t\t<\/div>\n\t\t<\/div>\n\t\t\t\t\t<\/div>\n\t\t<\/section>\n\t\t\t\t<section class=\"elementor-section elementor-top-section elementor-element elementor-element-43fdb79 elementor-section-boxed elementor-section-height-default elementor-section-height-default\" data-id=\"43fdb79\" data-element_type=\"section\">\n\t\t\t\t\t\t<div class=\"elementor-container elementor-column-gap-wider\">\n\t\t\t\t\t<div class=\"elementor-column elementor-col-100 elementor-top-column elementor-element elementor-element-0bbddec\" data-id=\"0bbddec\" data-element_type=\"column\">\n\t\t\t<div class=\"elementor-widget-wrap elementor-element-populated\">\n\t\t\t\t\t\t<div class=\"elementor-element elementor-element-725ac3c raven-advaned-posts-equal-height-yes elementor-widget elementor-widget-raven-advanced-posts\" data-id=\"725ac3c\" data-element_type=\"widget\" data-settings=\"{&quot;show_sortable&quot;:&quot;yes&quot;,&quot;query_posts_per_page&quot;:12,&quot;general_layout&quot;:&quot;grid&quot;,&quot;columns&quot;:&quot;3&quot;,&quot;columns_tablet&quot;:&quot;2&quot;,&quot;columns_mobile&quot;:&quot;1&quot;,&quot;show_all_title&quot;:&quot;yes&quot;,&quot;query_orderby&quot;:&quot;date&quot;,&quot;query_offset&quot;:0}\" data-widget_type=\"raven-advanced-posts.default\">\n\t\t\t\t<div class=\"elementor-widget-container\">\n\t\t\t\t\t\t\t<div class=\"raven-posts raven-posts-grid\">\n\t\t\t<div class=\"raven-sortable\"><div class=\"raven-sortable-items\"><a class=\"raven-sortable-item raven-sortable-active\" data-category=\"-1\" href=\"#\">TOUS<\/a><a class=\"raven-sortable-item\" data-category=\"22\" href=\"#\">Articles<\/a><a class=\"raven-sortable-item\" data-category=\"23\" href=\"#\">Bulletins juridiques<\/a><\/div><span class=\"raven-posts-sortable-preloader\"><\/span><\/div>\t\t\t<div class=\"advanced-posts-content content-layout-under-image raven-grid raven-grid-3 raven-grid-mobile-1 raven-grid-tablet-2  \" data-post-id=\"863\" data-archive-query=\"\">\n\t\t\t\t<div class=\"raven-posts-item raven-grid-item  \"><div class=\"raven-post-wrapper \"><div class=\"raven-post  \"><div class=\"raven-post-content-container\"><div class=\"raven-post-content\" data-id=\"1721\"><h2 class=\"raven-post-title\"><a class=\"raven-post-title-link\" href=\"https:\/\/gombergdalfen.ca\/fr\/les-gouvernements-du-canada-et-du-quebec-presentent-leurs-plans-dimmigration\/\">Les gouvernements du Canada et du Qu\u00e9bec pr\u00e9sentent leurs Plans d\u2019Immigration<\/a><\/h2><div class=\"raven-post-excerpt\">Le 4 novembre 2025, le gouvernement du Canada a publi\u00e9 son\u00a0Rapport annuel au Parlement sur l\u2019immigration. Ce rapport met en lumi\u00e8re les donn\u00e9es cl\u00e9s concernant l\u2019immigration canadienne de l\u2019ann\u00e9e pr\u00e9c\u00e9dente. Le m\u00eame jour, le gouvernement f\u00e9d\u00e9ral a \u00e9galement pr\u00e9sent\u00e9 son budget propos\u00e9 pour l\u2019immigration dans le cadre de son\u00a0plan budg\u00e9taire pour 2026-2028.<\/div><div class=\"raven-post-read-more\"><a class=\"raven-post-button\" href=\"https:\/\/gombergdalfen.ca\/fr\/les-gouvernements-du-canada-et-du-quebec-presentent-leurs-plans-dimmigration\/\"><span class=\"raven-post-button-text\">Lisez plus<\/span><\/a><\/div><\/div><\/div><\/div><\/div><\/div><div class=\"raven-posts-item raven-grid-item  \"><div class=\"raven-post-wrapper \"><div class=\"raven-post  \"><div class=\"raven-post-content-container\"><div class=\"raven-post-content\" data-id=\"1714\"><h2 class=\"raven-post-title\"><a class=\"raven-post-title-link\" href=\"https:\/\/gombergdalfen.ca\/fr\/changements-majeurs-concernant-la-citoyennete-canadienne-par-filiation\/\">Changements majeurs concernant la citoyennet\u00e9 canadienne par filiation<\/a><\/h2><div class=\"raven-post-excerpt\">Depuis plus d'une d\u00e9cennie, une r\u00e8gle restrictive \u2014 connue sous le nom de \u201climite de premi\u00e8re g\u00e9n\u00e9ration\u201d \u2014 emp\u00eachait de nombreux Canadiens de transmettre leur citoyennet\u00e9 \u00e0 leurs enfants n\u00e9s \u00e0 l\u2019\u00e9tranger. Cette barri\u00e8re a d\u00e9sormais \u00e9t\u00e9 lev\u00e9e, ouvrant la voie \u00e0 de nombreuses personnes pour transmettre leur citoyennet\u00e9 canadienne \u00e0 leurs descendants.<\/div><div class=\"raven-post-read-more\"><a class=\"raven-post-button\" href=\"https:\/\/gombergdalfen.ca\/fr\/changements-majeurs-concernant-la-citoyennete-canadienne-par-filiation\/\"><span class=\"raven-post-button-text\">Lisez plus<\/span><\/a><\/div><\/div><\/div><\/div><\/div><\/div><div class=\"raven-posts-item raven-grid-item  \"><div class=\"raven-post-wrapper \"><div class=\"raven-post  \"><div class=\"raven-post-content-container\"><div class=\"raven-post-content\" data-id=\"1431\"><h2 class=\"raven-post-title\"><a class=\"raven-post-title-link\" href=\"https:\/\/gombergdalfen.ca\/fr\/reouverture-du-programme-des-immigrants-investisseurs-du-quebec-par-le-gouvernement-du-quebec\/\">R\u00e9ouverture du Programme des immigrants investisseurs du Qu\u00e9bec par le gouvernement du Qu\u00e9bec<\/a><\/h2><div class=\"raven-post-excerpt\">Le gouvernement du Qu\u00e9bec a annonc\u00e9 la r\u00e9ouverture du Programme des immigrants investisseurs du Qu\u00e9bec (PIIQ) \u00e0 partir du 1er janvier 2024.<\/div><div class=\"raven-post-read-more\"><a class=\"raven-post-button\" href=\"https:\/\/gombergdalfen.ca\/fr\/reouverture-du-programme-des-immigrants-investisseurs-du-quebec-par-le-gouvernement-du-quebec\/\"><span class=\"raven-post-button-text\">Lisez plus<\/span><\/a><\/div><\/div><\/div><\/div><\/div><\/div><div class=\"raven-posts-item raven-grid-item  \"><div class=\"raven-post-wrapper \"><div class=\"raven-post  \"><div class=\"raven-post-content-container\"><div class=\"raven-post-content\" data-id=\"950\"><h2 class=\"raven-post-title\"><a class=\"raven-post-title-link\" href=\"https:\/\/gombergdalfen.ca\/fr\/criminal-inadmissibility-under-canadian-immigration-law\/\">Criminal Inadmissibility under Canadian Immigration Law<\/a><\/h2><div class=\"raven-post-excerpt\">Uniquement disponible en anglais. <\/div><div class=\"raven-post-read-more\"><a class=\"raven-post-button\" href=\"https:\/\/gombergdalfen.ca\/fr\/criminal-inadmissibility-under-canadian-immigration-law\/\"><span class=\"raven-post-button-text\">Lisez plus<\/span><\/a><\/div><\/div><\/div><\/div><\/div><\/div>\t\t\t<\/div>\n\t\t\t\t\t<\/div>\n\t\t\t\t\t\t<\/div>\n\t\t\t\t<\/div>\n\t\t\t\t\t<\/div>\n\t\t<\/div>\n\t\t\t\t\t<\/div>\n\t\t<\/section>\n\t\t\t\t<section class=\"elementor-section elementor-top-section elementor-element elementor-element-a93ac71 elementor-section-stretched elementor-section-boxed elementor-section-height-default elementor-section-height-default\" data-id=\"a93ac71\" data-element_type=\"section\" data-settings=\"{&quot;stretch_section&quot;:&quot;section-stretched&quot;,&quot;background_background&quot;:&quot;classic&quot;}\">\n\t\t\t\t\t\t<div class=\"elementor-container elementor-column-gap-wider\">\n\t\t\t\t\t<div class=\"elementor-column elementor-col-100 elementor-top-column elementor-element elementor-element-2d85106\" data-id=\"2d85106\" data-element_type=\"column\">\n\t\t\t<div class=\"elementor-widget-wrap elementor-element-populated\">\n\t\t\t\t\t\t<div class=\"elementor-element elementor-element-9f84e83 elementor-widget elementor-widget-text-editor\" data-id=\"9f84e83\" data-element_type=\"widget\" data-widget_type=\"text-editor.default\">\n\t\t\t\t<div class=\"elementor-widget-container\">\n\t\t\t\t\t\t\t\t\t<h4 style=\"text-align: center;\">Abonnez-vous au Bulletin p\u00e9riodique de Gomberg Dalfen S.E.N.C.<\/h4>\t\t\t\t\t\t\t\t<\/div>\n\t\t\t\t<\/div>\n\t\t\t\t<div class=\"elementor-element elementor-element-5f2f41d elementor-widget elementor-widget-shortcode\" data-id=\"5f2f41d\" data-element_type=\"widget\" data-widget_type=\"shortcode.default\">\n\t\t\t\t<div class=\"elementor-widget-container\">\n\t\t\t\t\t\t\t<div class=\"elementor-shortcode\"><div data-form-id=\"1845\" id=\"ctct-form-wrapper-0\" class=\"ctct-form-wrapper\"><form class=\"ctct-form ctct-form-1845 comment-form  has-recaptcha ctct-default\" id=\"ctct-form-2513520249\" data-doajax=\"on\" style=\"\" action=\"\" method=\"post\"><p class=\"ctct-form-field ctct-form-field-text ctct-form-field-required\"><span class=\"ctct-label-hidden\"><label for=\"first_name___a5f0cba62d6274607d6ad0260cd673b8_0_2162388722\">Pr\u00e9nom* <span class=\"ctct-required-indicatior\" title=\"This is a required field\">*<\/span><\/label><\/span><input required aria-required=\"true\"  type=\"text\" id=\"first_name___a5f0cba62d6274607d6ad0260cd673b8_0_2162388722\" name=\"first_name___a5f0cba62d6274607d6ad0260cd673b8\"  value=\"\" class=\"ctct-text ctct-label-hidden first_name___a5f0cba62d6274607d6ad0260cd673b8\" maxlength=\"255\" placeholder=\"\"   \/><\/p><p class=\"ctct-form-field ctct-form-field-text ctct-form-field-required\"><span class=\"ctct-label-hidden\"><label for=\"last_name___d41cddad85e6949b170e8cc982bee49b_0_2596026272\">Nom* <span class=\"ctct-required-indicatior\" title=\"This is a required field\">*<\/span><\/label><\/span><input required aria-required=\"true\"  type=\"text\" id=\"last_name___d41cddad85e6949b170e8cc982bee49b_0_2596026272\" name=\"last_name___d41cddad85e6949b170e8cc982bee49b\"  value=\"\" class=\"ctct-text ctct-label-hidden last_name___d41cddad85e6949b170e8cc982bee49b\" maxlength=\"255\" placeholder=\"\"   \/><\/p><p class=\"ctct-form-field ctct-form-field-email ctct-form-field-required\"><span class=\"ctct-label-hidden\"><label for=\"email___bbba6c79f816ed4bd91c888076bb7379_0_1123663532\">Courriel* <span class=\"ctct-required-indicatior\" title=\"This is a required field\">*<\/span><\/label><\/span><input required aria-required=\"true\"  type=\"email\" id=\"email___bbba6c79f816ed4bd91c888076bb7379_0_1123663532\" name=\"email___bbba6c79f816ed4bd91c888076bb7379\"  value=\"\" class=\"ctct-email ctct-label-hidden email___bbba6c79f816ed4bd91c888076bb7379\"  placeholder=\"\"   \/><\/p><div class='ctct-list-selector' style='display:none;'><div class=\"ctct-form-field ctct-form-field-checkbox ctct-form-field-required\"><fieldset><legend class=\"ctct-label-top\">Select list(s) to subscribe to<\/legend><input type=\"checkbox\" name=\"lists___ee6985a5a0815fbaf0f9b55379789cb7[]\" id=\"lists___ee6985a5a0815fbaf0f9b55379789cb7_0_0\" value=\"9e1025f4-be7c-11f0-a0f0-0242c7bc85e3\" class=\"ctct-checkbox ctct-label-right\" checked \/><span class=\"ctct-label-right\"><label for=\"lists___ee6985a5a0815fbaf0f9b55379789cb7_0_0\">GD Bulletins 2025<\/label><\/span><\/fieldset><\/div><\/div><p class=\"ctct-form-field ctct-form-field-checkbox\"><span class=\"ctct-input-container\"><input type=\"checkbox\"  name=\"ctct-opt-in\" class=\"ctct-checkbox ctct-opt-in\" value=\"1\" id=\"ctct-opt-in_0\" \/><label for=\"ctct-opt-in_0\"> &nbsp;&nbsp; Oui, je souhaite recevoir des courriels de Gomberg Dalfen S.E.N.C. (Vous pouvez vous d\u00e9sabonner \u00e0 tout moment)<\/label><\/span><\/p><div class=\"g-recaptcha\" data-sitekey=\"6Lc4MB8sAAAAAKEvJwcfLm5g0_PQMPTmO28Kk3dU\" data-callback=\"ctctEnableBtn\" data-expired-callback=\"ctctDisableBtn\" data-size=\"normal\"><\/div><p class=\"ctct-form-field ctct-form-field-submit\"><input aria-required=\"false\"  type=\"submit\" id=\"ctct-submitted_0_2392451765\" name=\"ctct-submitted\"  value=\"ENVOYER\" class=\"ctct-submit ctct-label-top ctct-submitted\"     \/><\/p><div class=\"ctct_usage\" style=\"border: 0 none; clip: rect( 0, 0, 0, 0 ); height: 1px; margin: -1px; overflow: hidden; padding: 0; position: absolute; width: 1px;\"><label for=\"ctct_usage_field\">Constant Contact Use. Please leave this field blank.<\/label><input type=\"text\" value=\"\" id=\"ctct_usage_field\" name=\"ctct_usage_field\" class=\"ctct_usage_field\" tabindex=\"-1\" \/><\/div><input type=\"hidden\" name=\"ctct-id\" value=\"1845\" \/><input type=\"hidden\" name=\"ctct-verify\" value=\"zQwuXaLvcJl6a4EIVOEIUtpSQ\" \/><input type=\"hidden\" name=\"ctct-instance\" value=\"0\" \/><input type=\"hidden\" name=\"ctct_time\" value=\"1776945172\" \/><input type=\"hidden\" name=\"ctct_must_opt_in\" value=\"yes\" \/><\/form><div class=\"ctct-disclosure\"><hr><small>By submitting this form, you are consenting to receive marketing emails from: Gomberg Dalfen S.E.N.C.. You can revoke your consent to receive emails at any time by using the SafeUnsubscribe&reg; link, found at the bottom of every email. <a href=\"https:\/\/www.constantcontact.com\/legal\/about-constant-contact\" target=\"_blank\" rel=\"noopener noreferrer\" aria-label=\"Emails are serviced by Constant Contact, opens a new window\">Emails are serviced by Constant Contact<\/a><\/small><\/div><script type=\"text\/javascript\">var ajaxurl = \"https:\/\/gombergdalfen.ca\/wp-admin\/admin-ajax.php\";<\/script><\/div><\/div>\n\t\t\t\t\t\t<\/div>\n\t\t\t\t<\/div>\n\t\t\t\t\t<\/div>\n\t\t<\/div>\n\t\t\t\t\t<\/div>\n\t\t<\/section>\n\t\t\t\t<\/div>\n\t\t","protected":false},"excerpt":{"rendered":"<p>Publications Notre succ\u00e8s passe par l\u2019\u00e9coute, l\u2019engagement et le savoir. TOUSArt\u00edculosBoletines legales Canadian and Quebec Governments Present Immigration Plans S\u00f3lo disponible en ingl\u00e9s y en franc\u00e9s.Lisez plus Major Changes to Canadian Citizenship by Descent S\u00f3lo disponible en ingl\u00e9s y en franc\u00e9s. Lisez plus Quebec Government to Reopen the Quebec Immigrant Investor Program S\u00f3lo disponible en [&hellip;]<\/p>\n","protected":false},"author":2,"featured_media":0,"parent":0,"menu_order":0,"comment_status":"closed","ping_status":"closed","template":"","meta":{"_acf_changed":false,"footnotes":""},"class_list":["post-863","page","type-page","status-publish","hentry"],"acf":[],"yoast_head":"<!-- This site is optimized with the Yoast SEO plugin v27.3 - https:\/\/yoast.com\/product\/yoast-seo-wordpress\/ -->\n<title>Publications<\/title>\n<meta name=\"description\" content=\"Please visit the links below to download our publications.\" \/>\n<meta name=\"robots\" content=\"index, follow, max-snippet:-1, max-image-preview:large, max-video-preview:-1\" \/>\n<link rel=\"canonical\" href=\"https:\/\/gombergdalfen.ca\/es\/publicaciones\/\" \/>\n<meta property=\"og:locale\" content=\"fr_FR\" \/>\n<meta property=\"og:type\" content=\"article\" \/>\n<meta property=\"og:title\" content=\"Publications\" \/>\n<meta property=\"og:description\" content=\"Please visit the links below to download our publications.\" \/>\n<meta property=\"og:url\" content=\"https:\/\/gombergdalfen.ca\/es\/publicaciones\/\" \/>\n<meta property=\"og:site_name\" content=\"Gomberg Dalfen S.E.N.C.\" \/>\n<meta property=\"article:modified_time\" content=\"2025-12-02T20:38:14+00:00\" \/>\n<meta property=\"og:image\" content=\"https:\/\/gombergdalfen.ca\/wp-content\/uploads\/2020\/02\/website-thumbnail.jpg\" \/>\n\t<meta property=\"og:image:width\" content=\"925\" \/>\n\t<meta property=\"og:image:height\" content=\"768\" \/>\n\t<meta property=\"og:image:type\" content=\"image\/jpeg\" \/>\n<meta name=\"twitter:card\" content=\"summary_large_image\" \/>\n<meta name=\"twitter:label1\" content=\"Dur\u00e9e de lecture estim\u00e9e\" \/>\n\t<meta name=\"twitter:data1\" content=\"1 minute\" \/>\n<script type=\"application\/ld+json\" class=\"yoast-schema-graph\">{\"@context\":\"https:\\\/\\\/schema.org\",\"@graph\":[{\"@type\":\"WebPage\",\"@id\":\"https:\\\/\\\/gombergdalfen.ca\\\/es\\\/publicaciones\\\/\",\"url\":\"https:\\\/\\\/gombergdalfen.ca\\\/es\\\/publicaciones\\\/\",\"name\":\"Publications\",\"isPartOf\":{\"@id\":\"https:\\\/\\\/gombergdalfen.ca\\\/#website\"},\"datePublished\":\"2021-07-01T17:34:10+00:00\",\"dateModified\":\"2025-12-02T20:38:14+00:00\",\"description\":\"Please visit the links below to download our publications.\",\"breadcrumb\":{\"@id\":\"https:\\\/\\\/gombergdalfen.ca\\\/es\\\/publicaciones\\\/#breadcrumb\"},\"inLanguage\":\"fr-FR\",\"potentialAction\":[{\"@type\":\"ReadAction\",\"target\":[\"https:\\\/\\\/gombergdalfen.ca\\\/es\\\/publicaciones\\\/\"]}]},{\"@type\":\"BreadcrumbList\",\"@id\":\"https:\\\/\\\/gombergdalfen.ca\\\/es\\\/publicaciones\\\/#breadcrumb\",\"itemListElement\":[{\"@type\":\"ListItem\",\"position\":1,\"name\":\"Home\",\"item\":\"https:\\\/\\\/gombergdalfen.ca\\\/fr\\\/\"},{\"@type\":\"ListItem\",\"position\":2,\"name\":\"Publications\"}]},{\"@type\":\"WebSite\",\"@id\":\"https:\\\/\\\/gombergdalfen.ca\\\/#website\",\"url\":\"https:\\\/\\\/gombergdalfen.ca\\\/\",\"name\":\"Gomberg Dalfen S.E.N.C.\",\"description\":\"La loi sur l&#039;immigration\",\"publisher\":{\"@id\":\"https:\\\/\\\/gombergdalfen.ca\\\/#organization\"},\"potentialAction\":[{\"@type\":\"SearchAction\",\"target\":{\"@type\":\"EntryPoint\",\"urlTemplate\":\"https:\\\/\\\/gombergdalfen.ca\\\/?s={search_term_string}\"},\"query-input\":{\"@type\":\"PropertyValueSpecification\",\"valueRequired\":true,\"valueName\":\"search_term_string\"}}],\"inLanguage\":\"fr-FR\"},{\"@type\":\"Organization\",\"@id\":\"https:\\\/\\\/gombergdalfen.ca\\\/#organization\",\"name\":\"Gomberg Dalfen, S.E.N.C.\",\"url\":\"https:\\\/\\\/gombergdalfen.ca\\\/\",\"logo\":{\"@type\":\"ImageObject\",\"inLanguage\":\"fr-FR\",\"@id\":\"https:\\\/\\\/gombergdalfen.ca\\\/#\\\/schema\\\/logo\\\/image\\\/\",\"url\":\"https:\\\/\\\/gombergdalfen.ca\\\/wp-content\\\/uploads\\\/2019\\\/08\\\/logo.png\",\"contentUrl\":\"https:\\\/\\\/gombergdalfen.ca\\\/wp-content\\\/uploads\\\/2019\\\/08\\\/logo.png\",\"width\":750,\"height\":203,\"caption\":\"Gomberg Dalfen, S.E.N.C.\"},\"image\":{\"@id\":\"https:\\\/\\\/gombergdalfen.ca\\\/#\\\/schema\\\/logo\\\/image\\\/\"}}]}<\/script>\n<!-- \/ Yoast SEO plugin. -->","yoast_head_json":{"title":"Publications","description":"Please visit the links below to download our publications.","robots":{"index":"index","follow":"follow","max-snippet":"max-snippet:-1","max-image-preview":"max-image-preview:large","max-video-preview":"max-video-preview:-1"},"canonical":"https:\/\/gombergdalfen.ca\/es\/publicaciones\/","og_locale":"fr_FR","og_type":"article","og_title":"Publications","og_description":"Please visit the links below to download our publications.","og_url":"https:\/\/gombergdalfen.ca\/es\/publicaciones\/","og_site_name":"Gomberg Dalfen S.E.N.C.","article_modified_time":"2025-12-02T20:38:14+00:00","og_image":[{"width":925,"height":768,"url":"https:\/\/gombergdalfen.ca\/wp-content\/uploads\/2020\/02\/website-thumbnail.jpg","type":"image\/jpeg"}],"twitter_card":"summary_large_image","twitter_misc":{"Dur\u00e9e de lecture estim\u00e9e":"1 minute"},"schema":{"@context":"https:\/\/schema.org","@graph":[{"@type":"WebPage","@id":"https:\/\/gombergdalfen.ca\/es\/publicaciones\/","url":"https:\/\/gombergdalfen.ca\/es\/publicaciones\/","name":"Publications","isPartOf":{"@id":"https:\/\/gombergdalfen.ca\/#website"},"datePublished":"2021-07-01T17:34:10+00:00","dateModified":"2025-12-02T20:38:14+00:00","description":"Please visit the links below to download our publications.","breadcrumb":{"@id":"https:\/\/gombergdalfen.ca\/es\/publicaciones\/#breadcrumb"},"inLanguage":"fr-FR","potentialAction":[{"@type":"ReadAction","target":["https:\/\/gombergdalfen.ca\/es\/publicaciones\/"]}]},{"@type":"BreadcrumbList","@id":"https:\/\/gombergdalfen.ca\/es\/publicaciones\/#breadcrumb","itemListElement":[{"@type":"ListItem","position":1,"name":"Home","item":"https:\/\/gombergdalfen.ca\/fr\/"},{"@type":"ListItem","position":2,"name":"Publications"}]},{"@type":"WebSite","@id":"https:\/\/gombergdalfen.ca\/#website","url":"https:\/\/gombergdalfen.ca\/","name":"Gomberg Dalfen S.E.N.C.","description":"La loi sur l&#039;immigration","publisher":{"@id":"https:\/\/gombergdalfen.ca\/#organization"},"potentialAction":[{"@type":"SearchAction","target":{"@type":"EntryPoint","urlTemplate":"https:\/\/gombergdalfen.ca\/?s={search_term_string}"},"query-input":{"@type":"PropertyValueSpecification","valueRequired":true,"valueName":"search_term_string"}}],"inLanguage":"fr-FR"},{"@type":"Organization","@id":"https:\/\/gombergdalfen.ca\/#organization","name":"Gomberg Dalfen, S.E.N.C.","url":"https:\/\/gombergdalfen.ca\/","logo":{"@type":"ImageObject","inLanguage":"fr-FR","@id":"https:\/\/gombergdalfen.ca\/#\/schema\/logo\/image\/","url":"https:\/\/gombergdalfen.ca\/wp-content\/uploads\/2019\/08\/logo.png","contentUrl":"https:\/\/gombergdalfen.ca\/wp-content\/uploads\/2019\/08\/logo.png","width":750,"height":203,"caption":"Gomberg Dalfen, S.E.N.C."},"image":{"@id":"https:\/\/gombergdalfen.ca\/#\/schema\/logo\/image\/"}}]}},"_links":{"self":[{"href":"https:\/\/gombergdalfen.ca\/fr\/wp-json\/wp\/v2\/pages\/863","targetHints":{"allow":["GET"]}}],"collection":[{"href":"https:\/\/gombergdalfen.ca\/fr\/wp-json\/wp\/v2\/pages"}],"about":[{"href":"https:\/\/gombergdalfen.ca\/fr\/wp-json\/wp\/v2\/types\/page"}],"author":[{"embeddable":true,"href":"https:\/\/gombergdalfen.ca\/fr\/wp-json\/wp\/v2\/users\/2"}],"replies":[{"embeddable":true,"href":"https:\/\/gombergdalfen.ca\/fr\/wp-json\/wp\/v2\/comments?post=863"}],"version-history":[{"count":55,"href":"https:\/\/gombergdalfen.ca\/fr\/wp-json\/wp\/v2\/pages\/863\/revisions"}],"predecessor-version":[{"id":1871,"href":"https:\/\/gombergdalfen.ca\/fr\/wp-json\/wp\/v2\/pages\/863\/revisions\/1871"}],"wp:attachment":[{"href":"https:\/\/gombergdalfen.ca\/fr\/wp-json\/wp\/v2\/media?parent=863"}],"curies":[{"name":"wp","href":"https:\/\/api.w.org\/{rel}","templated":true}]}}